{"id":27,"date":"2015-09-01T12:09:42","date_gmt":"2015-09-01T09:09:42","guid":{"rendered":"http:\/\/www.zirve-yapi.com.tr\/?page_id=27"},"modified":"2024-11-11T15:31:02","modified_gmt":"2024-11-11T12:31:02","slug":"iletisim","status":"publish","type":"page","link":"https:\/\/www.zirve-yapi.com.tr\/zirve\/iletisim\/","title":{"rendered":"\u0130leti\u015fim"},"content":{"rendered":"\n  <div class=\"banner has-hover bg-zoom bg-zoom\" id=\"banner-766978153\">\n          <div class=\"banner-inner fill\">\n        <div class=\"banner-bg fill\" >\n            <div class=\"bg fill bg-fill \"><\/div>\n                        <div class=\"overlay\"><\/div>            \n                    <\/div><!-- bg-layers -->\n        <div class=\"banner-layers container\">\n            <div class=\"fill banner-link\"><\/div>            \n   <div id=\"text-box-1692765983\" class=\"text-box banner-layer x50 md-x50 lg-x50 y50 md-y50 lg-y50 res-text\">\n                                <div class=\"text dark\">\n              \n              <div class=\"text-inner text-center\">\n                  \n<h3 class=\"color-content\"><strong><span class=\"title font-title\">Zirve Technical &#8211; Detaylarda Sakl\u0131 M\u00fckemmellik<\/span><\/strong><\/h3>\n<div class=\"flex max-w-full flex-col flex-grow\">\n<div class=\"min-h-8 text-message flex w-full flex-col items-end gap-2 whitespace-normal break-words &#091;.text-message+&amp;&#093;:mt-5\" dir=\"auto\" data-message-author-role=\"assistant\" data-message-id=\"fadd96bd-e2be-4343-82af-1b9b011db744\">\n<div class=\"flex w-full flex-col gap-1 empty:hidden first:pt-&#091;3px&#093;\">\n<div class=\"markdown prose w-full break-words dark:prose-invert light\">\n<div class=\"flex max-w-full flex-col flex-grow\">\n<div class=\"min-h-8 text-message flex w-full flex-col items-end gap-2 whitespace-normal break-words &#091;.text-message+&amp;&#093;:mt-5\" dir=\"auto\" data-message-author-role=\"assistant\" data-message-id=\"68148c92-0ab4-4350-b839-d2a402969eb0\">\n<div class=\"flex w-full flex-col gap-1 empty:hidden first:pt-&#091;3px&#093;\">\n<div class=\"markdown prose w-full break-words dark:prose-invert light\">\n<p>Zirve Technical olarak, end\u00fcstriyel ba\u011flant\u0131 ve montaj \u00fcr\u00fcnleri alan\u0131nda y\u00fcksek kalite ve g\u00fcvenilirlik sunarak m\u00fc\u015fterilerimize en iyi \u00e7\u00f6z\u00fcmleri sa\u011flamay\u0131 hedefliyoruz. Elektrof\u00fczyon, enjeksiyon, konfeksiyon \u00fcr\u00fcnleri, ge\u00e7i\u015f adapt\u00f6rleri ve \u00e7elik flan\u015flar gibi bir\u00e7ok \u00fcr\u00fcn grubunda uzmanla\u015fm\u0131\u015f olan firmam\u0131z, modern end\u00fcstrinin gerektirdi\u011fi t\u00fcm kalite standartlar\u0131n\u0131 kar\u015f\u0131layan \u00e7\u00f6z\u00fcmler sunmaktad\u0131r.<\/p>\n<\/div>\n<\/div>\n<\/div>\n<\/div>\n<\/div>\n<\/div>\n<\/div>\n<\/div>\n              <\/div>\n           <\/div><!-- text-box-inner -->\n                            \n<style scope=\"scope\">\n\n#text-box-1692765983 {\n  width: 89%;\n}\n#text-box-1692765983 .text {\n  font-size: 100%;\n}\n<\/style>\n    <\/div><!-- text-box -->\n \n        <\/div><!-- .banner-layers -->\n      <\/div><!-- .banner-inner -->\n\n            \n<style scope=\"scope\">\n\n#banner-766978153 {\n  padding-top: 400px;\n}\n#banner-766978153 .bg.bg-loaded {\n  background-image: url(https:\/\/www.zirve-yapi.com.tr\/zirve\/wp-content\/uploads\/Slayt.jpg);\n}\n#banner-766978153 .overlay {\n  background-color: rgba(0, 0, 0, 0.58);\n}\n#banner-766978153 .bg {\n  background-position: 72% 33%;\n}\n<\/style>\n  <\/div><!-- .banner -->\n\n\n\t<section class=\"section\" id=\"section_260438336\">\n\t\t<div class=\"bg section-bg fill bg-fill  bg-loaded\" >\n\n\t\t\t\n\t\t\t\n\t\t\t\n\n\t\t<\/div><!-- .section-bg -->\n\n\t\t<div class=\"section-content relative\">\n\t\t\t\n<div class=\"row\"  id=\"row-1501703276\">\n<div class=\"col small-12 large-12\"  ><div class=\"col-inner\"  >\n<p>Adres:\u00a0<strong>Abdurrahmangazi Mh. Belediye Cd. Semerkant Sk. No: 3\/4 Sultanbeyli,\u00a034920 \u0130stanbul,TR<\/strong><\/p>\n<p>Tel: \u00a0\u00a0\u00a0<strong>+90 216 592 07 07<\/strong><\/p>\n<p>Gsm: <strong>+90 544 592 06 07<\/strong><\/p>\n<p>Fax:\u00a0\u00a0<strong>+90 216 592 07 07<\/strong><\/p>\n<p>E-posta:\u00a0<strong><a href=\"mailto: info@zirve-yapi.com.tr\">info@zirve-yapi.com.tr<\/a><\/strong><\/p>\n<\/div><\/div>\n<\/div>\n\t\t<\/div><!-- .section-content -->\n\n\t\t\n<style scope=\"scope\">\n\n#section_260438336 {\n  padding-top: 30px;\n  padding-bottom: 30px;\n  background-color: rgb(255, 255, 255);\n}\n<\/style>\n\t<\/section>\n\t\n\n  <div class=\"banner has-hover bg-zoom bg-zoom has-video\" id=\"banner-1551886544\">\n          <div class=\"banner-inner fill\">\n        <div class=\"banner-bg fill\" >\n            <div class=\"bg fill bg-fill \"><\/div>\n            \t<div class=\"video-overlay no-click fill visible\"><\/div>\n\t<video class=\"video-bg fill visible\" preload playsinline autoplay\n\t\tmuted\t\tloop>\n\t\t<source src=\"https:\/\/r3---sn-nv47lnsy.googlevideo.com\/videoplayback?expire=1727975969&amp;ei=Abb-Zr2aNsOWsvQPx4jigQo&amp;ip=78.174.125.77&amp;id=e6206ce0682b5285&amp;itag=18&amp;source=picasa&amp;begin=0&amp;requiressl=yes&amp;xpc=Eghoy-b0JXoBAQ==&amp;mh=Wv&amp;mm=32&amp;mn=sn-nv47lnsy&amp;ms=su&amp;mv=m&amp;mvi=3&amp;pl=22&amp;sc=yes&amp;susc=ph&amp;app=fife&amp;ic=945&amp;pcm2=yes&amp;mime=video\/mp4&amp;vprv=1&amp;prv=1&amp;rqh=1&amp;dur=11.888&amp;lmt=1702681353886455&amp;mt=1727968359&amp;txp=0000224&amp;sparams=expire,ei,ip,id,itag,source,requiressl,xpc,susc,app,ic,pcm2,mime,vprv,prv,rqh,dur,lmt&amp;sig=AJfQdSswRQIgdJ_5uuz0Jh62RtxcSsl71h8UDQ8R8EMN9UiQZvphGqkCIQDLb_X5tjX_1fZtQB_EcZMzdB5i-vh3vfxLB5h6rJ7_dA==&amp;lsparams=mh,mm,mn,ms,mv,mvi,pl,sc&amp;lsig=ABPmVW0wRAIgRH3O4EPc4Jh-erVB2P8skrZv5CTGnDh9bHoKNBgNtRwCICDCh_2qCrOIscGB2wIHbB_YOvy7m5bfK71PmlMrt33L\" type=\"video\/mp4\">\t<\/video>\n            <div class=\"overlay\"><\/div>            \n                    <\/div><!-- bg-layers -->\n        <div class=\"banner-layers container\">\n            <div class=\"fill banner-link\"><\/div>            \n   <div id=\"text-box-405156805\" class=\"text-box banner-layer x50 md-x50 lg-x50 y50 md-y50 lg-y50 res-text\">\n                                <div class=\"text dark\">\n              \n              <div class=\"text-inner text-center\">\n                  \n<h3>Neden Zirve Technical?<\/h3>\n<div class=\"flex max-w-full flex-col flex-grow\">\n<div class=\"min-h-8 text-message flex w-full flex-col items-end gap-2 whitespace-normal break-words &#091;.text-message+&amp;&#093;:mt-5\" dir=\"auto\" data-message-author-role=\"assistant\" data-message-id=\"85accbf7-dabd-4d5f-a993-815d2e3ff0bc\" data-message-model-slug=\"gpt-4o\">\n<div class=\"flex w-full flex-col gap-1 empty:hidden first:pt-&#091;3px&#093;\">\n<div class=\"markdown prose w-full break-words dark:prose-invert light\">\n<p>Zirve Technical, kalite, yenilik ve m\u00fc\u015fteri memnuniyeti konusunda kendini kan\u0131tlam\u0131\u015f bir markad\u0131r. Geni\u015f \u00fcr\u00fcn yelpazemiz, bir\u00e7ok sanayi dal\u0131n\u0131n ihtiya\u00e7lar\u0131n\u0131 kar\u015f\u0131lamakta, her \u00fcr\u00fcn\u00fcm\u00fcz en y\u00fcksek kalite standartlar\u0131na uygun \u015fekilde sunulmaktad\u0131r. Zirve Technical ile g\u00fcvenilirlik, sa\u011flaml\u0131k ve hassasiyetten \u00f6d\u00fcn vermeyen \u00fcr\u00fcnlere sahip olabilirsiniz.<\/p>\n<\/div>\n<\/div>\n<\/div>\n<\/div>\n              <\/div>\n           <\/div><!-- text-box-inner -->\n                            \n<style scope=\"scope\">\n\n#text-box-405156805 {\n  width: 85%;\n}\n#text-box-405156805 .text {\n  font-size: 100%;\n}\n<\/style>\n    <\/div><!-- text-box -->\n \n        <\/div><!-- .banner-layers -->\n      <\/div><!-- .banner-inner -->\n\n            \n<style scope=\"scope\">\n\n#banner-1551886544 {\n  padding-top: 299px;\n}\n#banner-1551886544 .bg.bg-loaded {\n  background-image: url(https:\/\/www.zirve-yapi.com.tr\/zirve\/wp-content\/uploads\/alin-kaynak-makinesi1.jpg);\n}\n#banner-1551886544 .overlay {\n  background-color: rgba(0, 0, 0, 0.63);\n}\n#banner-1551886544 .bg {\n  background-position: 54% 74%;\n}\n<\/style>\n  <\/div><!-- .banner -->\n\n\n","protected":false},"excerpt":{"rendered":"","protected":false},"author":1,"featured_media":0,"parent":0,"menu_order":0,"comment_status":"closed","ping_status":"closed","template":"page-blank.php","meta":{"footnotes":""},"class_list":["post-27","page","type-page","status-publish","hentry"],"_links":{"self":[{"href":"https:\/\/www.zirve-yapi.com.tr\/zirve\/wp-json\/wp\/v2\/pages\/27"}],"collection":[{"href":"https:\/\/www.zirve-yapi.com.tr\/zirve\/wp-json\/wp\/v2\/pages"}],"about":[{"href":"https:\/\/www.zirve-yapi.com.tr\/zirve\/wp-json\/wp\/v2\/types\/page"}],"author":[{"embeddable":true,"href":"https:\/\/www.zirve-yapi.com.tr\/zirve\/wp-json\/wp\/v2\/users\/1"}],"replies":[{"embeddable":true,"href":"https:\/\/www.zirve-yapi.com.tr\/zirve\/wp-json\/wp\/v2\/comments?post=27"}],"version-history":[{"count":13,"href":"https:\/\/www.zirve-yapi.com.tr\/zirve\/wp-json\/wp\/v2\/pages\/27\/revisions"}],"predecessor-version":[{"id":772,"href":"https:\/\/www.zirve-yapi.com.tr\/zirve\/wp-json\/wp\/v2\/pages\/27\/revisions\/772"}],"wp:attachment":[{"href":"https:\/\/www.zirve-yapi.com.tr\/zirve\/wp-json\/wp\/v2\/media?parent=27"}],"curies":[{"name":"wp","href":"https:\/\/api.w.org\/{rel}","templated":true}]}}