{"id":697,"date":"2024-11-11T13:53:38","date_gmt":"2024-11-11T10:53:38","guid":{"rendered":"https:\/\/www.zirve-yapi.com.tr\/zirve\/?post_type=product&#038;p=697"},"modified":"2024-11-11T13:53:38","modified_gmt":"2024-11-11T10:53:38","slug":"pe100-ef-manson","status":"publish","type":"product","link":"https:\/\/www.zirve-yapi.com.tr\/zirve\/urun\/pe100-ef-manson\/","title":{"rendered":"PE100-EF Man\u015fon"},"content":{"rendered":"<table class=\"table table-striped\">\n<tbody>\n<tr>\n<td><strong>d<\/strong><\/td>\n<td><strong>bas\u0131n\u00e7 (bar)<\/strong><\/td>\n<td><strong>D (mm)<\/strong><\/td>\n<td><strong>L (mm)<\/strong><\/td>\n<td><strong>kg<\/strong><\/td>\n<\/tr>\n<tr>\n<td>20<\/td>\n<td>pn16<\/td>\n<td>32<\/td>\n<td>61<\/td>\n<td>0,034<\/td>\n<\/tr>\n<tr>\n<td>25<\/td>\n<td>pn16<\/td>\n<td>42<\/td>\n<td>74<\/td>\n<td>0,063<\/td>\n<\/tr>\n<tr>\n<td>32<\/td>\n<td>pn16<\/td>\n<td>47<\/td>\n<td>78<\/td>\n<td>0,067<\/td>\n<\/tr>\n<tr>\n<td>40<\/td>\n<td>pn16<\/td>\n<td>58<\/td>\n<td>88<\/td>\n<td>0,106<\/td>\n<\/tr>\n<tr>\n<td>50<\/td>\n<td>pn16<\/td>\n<td>71<\/td>\n<td>99<\/td>\n<td>0,153<\/td>\n<\/tr>\n<tr>\n<td>63<\/td>\n<td>pn16<\/td>\n<td>81<\/td>\n<td>107<\/td>\n<td>0,203<\/td>\n<\/tr>\n<tr>\n<td>75<\/td>\n<td>pn16<\/td>\n<td>97<\/td>\n<td>120<\/td>\n<td>0,319<\/td>\n<\/tr>\n<tr>\n<td>90<\/td>\n<td>pn16<\/td>\n<td>111<\/td>\n<td>123<\/td>\n<td>0,370<\/td>\n<\/tr>\n<tr>\n<td>110<\/td>\n<td>pn16<\/td>\n<td>133<\/td>\n<td>141<\/td>\n<td>0,600<\/td>\n<\/tr>\n<tr>\n<td>125<\/td>\n<td>pn16<\/td>\n<td>156<\/td>\n<td>168<\/td>\n<td>0,905<\/td>\n<\/tr>\n<tr>\n<td>140<\/td>\n<td>pn16<\/td>\n<td>181<\/td>\n<td>172<\/td>\n<td>1,378<\/td>\n<\/tr>\n<tr>\n<td>160<\/td>\n<td>pn16<\/td>\n<td>190<\/td>\n<td>178<\/td>\n<td>1,320<\/td>\n<\/tr>\n<tr>\n<td>180<\/td>\n<td>pn16<\/td>\n<td>217<\/td>\n<td>202<\/td>\n<td>2,112<\/td>\n<\/tr>\n<tr>\n<td>200<\/td>\n<td>pn16<\/td>\n<td>246<\/td>\n<td>198<\/td>\n<td>2,664<\/td>\n<\/tr>\n<tr>\n<td>225<\/td>\n<td>pn16<\/td>\n<td>267<\/td>\n<td>213<\/td>\n<td>3,240<\/td>\n<\/tr>\n<tr>\n<td>250<\/td>\n<td>pn16<\/td>\n<td>308<\/td>\n<td>231<\/td>\n<td>5,757<\/td>\n<\/tr>\n<tr>\n<td>280<\/td>\n<td>pn16<\/td>\n<td>345<\/td>\n<td>224<\/td>\n<td>6,934<\/td>\n<\/tr>\n<tr>\n<td>315<\/td>\n<td>pn16<\/td>\n<td>390<\/td>\n<td>237<\/td>\n<td>8,700<\/td>\n<\/tr>\n<tr>\n<td>355<\/td>\n<td>pn16<\/td>\n<td>437<\/td>\n<td>260<\/td>\n<td>12,300<\/td>\n<\/tr>\n<tr>\n<td>400<\/td>\n<td>pn16<\/td>\n<td>492<\/td>\n<td>280<\/td>\n<td>16,300<\/td>\n<\/tr>\n<tr>\n<td>450<\/td>\n<td>pn16<\/td>\n<td>552<\/td>\n<td>300<\/td>\n<td>22,500<\/td>\n<\/tr>\n<tr>\n<td>500<\/td>\n<td>pn16<\/td>\n<td>614<\/td>\n<td>300<\/td>\n<td>32,300<\/td>\n<\/tr>\n<tr>\n<td>560<\/td>\n<td>pn16<\/td>\n<td>687<\/td>\n<td>300<\/td>\n<td>41,700<\/td>\n<\/tr>\n<tr>\n<td>630<\/td>\n<td>pn16<\/td>\n<td>785<\/td>\n<td>400<\/td>\n<td>63,400<\/td>\n<\/tr>\n<tr>\n<td>710<\/td>\n<td>pn16<\/td>\n<td>880<\/td>\n<td>400<\/td>\n<td>79,350<\/td>\n<\/tr>\n<\/tbody>\n<\/table>\n","protected":false},"excerpt":{"rendered":"<p>EF Man\u015fon, \u00f6zellikle gaz ve s\u0131v\u0131 boru hatlar\u0131nda kullan\u0131l\u0131r. Bu ba\u011flant\u0131 par\u00e7as\u0131, ayn\u0131 \u00e7aptaki iki PE100 veya PE80 boruyu birle\u015ftirmek i\u00e7in kullan\u0131l\u0131r. Elektrof\u00fczyon kaynak y\u00f6ntemiyle, ef man\u015fon i\u00e7indeki rezistanslara ak\u0131m uygulanarak olu\u015fan \u0131s\u0131 sayesinde, man\u015fonun ve borular\u0131n birbirine deyen y\u00fczeylerinin eriyerek yap\u0131\u015fmas\u0131n\u0131 sa\u011flar.<\/p>\n","protected":false},"featured_media":698,"comment_status":"open","ping_status":"closed","template":"","meta":[],"product_cat":[23],"product_tag":[],"class_list":{"0":"post-697","1":"product","2":"type-product","3":"status-publish","4":"has-post-thumbnail","6":"product_cat-elektrofuzyon","8":"first","9":"instock","10":"shipping-taxable","11":"product-type-external"},"_links":{"self":[{"href":"https:\/\/www.zirve-yapi.com.tr\/zirve\/wp-json\/wp\/v2\/product\/697"}],"collection":[{"href":"https:\/\/www.zirve-yapi.com.tr\/zirve\/wp-json\/wp\/v2\/product"}],"about":[{"href":"https:\/\/www.zirve-yapi.com.tr\/zirve\/wp-json\/wp\/v2\/types\/product"}],"replies":[{"embeddable":true,"href":"https:\/\/www.zirve-yapi.com.tr\/zirve\/wp-json\/wp\/v2\/comments?post=697"}],"wp:featuredmedia":[{"embeddable":true,"href":"https:\/\/www.zirve-yapi.com.tr\/zirve\/wp-json\/wp\/v2\/media\/698"}],"wp:attachment":[{"href":"https:\/\/www.zirve-yapi.com.tr\/zirve\/wp-json\/wp\/v2\/media?parent=697"}],"wp:term":[{"taxonomy":"product_cat","embeddable":true,"href":"https:\/\/www.zirve-yapi.com.tr\/zirve\/wp-json\/wp\/v2\/product_cat?post=697"},{"taxonomy":"product_tag","embeddable":true,"href":"https:\/\/www.zirve-yapi.com.tr\/zirve\/wp-json\/wp\/v2\/product_tag?post=697"}],"curies":[{"name":"wp","href":"https:\/\/api.w.org\/{rel}","templated":true}]}}