{"id":706,"date":"2024-11-11T14:57:51","date_gmt":"2024-11-11T11:57:51","guid":{"rendered":"https:\/\/www.zirve-yapi.com.tr\/zirve\/?post_type=product&#038;p=706"},"modified":"2024-11-11T14:57:51","modified_gmt":"2024-11-11T11:57:51","slug":"pe-100-ef-45-dirsek","status":"publish","type":"product","link":"https:\/\/www.zirve-yapi.com.tr\/zirve\/urun\/pe-100-ef-45-dirsek\/","title":{"rendered":"PE-100 EF 45\u00b0 D\u0130RSEK"},"content":{"rendered":"<table class=\"table table-striped\" border=\"0\" width=\"320\" cellspacing=\"0\" cellpadding=\"0\">\n<tbody>\n<tr>\n<td class=\"xl67\" width=\"64\" height=\"77\"><strong>d<\/strong><\/td>\n<td class=\"xl64\" width=\"64\"><strong>bas\u0131n\u00e7 (bar) bas\u0131n\u00e7 (bar)<\/strong><\/td>\n<td class=\"xl65\" width=\"64\"><strong>kg<\/strong><\/td>\n<td class=\"xl63\" width=\"64\"><strong>L (mm)<\/strong><\/td>\n<td class=\"xl68\" width=\"64\"><strong>Z (mm)<\/strong><\/td>\n<\/tr>\n<tr>\n<td class=\"xl69\" height=\"19\">32<\/td>\n<td class=\"xl66\">pn16<\/td>\n<td class=\"xl66\">0,08<\/td>\n<td class=\"xl66\">95<\/td>\n<td class=\"xl70\">39<\/td>\n<\/tr>\n<tr>\n<td class=\"xl69\" height=\"19\">40<\/td>\n<td class=\"xl66\">pn16<\/td>\n<td class=\"xl66\">0,1<\/td>\n<td class=\"xl66\">108<\/td>\n<td class=\"xl70\">42<\/td>\n<\/tr>\n<tr>\n<td class=\"xl69\" height=\"19\">50<\/td>\n<td class=\"xl66\">pn16<\/td>\n<td class=\"xl66\">0,134<\/td>\n<td class=\"xl66\">124<\/td>\n<td class=\"xl70\">45<\/td>\n<\/tr>\n<tr>\n<td class=\"xl69\" height=\"19\">63<\/td>\n<td class=\"xl66\">pn16<\/td>\n<td class=\"xl66\">0,25<\/td>\n<td class=\"xl66\">137<\/td>\n<td class=\"xl70\">50<\/td>\n<\/tr>\n<tr>\n<td class=\"xl69\" height=\"19\">75<\/td>\n<td class=\"xl66\">pn16<\/td>\n<td class=\"xl66\">0,427<\/td>\n<td class=\"xl66\">165<\/td>\n<td class=\"xl70\">62<\/td>\n<\/tr>\n<tr>\n<td class=\"xl69\" height=\"19\">90<\/td>\n<td class=\"xl66\">pn16<\/td>\n<td class=\"xl66\">0,765<\/td>\n<td class=\"xl66\">192<\/td>\n<td class=\"xl70\">82<\/td>\n<\/tr>\n<tr>\n<td class=\"xl69\" height=\"19\">110<\/td>\n<td class=\"xl66\">pn16<\/td>\n<td class=\"xl66\">0,894<\/td>\n<td class=\"xl66\">213<\/td>\n<td class=\"xl70\">75<\/td>\n<\/tr>\n<tr>\n<td class=\"xl69\" height=\"19\">125<\/td>\n<td class=\"xl66\">pn16<\/td>\n<td class=\"xl66\">1,22<\/td>\n<td class=\"xl66\">240<\/td>\n<td class=\"xl70\">81<\/td>\n<\/tr>\n<tr>\n<td class=\"xl69\" height=\"19\">160<\/td>\n<td class=\"xl66\">pn16<\/td>\n<td class=\"xl66\">2,674<\/td>\n<td class=\"xl66\">320<\/td>\n<td class=\"xl70\">105<\/td>\n<\/tr>\n<tr>\n<td class=\"xl71\" height=\"20\">180<\/td>\n<td class=\"xl72\">pn16<\/td>\n<td class=\"xl72\">3,266<\/td>\n<td class=\"xl72\">320<\/td>\n<td class=\"xl73\">105<\/td>\n<\/tr>\n<\/tbody>\n<\/table>\n","protected":false},"excerpt":{"rendered":"<div class=\"elementor-element elementor-element-8fcfb56 elementor-widget elementor-widget-text-editor\" data-id=\"8fcfb56\" data-element_type=\"widget\" data-widget_type=\"text-editor.default\">\n<div class=\"elementor-widget-container\">\n<p>EF Dirsekler, PE100 hammaddesinden, standartlara uygun olarak, belirli \u00e7aplarda ve belirli a\u00e7\u0131larda, EF kaynak y\u00f6ntemine uygun rezistans teli yerle\u015ftirilerek \u00fcretilen boru ek par\u00e7alar\u0131d\u0131r. Ayn\u0131 \u00e7aptaki iki PE100 boruyu 90\u00ba, 60\u00ba, 45\u00ba, 30\u00ba, 22,5\u00ba veya 11,25\u00ba\u00a0\u00a0a\u00e7\u0131 ile istenilen y\u00f6nde d\u00f6nd\u00fcrmek i\u00e7in kullan\u0131l\u0131r.<\/p>\n<\/div>\n<\/div>\n","protected":false},"featured_media":707,"comment_status":"open","ping_status":"closed","template":"","meta":[],"product_cat":[23],"product_tag":[],"class_list":{"0":"post-706","1":"product","2":"type-product","3":"status-publish","4":"has-post-thumbnail","6":"product_cat-elektrofuzyon","8":"first","9":"instock","10":"shipping-taxable","11":"product-type-external"},"_links":{"self":[{"href":"https:\/\/www.zirve-yapi.com.tr\/zirve\/wp-json\/wp\/v2\/product\/706"}],"collection":[{"href":"https:\/\/www.zirve-yapi.com.tr\/zirve\/wp-json\/wp\/v2\/product"}],"about":[{"href":"https:\/\/www.zirve-yapi.com.tr\/zirve\/wp-json\/wp\/v2\/types\/product"}],"replies":[{"embeddable":true,"href":"https:\/\/www.zirve-yapi.com.tr\/zirve\/wp-json\/wp\/v2\/comments?post=706"}],"wp:featuredmedia":[{"embeddable":true,"href":"https:\/\/www.zirve-yapi.com.tr\/zirve\/wp-json\/wp\/v2\/media\/707"}],"wp:attachment":[{"href":"https:\/\/www.zirve-yapi.com.tr\/zirve\/wp-json\/wp\/v2\/media?parent=706"}],"wp:term":[{"taxonomy":"product_cat","embeddable":true,"href":"https:\/\/www.zirve-yapi.com.tr\/zirve\/wp-json\/wp\/v2\/product_cat?post=706"},{"taxonomy":"product_tag","embeddable":true,"href":"https:\/\/www.zirve-yapi.com.tr\/zirve\/wp-json\/wp\/v2\/product_tag?post=706"}],"curies":[{"name":"wp","href":"https:\/\/api.w.org\/{rel}","templated":true}]}}