{"id":716,"date":"2024-11-11T15:03:19","date_gmt":"2024-11-11T12:03:19","guid":{"rendered":"https:\/\/www.zirve-yapi.com.tr\/zirve\/?post_type=product&#038;p=716"},"modified":"2025-05-22T10:08:49","modified_gmt":"2025-05-22T07:08:49","slug":"pe100-ef-esit-te","status":"publish","type":"product","link":"https:\/\/www.zirve-yapi.com.tr\/zirve\/urun\/pe100-ef-esit-te\/","title":{"rendered":"PE100-EF E\u015fit Te"},"content":{"rendered":"<table class=\"table table-striped\" border=\"0\" width=\"384\" cellspacing=\"0\" cellpadding=\"0\">\n<tbody>\n<tr>\n<td class=\"xl67\" width=\"64\" height=\"77\"><strong>d<\/strong><\/td>\n<td class=\"xl66\" width=\"64\"><strong>bas\u0131n\u00e7 (bar) bas\u0131n\u00e7 (bar)<\/strong><\/td>\n<td class=\"xl65\" width=\"64\"><strong>kg<\/strong><\/td>\n<td class=\"xl65\" width=\"64\"><strong>L (mm)<\/strong><\/td>\n<td class=\"xl65\" width=\"64\"><strong>L1 (mm)<\/strong><\/td>\n<td class=\"xl68\" width=\"64\"><strong>Z (mm)<\/strong><\/td>\n<\/tr>\n<tr>\n<td class=\"xl69\" height=\"19\"><strong>32<\/strong><\/td>\n<td class=\"xl63\"><strong>pn16<\/strong><\/td>\n<td class=\"xl64\">0,085<\/td>\n<td class=\"xl64\">102<\/td>\n<td class=\"xl64\">40<\/td>\n<td class=\"xl70\">67<\/td>\n<\/tr>\n<tr>\n<td class=\"xl69\" height=\"19\"><strong>40<\/strong><\/td>\n<td class=\"xl63\"><strong>pn16<\/strong><\/td>\n<td class=\"xl64\">0,141<\/td>\n<td class=\"xl64\">120<\/td>\n<td class=\"xl64\">46<\/td>\n<td class=\"xl70\">78<\/td>\n<\/tr>\n<tr>\n<td class=\"xl69\" height=\"19\"><strong>50<\/strong><\/td>\n<td class=\"xl63\"><strong>pn16<\/strong><\/td>\n<td class=\"xl64\">0,222<\/td>\n<td class=\"xl64\">135<\/td>\n<td class=\"xl64\">49<\/td>\n<td class=\"xl70\">86<\/td>\n<\/tr>\n<tr>\n<td class=\"xl69\" height=\"19\"><strong>63<\/strong><\/td>\n<td class=\"xl63\"><strong>pn16<\/strong><\/td>\n<td class=\"xl64\">0,344<\/td>\n<td class=\"xl64\">152<\/td>\n<td class=\"xl64\">55<\/td>\n<td class=\"xl70\">98<\/td>\n<\/tr>\n<tr>\n<td class=\"xl69\" height=\"19\"><strong>75<\/strong><\/td>\n<td class=\"xl63\"><strong>pn16<\/strong><\/td>\n<td class=\"xl64\">0,602<\/td>\n<td class=\"xl64\">187<\/td>\n<td class=\"xl64\">67<\/td>\n<td class=\"xl70\">124<\/td>\n<\/tr>\n<tr>\n<td class=\"xl69\" height=\"19\"><strong>90<\/strong><\/td>\n<td class=\"xl63\"><strong>pn16<\/strong><\/td>\n<td class=\"xl64\">0,883<\/td>\n<td class=\"xl64\">205<\/td>\n<td class=\"xl64\">76<\/td>\n<td class=\"xl70\">143<\/td>\n<\/tr>\n<tr>\n<td class=\"xl69\" height=\"19\"><strong>110<\/strong><\/td>\n<td class=\"xl63\"><strong>pn16<\/strong><\/td>\n<td class=\"xl64\">1,581<\/td>\n<td class=\"xl64\">255<\/td>\n<td class=\"xl64\">85<\/td>\n<td class=\"xl70\">164<\/td>\n<\/tr>\n<tr>\n<td class=\"xl69\" height=\"19\"><strong>125<\/strong><\/td>\n<td class=\"xl63\"><strong>pn16<\/strong><\/td>\n<td class=\"xl64\">1,902<\/td>\n<td class=\"xl64\">256<\/td>\n<td class=\"xl64\">88<\/td>\n<td class=\"xl70\">175<\/td>\n<\/tr>\n<tr>\n<td class=\"xl69\" height=\"19\"><strong>160<\/strong><\/td>\n<td class=\"xl63\"><strong>pn16<\/strong><\/td>\n<td class=\"xl64\">3,75<\/td>\n<td class=\"xl64\">325<\/td>\n<td class=\"xl64\">98<\/td>\n<td class=\"xl70\">207<\/td>\n<\/tr>\n<tr>\n<td class=\"xl71\" height=\"20\"><strong>180<\/strong><\/td>\n<td class=\"xl72\"><strong>pn16<\/strong><\/td>\n<td class=\"xl72\">5,3<\/td>\n<td class=\"xl72\">340<\/td>\n<td class=\"xl72\">105<\/td>\n<td class=\"xl73\">230<\/td>\n<\/tr>\n<\/tbody>\n<\/table>\n","protected":false},"excerpt":{"rendered":"<p>Elektrof\u00fczyon e\u015fit te, ayn\u0131 \u00e7aptaki \u00fc\u00e7 PE100 veya PE80 boruyu birle\u015ftirmeye yarar. Elektrof\u00fczyon e\u015fit telerimiz SDR11 ve SDR17 HDPE<br \/>\nborularda kullan\u0131labilir.<\/p>\n","protected":false},"featured_media":723,"comment_status":"open","ping_status":"closed","template":"","meta":[],"product_cat":[23],"product_tag":[],"class_list":{"0":"post-716","1":"product","2":"type-product","3":"status-publish","4":"has-post-thumbnail","6":"product_cat-elektrofuzyon","8":"first","9":"instock","10":"shipping-taxable","11":"product-type-external"},"_links":{"self":[{"href":"https:\/\/www.zirve-yapi.com.tr\/zirve\/wp-json\/wp\/v2\/product\/716"}],"collection":[{"href":"https:\/\/www.zirve-yapi.com.tr\/zirve\/wp-json\/wp\/v2\/product"}],"about":[{"href":"https:\/\/www.zirve-yapi.com.tr\/zirve\/wp-json\/wp\/v2\/types\/product"}],"replies":[{"embeddable":true,"href":"https:\/\/www.zirve-yapi.com.tr\/zirve\/wp-json\/wp\/v2\/comments?post=716"}],"wp:featuredmedia":[{"embeddable":true,"href":"https:\/\/www.zirve-yapi.com.tr\/zirve\/wp-json\/wp\/v2\/media\/723"}],"wp:attachment":[{"href":"https:\/\/www.zirve-yapi.com.tr\/zirve\/wp-json\/wp\/v2\/media?parent=716"}],"wp:term":[{"taxonomy":"product_cat","embeddable":true,"href":"https:\/\/www.zirve-yapi.com.tr\/zirve\/wp-json\/wp\/v2\/product_cat?post=716"},{"taxonomy":"product_tag","embeddable":true,"href":"https:\/\/www.zirve-yapi.com.tr\/zirve\/wp-json\/wp\/v2\/product_tag?post=716"}],"curies":[{"name":"wp","href":"https:\/\/api.w.org\/{rel}","templated":true}]}}