{"id":726,"date":"2024-11-11T15:06:02","date_gmt":"2024-11-11T12:06:02","guid":{"rendered":"https:\/\/www.zirve-yapi.com.tr\/zirve\/?post_type=product&#038;p=726"},"modified":"2024-11-11T15:06:02","modified_gmt":"2024-11-11T12:06:02","slug":"pe100-ef-reduksiyon","status":"publish","type":"product","link":"https:\/\/www.zirve-yapi.com.tr\/zirve\/urun\/pe100-ef-reduksiyon\/","title":{"rendered":"PE100-EF Red\u00fcksiyon"},"content":{"rendered":"<table class=\"table table-striped\" border=\"0\" width=\"384\" cellspacing=\"0\" cellpadding=\"0\">\n<tbody>\n<tr>\n<td class=\"xl68\" width=\"64\" height=\"77\"><strong>d1\/d2<\/strong><\/td>\n<td class=\"xl64\" width=\"64\"><strong>bas\u0131n\u00e7 (bar) bas\u0131n\u00e7 (bar)<\/strong><\/td>\n<td class=\"xl65\" width=\"64\"><strong>kg<\/strong><\/td>\n<td class=\"xl63\" width=\"64\"><strong>L (mm)<\/strong><\/td>\n<td class=\"xl63\" width=\"64\"><strong>L1 (mm)<\/strong><\/td>\n<td class=\"xl69\" width=\"64\"><strong>L2 (mm)<\/strong><\/td>\n<\/tr>\n<tr>\n<td class=\"xl70\" height=\"19\">25\/20<\/td>\n<td class=\"xl66\">pn16<\/td>\n<td class=\"xl67\">0,035<\/td>\n<td class=\"xl67\">77<\/td>\n<td class=\"xl67\">38<\/td>\n<td class=\"xl71\">36<\/td>\n<\/tr>\n<tr>\n<td class=\"xl70\" height=\"19\">32\/20<\/td>\n<td class=\"xl66\">pn16<\/td>\n<td class=\"xl67\">0,048<\/td>\n<td class=\"xl67\">77<\/td>\n<td class=\"xl67\">40<\/td>\n<td class=\"xl71\">36<\/td>\n<\/tr>\n<tr>\n<td class=\"xl70\" height=\"19\">32\/25<\/td>\n<td class=\"xl66\">pn16<\/td>\n<td class=\"xl67\">0,052<\/td>\n<td class=\"xl67\">77<\/td>\n<td class=\"xl67\">39<\/td>\n<td class=\"xl71\">37<\/td>\n<\/tr>\n<tr>\n<td class=\"xl70\" height=\"19\">40\/32<\/td>\n<td class=\"xl66\">pn16<\/td>\n<td class=\"xl67\">0,104<\/td>\n<td class=\"xl67\">84<\/td>\n<td class=\"xl67\">46<\/td>\n<td class=\"xl71\">43<\/td>\n<\/tr>\n<tr>\n<td class=\"xl70\" height=\"19\">50\/32<\/td>\n<td class=\"xl66\">pn16<\/td>\n<td class=\"xl67\">0,087<\/td>\n<td class=\"xl67\">91<\/td>\n<td class=\"xl67\">46<\/td>\n<td class=\"xl71\">40<\/td>\n<\/tr>\n<tr>\n<td class=\"xl70\" height=\"19\">50\/40<\/td>\n<td class=\"xl66\">pn16<\/td>\n<td class=\"xl67\">0,092<\/td>\n<td class=\"xl67\">91<\/td>\n<td class=\"xl67\">46<\/td>\n<td class=\"xl71\">42<\/td>\n<\/tr>\n<tr>\n<td class=\"xl70\" height=\"19\">63\/32<\/td>\n<td class=\"xl66\">pn16<\/td>\n<td class=\"xl67\">0,13<\/td>\n<td class=\"xl67\">102<\/td>\n<td class=\"xl67\">52<\/td>\n<td class=\"xl71\">44<\/td>\n<\/tr>\n<tr>\n<td class=\"xl70\" height=\"19\">63\/40<\/td>\n<td class=\"xl66\">pn16<\/td>\n<td class=\"xl67\">0,103<\/td>\n<td class=\"xl67\">102<\/td>\n<td class=\"xl67\">52<\/td>\n<td class=\"xl71\">45<\/td>\n<\/tr>\n<tr>\n<td class=\"xl70\" height=\"19\">63\/50<\/td>\n<td class=\"xl66\">pn16<\/td>\n<td class=\"xl67\">0,138<\/td>\n<td class=\"xl67\">102<\/td>\n<td class=\"xl67\">52<\/td>\n<td class=\"xl71\">48<\/td>\n<\/tr>\n<tr>\n<td class=\"xl70\" height=\"19\">90\/63<\/td>\n<td class=\"xl66\">pn16<\/td>\n<td class=\"xl67\">0,3<\/td>\n<td class=\"xl67\">123<\/td>\n<td class=\"xl67\">62<\/td>\n<td class=\"xl71\">55<\/td>\n<\/tr>\n<tr>\n<td class=\"xl70\" height=\"19\">110\/63<\/td>\n<td class=\"xl66\">pn16<\/td>\n<td class=\"xl67\">0,54<\/td>\n<td class=\"xl67\">158<\/td>\n<td class=\"xl67\">71<\/td>\n<td class=\"xl71\">53<\/td>\n<\/tr>\n<tr>\n<td class=\"xl70\" height=\"19\">110\/90<\/td>\n<td class=\"xl66\">pn16<\/td>\n<td class=\"xl67\">0,535<\/td>\n<td class=\"xl67\">138<\/td>\n<td class=\"xl67\">71<\/td>\n<td class=\"xl71\">63<\/td>\n<\/tr>\n<tr>\n<td class=\"xl70\" height=\"19\">125\/90<\/td>\n<td class=\"xl66\">pn16<\/td>\n<td class=\"xl67\">0,7<\/td>\n<td class=\"xl67\">145<\/td>\n<td class=\"xl67\">75<\/td>\n<td class=\"xl71\">62<\/td>\n<\/tr>\n<tr>\n<td class=\"xl72\" height=\"20\">180\/125<\/td>\n<td class=\"xl73\">pn16<\/td>\n<td class=\"xl74\">2,09<\/td>\n<td class=\"xl74\">221<\/td>\n<td class=\"xl74\">115<\/td>\n<td class=\"xl75\">90<\/td>\n<\/tr>\n<\/tbody>\n<\/table>\n","protected":false},"excerpt":{"rendered":"<p>EF Red\u00fcksiyonlar, g\u00fcvenli kurulum ve s\u0131v\u0131 veya gaz transferinin anahtar\u0131d\u0131r. Farkl\u0131 \u00e7aplardaki PE100 veya PE80 borular\u0131n birle\u015ftirilmesine imkan vererek sistemin ihtiyaca g\u00f6re b\u00fcy\u00fcy\u00fcp k\u00fc\u00e7\u00fclmesine olanak sa\u011flar. Elektrof\u00fczyon kaynak y\u00f6ntemiyle EF Red\u00fcksiyonun i\u00e7indeki rezistanslara ak\u0131m uygulanarak olu\u015fan \u0131s\u0131, farkl\u0131 \u00e7aplardaki borular\u0131n eriyip birbirine yap\u0131\u015fmas\u0131n\u0131 sa\u011flar.<\/p>\n","protected":false},"featured_media":728,"comment_status":"open","ping_status":"closed","template":"","meta":[],"product_cat":[23],"product_tag":[],"class_list":{"0":"post-726","1":"product","2":"type-product","3":"status-publish","4":"has-post-thumbnail","6":"product_cat-elektrofuzyon","8":"first","9":"instock","10":"shipping-taxable","11":"product-type-external"},"_links":{"self":[{"href":"https:\/\/www.zirve-yapi.com.tr\/zirve\/wp-json\/wp\/v2\/product\/726"}],"collection":[{"href":"https:\/\/www.zirve-yapi.com.tr\/zirve\/wp-json\/wp\/v2\/product"}],"about":[{"href":"https:\/\/www.zirve-yapi.com.tr\/zirve\/wp-json\/wp\/v2\/types\/product"}],"replies":[{"embeddable":true,"href":"https:\/\/www.zirve-yapi.com.tr\/zirve\/wp-json\/wp\/v2\/comments?post=726"}],"wp:featuredmedia":[{"embeddable":true,"href":"https:\/\/www.zirve-yapi.com.tr\/zirve\/wp-json\/wp\/v2\/media\/728"}],"wp:attachment":[{"href":"https:\/\/www.zirve-yapi.com.tr\/zirve\/wp-json\/wp\/v2\/media?parent=726"}],"wp:term":[{"taxonomy":"product_cat","embeddable":true,"href":"https:\/\/www.zirve-yapi.com.tr\/zirve\/wp-json\/wp\/v2\/product_cat?post=726"},{"taxonomy":"product_tag","embeddable":true,"href":"https:\/\/www.zirve-yapi.com.tr\/zirve\/wp-json\/wp\/v2\/product_tag?post=726"}],"curies":[{"name":"wp","href":"https:\/\/api.w.org\/{rel}","templated":true}]}}