{"id":734,"date":"2024-11-11T15:20:23","date_gmt":"2024-11-11T12:20:23","guid":{"rendered":"https:\/\/www.zirve-yapi.com.tr\/zirve\/?post_type=product&#038;p=734"},"modified":"2024-11-11T15:20:23","modified_gmt":"2024-11-11T12:20:23","slug":"pe100-ef-servis-te","status":"publish","type":"product","link":"https:\/\/www.zirve-yapi.com.tr\/zirve\/urun\/pe100-ef-servis-te\/","title":{"rendered":"PE100-EF SERV\u0130S TE"},"content":{"rendered":"<table class=\"table table-striped\" width=\"420\">\n<tbody>\n<tr>\n<td width=\"82\"><strong>D\/d<\/strong><\/td>\n<td width=\"64\"><strong>bas\u0131n\u00e7 (bar) bas\u0131n\u00e7 (bar)<\/strong><\/td>\n<td width=\"82\"><strong>kg<\/strong><\/td>\n<td width=\"64\"><strong>H (mm)<\/strong><\/td>\n<td width=\"64\"><strong>H1 (mm)<\/strong><\/td>\n<td width=\"64\"><strong>L (mm)<\/strong><\/td>\n<\/tr>\n<tr>\n<td><strong>63\/20<\/strong><\/td>\n<td><strong>pn16<\/strong><\/td>\n<td>0,510<\/td>\n<td>167<\/td>\n<td>78<\/td>\n<td>47<\/td>\n<\/tr>\n<tr>\n<td><strong>63\/25<\/strong><\/td>\n<td><strong>pn16<\/strong><\/td>\n<td>0,512<\/td>\n<td>167<\/td>\n<td>80<\/td>\n<td>47<\/td>\n<\/tr>\n<tr>\n<td><strong>63\/32<\/strong><\/td>\n<td><strong>pn16<\/strong><\/td>\n<td>0,513<\/td>\n<td>167<\/td>\n<td>80<\/td>\n<td>67<\/td>\n<\/tr>\n<tr>\n<td><strong>63\/40<\/strong><\/td>\n<td><strong>pn16<\/strong><\/td>\n<td>0,515<\/td>\n<td>167<\/td>\n<td>88<\/td>\n<td>67<\/td>\n<\/tr>\n<tr>\n<td><strong>75\/20<\/strong><\/td>\n<td><strong>pn16<\/strong><\/td>\n<td>0,836<\/td>\n<td>210<\/td>\n<td>82<\/td>\n<td>47<\/td>\n<\/tr>\n<tr>\n<td><strong>75\/25<\/strong><\/td>\n<td><strong>pn16<\/strong><\/td>\n<td>0,842<\/td>\n<td>210<\/td>\n<td>85<\/td>\n<td>44<\/td>\n<\/tr>\n<tr>\n<td><strong>75\/32<\/strong><\/td>\n<td><strong>pn16<\/strong><\/td>\n<td>0,848<\/td>\n<td>210<\/td>\n<td>85<\/td>\n<td>49<\/td>\n<\/tr>\n<tr>\n<td><strong>75\/40<\/strong><\/td>\n<td><strong>pn16<\/strong><\/td>\n<td>0,856<\/td>\n<td>210<\/td>\n<td>83<\/td>\n<td>69<\/td>\n<\/tr>\n<tr>\n<td><strong>75\/50<\/strong><\/td>\n<td><strong>pn16<\/strong><\/td>\n<td>0,870<\/td>\n<td>210<\/td>\n<td>85<\/td>\n<td>72<\/td>\n<\/tr>\n<tr>\n<td><strong>75\/63<\/strong><\/td>\n<td><strong>pn16<\/strong><\/td>\n<td>0,898<\/td>\n<td>210<\/td>\n<td>85<\/td>\n<td>74<\/td>\n<\/tr>\n<tr>\n<td><strong>90\/20<\/strong><\/td>\n<td><strong>pn16<\/strong><\/td>\n<td>0,655<\/td>\n<td>194<\/td>\n<td>84<\/td>\n<td>89<\/td>\n<\/tr>\n<tr>\n<td><strong>90\/25<\/strong><\/td>\n<td><strong>pn16<\/strong><\/td>\n<td>0,675<\/td>\n<td>194<\/td>\n<td>82<\/td>\n<td>89<\/td>\n<\/tr>\n<tr>\n<td><strong>90\/32<\/strong><\/td>\n<td><strong>pn16<\/strong><\/td>\n<td>0,695<\/td>\n<td>194<\/td>\n<td>78<\/td>\n<td>91<\/td>\n<\/tr>\n<tr>\n<td><strong>90\/40<\/strong><\/td>\n<td><strong>pn16<\/strong><\/td>\n<td>0,710<\/td>\n<td>194<\/td>\n<td>74<\/td>\n<td>93<\/td>\n<\/tr>\n<tr>\n<td><strong>90\/50<\/strong><\/td>\n<td><strong>pn16<\/strong><\/td>\n<td>0,962<\/td>\n<td>223<\/td>\n<td>113<\/td>\n<td>66<\/td>\n<\/tr>\n<tr>\n<td><strong>90\/63<\/strong><\/td>\n<td><strong>pn16<\/strong><\/td>\n<td>0,862<\/td>\n<td>210<\/td>\n<td>94<\/td>\n<td>75<\/td>\n<\/tr>\n<tr>\n<td><strong>110\/20<\/strong><\/td>\n<td><strong>pn16<\/strong><\/td>\n<td>0,795<\/td>\n<td>208<\/td>\n<td>98<\/td>\n<td>90<\/td>\n<\/tr>\n<tr>\n<td><strong>110\/25<\/strong><\/td>\n<td><strong>pn16<\/strong><\/td>\n<td>0,810<\/td>\n<td>208<\/td>\n<td>96<\/td>\n<td>90<\/td>\n<\/tr>\n<tr>\n<td><strong>110\/32<\/strong><\/td>\n<td><strong>pn16<\/strong><\/td>\n<td>0,829<\/td>\n<td>208<\/td>\n<td>92<\/td>\n<td>92<\/td>\n<\/tr>\n<tr>\n<td><strong>110\/40<\/strong><\/td>\n<td><strong>pn16<\/strong><\/td>\n<td>0,845<\/td>\n<td>208<\/td>\n<td>88<\/td>\n<td>93<\/td>\n<\/tr>\n<tr>\n<td><strong>110\/50<\/strong><\/td>\n<td><strong>pn16<\/strong><\/td>\n<td>1,010<\/td>\n<td>223<\/td>\n<td>106<\/td>\n<td>68<\/td>\n<\/tr>\n<tr>\n<td><strong>110\/63<\/strong><\/td>\n<td><strong>pn16<\/strong><\/td>\n<td>1,060<\/td>\n<td>223<\/td>\n<td>106<\/td>\n<td>74<\/td>\n<\/tr>\n<tr>\n<td><strong>125\/20<\/strong><\/td>\n<td><strong>pn16<\/strong><\/td>\n<td>1,100<\/td>\n<td>230<\/td>\n<td>112<\/td>\n<td>44<\/td>\n<\/tr>\n<tr>\n<td><strong>125\/25<\/strong><\/td>\n<td><strong>pn16<\/strong><\/td>\n<td>1,120<\/td>\n<td>230<\/td>\n<td>112<\/td>\n<td>58<\/td>\n<\/tr>\n<tr>\n<td><strong>125\/32<\/strong><\/td>\n<td><strong>pn16<\/strong><\/td>\n<td>1,150<\/td>\n<td>230<\/td>\n<td>112<\/td>\n<td>58<\/td>\n<\/tr>\n<tr>\n<td><strong>125\/40<\/strong><\/td>\n<td><strong>pn16<\/strong><\/td>\n<td>1,180<\/td>\n<td>230<\/td>\n<td>112<\/td>\n<td>68<\/td>\n<\/tr>\n<tr>\n<td><strong>125\/50<\/strong><\/td>\n<td><strong>pn16<\/strong><\/td>\n<td>1,190<\/td>\n<td>230<\/td>\n<td>112<\/td>\n<td>68<\/td>\n<\/tr>\n<tr>\n<td><strong>125\/63<\/strong><\/td>\n<td><strong>pn16<\/strong><\/td>\n<td>1,210<\/td>\n<td>230<\/td>\n<td>112<\/td>\n<td>74<\/td>\n<\/tr>\n<tr>\n<td><strong>140\/20<\/strong><\/td>\n<td><strong>pn16<\/strong><\/td>\n<td>1,100<\/td>\n<td>230<\/td>\n<td>115<\/td>\n<td>44<\/td>\n<\/tr>\n<tr>\n<td><strong>140\/25<\/strong><\/td>\n<td><strong>pn16<\/strong><\/td>\n<td>1,120<\/td>\n<td>230<\/td>\n<td>115<\/td>\n<td>58<\/td>\n<\/tr>\n<tr>\n<td><strong>140\/32<\/strong><\/td>\n<td><strong>pn16<\/strong><\/td>\n<td>1,150<\/td>\n<td>230<\/td>\n<td>115<\/td>\n<td>58<\/td>\n<\/tr>\n<tr>\n<td><strong>140\/40<\/strong><\/td>\n<td><strong>pn16<\/strong><\/td>\n<td>1,180<\/td>\n<td>230<\/td>\n<td>115<\/td>\n<td>68<\/td>\n<\/tr>\n<tr>\n<td><strong>140\/50<\/strong><\/td>\n<td><strong>pn16<\/strong><\/td>\n<td>1,190<\/td>\n<td>230<\/td>\n<td>115<\/td>\n<td>68<\/td>\n<\/tr>\n<tr>\n<td><strong>140\/63<\/strong><\/td>\n<td><strong>pn16<\/strong><\/td>\n<td>1,210<\/td>\n<td>230<\/td>\n<td>115<\/td>\n<td>74<\/td>\n<\/tr>\n<tr>\n<td><strong>160\/20<\/strong><\/td>\n<td><strong>pn16<\/strong><\/td>\n<td>1,283<\/td>\n<td>230<\/td>\n<td>124<\/td>\n<td>63<\/td>\n<\/tr>\n<tr>\n<td><strong>160\/25<\/strong><\/td>\n<td><strong>pn16<\/strong><\/td>\n<td>1,260<\/td>\n<td>220<\/td>\n<td>124<\/td>\n<td>74<\/td>\n<\/tr>\n<tr>\n<td><strong>160\/32<\/strong><\/td>\n<td><strong>pn16<\/strong><\/td>\n<td>1,172<\/td>\n<td>220<\/td>\n<td>127<\/td>\n<td>80<\/td>\n<\/tr>\n<tr>\n<td><strong>160\/40<\/strong><\/td>\n<td><strong>pn16<\/strong><\/td>\n<td>1,180<\/td>\n<td>220<\/td>\n<td>128<\/td>\n<td>78<\/td>\n<\/tr>\n<tr>\n<td><strong>160\/50<\/strong><\/td>\n<td><strong>pn16<\/strong><\/td>\n<td>1,350<\/td>\n<td>255<\/td>\n<td>132<\/td>\n<td>73<\/td>\n<\/tr>\n<tr>\n<td><strong>160\/63<\/strong><\/td>\n<td><strong>pn16<\/strong><\/td>\n<td>1,410<\/td>\n<td>255<\/td>\n<td>134<\/td>\n<td>75<\/td>\n<\/tr>\n<tr>\n<td><strong>180\/20<\/strong><\/td>\n<td><strong>pn16<\/strong><\/td>\n<td>1,160<\/td>\n<td>270<\/td>\n<td>139<\/td>\n<td>65<\/td>\n<\/tr>\n<tr>\n<td><strong>180\/25<\/strong><\/td>\n<td><strong>pn16<\/strong><\/td>\n<td>1,171<\/td>\n<td>270<\/td>\n<td>139<\/td>\n<td>76<\/td>\n<\/tr>\n<tr>\n<td><strong>180\/32<\/strong><\/td>\n<td><strong>pn16<\/strong><\/td>\n<td>1,180<\/td>\n<td>270<\/td>\n<td>139<\/td>\n<td>84<\/td>\n<\/tr>\n<tr>\n<td><strong>180\/40<\/strong><\/td>\n<td><strong>pn16<\/strong><\/td>\n<td>1,190<\/td>\n<td>270<\/td>\n<td>139<\/td>\n<td>92<\/td>\n<\/tr>\n<tr>\n<td><strong>180\/50<\/strong><\/td>\n<td><strong>pn16<\/strong><\/td>\n<td>1,219<\/td>\n<td>270<\/td>\n<td>139<\/td>\n<td>100<\/td>\n<\/tr>\n<tr>\n<td><strong>180\/63<\/strong><\/td>\n<td><strong>pn16<\/strong><\/td>\n<td>1,260<\/td>\n<td>270<\/td>\n<td>139<\/td>\n<td>103<\/td>\n<\/tr>\n<tr>\n<td><strong>200\/20<\/strong><\/td>\n<td><strong>pn16<\/strong><\/td>\n<td>1,181<\/td>\n<td>227<\/td>\n<td>100<\/td>\n<td>64<\/td>\n<\/tr>\n<tr>\n<td><strong>200\/25<\/strong><\/td>\n<td><strong>pn16<\/strong><\/td>\n<td>1,190<\/td>\n<td>227<\/td>\n<td>100<\/td>\n<td>75<\/td>\n<\/tr>\n<tr>\n<td><strong>200\/32<\/strong><\/td>\n<td><strong>pn16<\/strong><\/td>\n<td>1,200<\/td>\n<td>227<\/td>\n<td>100<\/td>\n<td>84<\/td>\n<\/tr>\n<tr>\n<td><strong>200\/40<\/strong><\/td>\n<td><strong>pn16<\/strong><\/td>\n<td>1,205<\/td>\n<td>227<\/td>\n<td>100<\/td>\n<td>93<\/td>\n<\/tr>\n<tr>\n<td><strong>200\/50<\/strong><\/td>\n<td><strong>pn16<\/strong><\/td>\n<td>1,229<\/td>\n<td>227<\/td>\n<td>100<\/td>\n<td>102<\/td>\n<\/tr>\n<tr>\n<td><strong>200\/63<\/strong><\/td>\n<td><strong>pn16<\/strong><\/td>\n<td>1,275<\/td>\n<td>227<\/td>\n<td>100<\/td>\n<td>102<\/td>\n<\/tr>\n<tr>\n<td><strong>225\/20<\/strong><\/td>\n<td><strong>pn16<\/strong><\/td>\n<td>1,167<\/td>\n<td>206<\/td>\n<td>107<\/td>\n<td>45<\/td>\n<\/tr>\n<tr>\n<td><strong>225\/25<\/strong><\/td>\n<td><strong>pn16<\/strong><\/td>\n<td>1,168<\/td>\n<td>206<\/td>\n<td>107<\/td>\n<td>45<\/td>\n<\/tr>\n<tr>\n<td><strong>225\/32<\/strong><\/td>\n<td><strong>pn16<\/strong><\/td>\n<td>1,170<\/td>\n<td>206<\/td>\n<td>107<\/td>\n<td>62<\/td>\n<\/tr>\n<tr>\n<td><strong>225\/40<\/strong><\/td>\n<td><strong>pn16<\/strong><\/td>\n<td>1,195<\/td>\n<td>206<\/td>\n<td>107<\/td>\n<td>65<\/td>\n<\/tr>\n<tr>\n<td><strong>225\/50<\/strong><\/td>\n<td><strong>pn16<\/strong><\/td>\n<td>1,302<\/td>\n<td>237<\/td>\n<td>129<\/td>\n<td>66<\/td>\n<\/tr>\n<tr>\n<td><strong>225\/63<\/strong><\/td>\n<td><strong>pn16<\/strong><\/td>\n<td>1,328<\/td>\n<td>237<\/td>\n<td>129<\/td>\n<td>75<\/td>\n<\/tr>\n<tr>\n<td><strong>250\/20<\/strong><\/td>\n<td><strong>pn16<\/strong><\/td>\n<td>1,250<\/td>\n<td>230<\/td>\n<td>102<\/td>\n<td>64<\/td>\n<\/tr>\n<tr>\n<td><strong>250\/25<\/strong><\/td>\n<td><strong>pn16<\/strong><\/td>\n<td>1,270<\/td>\n<td>230<\/td>\n<td>102<\/td>\n<td>75<\/td>\n<\/tr>\n<tr>\n<td><strong>250\/32<\/strong><\/td>\n<td><strong>pn16<\/strong><\/td>\n<td>1,290<\/td>\n<td>230<\/td>\n<td>102<\/td>\n<td>84<\/td>\n<\/tr>\n<tr>\n<td><strong>250\/40<\/strong><\/td>\n<td><strong>pn16<\/strong><\/td>\n<td>1,320<\/td>\n<td>230<\/td>\n<td>102<\/td>\n<td>93<\/td>\n<\/tr>\n<tr>\n<td><strong>250\/50<\/strong><\/td>\n<td><strong>pn16<\/strong><\/td>\n<td>1,330<\/td>\n<td>230<\/td>\n<td>102<\/td>\n<td>102<\/td>\n<\/tr>\n<tr>\n<td><strong>250\/63<\/strong><\/td>\n<td><strong>pn16<\/strong><\/td>\n<td>1,350<\/td>\n<td>230<\/td>\n<td>102<\/td>\n<td>102<\/td>\n<\/tr>\n<tr>\n<td><strong>280\/20<\/strong><\/td>\n<td><strong>pn16<\/strong><\/td>\n<td>1,270<\/td>\n<td>230<\/td>\n<td>105<\/td>\n<td>64<\/td>\n<\/tr>\n<tr>\n<td><strong>280\/25<\/strong><\/td>\n<td><strong>pn16<\/strong><\/td>\n<td>1,290<\/td>\n<td>230<\/td>\n<td>105<\/td>\n<td>75<\/td>\n<\/tr>\n<tr>\n<td><strong>280\/32<\/strong><\/td>\n<td><strong>pn16<\/strong><\/td>\n<td>1,310<\/td>\n<td>230<\/td>\n<td>105<\/td>\n<td>84<\/td>\n<\/tr>\n<tr>\n<td><strong>280\/40<\/strong><\/td>\n<td><strong>pn16<\/strong><\/td>\n<td>1,320<\/td>\n<td>230<\/td>\n<td>105<\/td>\n<td>93<\/td>\n<\/tr>\n<tr>\n<td><strong>280\/50<\/strong><\/td>\n<td><strong>pn16<\/strong><\/td>\n<td>1,380<\/td>\n<td>230<\/td>\n<td>105<\/td>\n<td>102<\/td>\n<\/tr>\n<tr>\n<td><strong>280\/63<\/strong><\/td>\n<td><strong>pn16<\/strong><\/td>\n<td>1,400<\/td>\n<td>230<\/td>\n<td>105<\/td>\n<td>102<\/td>\n<\/tr>\n<tr>\n<td><strong>315\/20<\/strong><\/td>\n<td><strong>pn16<\/strong><\/td>\n<td>1,280<\/td>\n<td>230<\/td>\n<td>103<\/td>\n<td>64<\/td>\n<\/tr>\n<tr>\n<td><strong>315\/25<\/strong><\/td>\n<td><strong>pn16<\/strong><\/td>\n<td>1,300<\/td>\n<td>230<\/td>\n<td>103<\/td>\n<td>75<\/td>\n<\/tr>\n<tr>\n<td><strong>315\/32<\/strong><\/td>\n<td><strong>pn16<\/strong><\/td>\n<td>1,310<\/td>\n<td>230<\/td>\n<td>103<\/td>\n<td>84<\/td>\n<\/tr>\n<tr>\n<td><strong>315\/40<\/strong><\/td>\n<td><strong>pn16<\/strong><\/td>\n<td>1,320<\/td>\n<td>230<\/td>\n<td>103<\/td>\n<td>93<\/td>\n<\/tr>\n<tr>\n<td><strong>315\/50<\/strong><\/td>\n<td><strong>pn16<\/strong><\/td>\n<td>1,350<\/td>\n<td>230<\/td>\n<td>103<\/td>\n<td>102<\/td>\n<\/tr>\n<tr>\n<td><strong>315\/63<\/strong><\/td>\n<td><strong>pn16<\/strong><\/td>\n<td>1,380<\/td>\n<td>230<\/td>\n<td>103<\/td>\n<td>102<\/td>\n<\/tr>\n<\/tbody>\n<\/table>\n","protected":false},"excerpt":{"rendered":"<p>EF Servis Te \u00fcr\u00fcn\u00fcm\u00fcz gaz ve su sistemlerinin vazge\u00e7ilmez HDPE ba\u011flant\u0131 elemanlar\u0131d\u0131r. PE100 hammaddesi ile \u00fcretilen ek par\u00e7alar, elektrof\u00fczyon kaynak y\u00f6ntemi kullan\u0131larak kaynat\u0131l\u0131r. Elektrof\u00fczyon bran\u015fman ay\u0131r\u0131c\u0131 boru ek par\u00e7as\u0131 boru \u00fczerine yerle\u015ftirilip kaynak yap\u0131l\u0131r. \u0130\u00e7inde bulunan delici aparat sayesinde ba\u015fka bir araca ihtiya\u00e7 duyulmadan ana boruyu delebilirsiniz ve evler i\u00e7in ba\u011flant\u0131 yapabilirsiniz. Ef bran\u015fman ay\u0131r\u0131c\u0131lar \u015fehir \u015febekelerinde \u00e7ok kullan\u0131lmaktad\u0131r.<\/p>\n","protected":false},"featured_media":741,"comment_status":"open","ping_status":"closed","template":"","meta":[],"product_cat":[23],"product_tag":[],"class_list":{"0":"post-734","1":"product","2":"type-product","3":"status-publish","4":"has-post-thumbnail","6":"product_cat-elektrofuzyon","8":"first","9":"instock","10":"shipping-taxable","11":"product-type-external"},"_links":{"self":[{"href":"https:\/\/www.zirve-yapi.com.tr\/zirve\/wp-json\/wp\/v2\/product\/734"}],"collection":[{"href":"https:\/\/www.zirve-yapi.com.tr\/zirve\/wp-json\/wp\/v2\/product"}],"about":[{"href":"https:\/\/www.zirve-yapi.com.tr\/zirve\/wp-json\/wp\/v2\/types\/product"}],"replies":[{"embeddable":true,"href":"https:\/\/www.zirve-yapi.com.tr\/zirve\/wp-json\/wp\/v2\/comments?post=734"}],"wp:featuredmedia":[{"embeddable":true,"href":"https:\/\/www.zirve-yapi.com.tr\/zirve\/wp-json\/wp\/v2\/media\/741"}],"wp:attachment":[{"href":"https:\/\/www.zirve-yapi.com.tr\/zirve\/wp-json\/wp\/v2\/media?parent=734"}],"wp:term":[{"taxonomy":"product_cat","embeddable":true,"href":"https:\/\/www.zirve-yapi.com.tr\/zirve\/wp-json\/wp\/v2\/product_cat?post=734"},{"taxonomy":"product_tag","embeddable":true,"href":"https:\/\/www.zirve-yapi.com.tr\/zirve\/wp-json\/wp\/v2\/product_tag?post=734"}],"curies":[{"name":"wp","href":"https:\/\/api.w.org\/{rel}","templated":true}]}}