{"id":742,"date":"2024-11-11T15:22:22","date_gmt":"2024-11-11T12:22:22","guid":{"rendered":"https:\/\/www.zirve-yapi.com.tr\/zirve\/?post_type=product&#038;p=742"},"modified":"2024-11-11T15:22:22","modified_gmt":"2024-11-11T12:22:22","slug":"pe100-ef-semer","status":"publish","type":"product","link":"https:\/\/www.zirve-yapi.com.tr\/zirve\/urun\/pe100-ef-semer\/","title":{"rendered":"PE100-EF SEMER"},"content":{"rendered":"<table class=\"table table-striped\">\n<tbody>\n<tr>\n<td><strong>d<\/strong><\/td>\n<td><strong>bas\u0131n\u00e7 (bar)<\/strong><br \/>\n<strong>bas\u0131n\u00e7 (bar)<\/strong><\/td>\n<td><strong>D (mm)<\/strong><\/td>\n<td><strong>L (mm)<\/strong><\/td>\n<td><strong>kg<\/strong><\/td>\n<\/tr>\n<tr>\n<td><strong>75<\/strong><\/td>\n<td><strong>pn16<\/strong><\/td>\n<td>160-1200<\/td>\n<td>80<\/td>\n<td>0,400<\/td>\n<\/tr>\n<tr>\n<td><strong>90<\/strong><\/td>\n<td><strong>pn16<\/strong><\/td>\n<td>160-1200<\/td>\n<td>90<\/td>\n<td>0,500<\/td>\n<\/tr>\n<tr>\n<td><strong>110<\/strong><\/td>\n<td><strong>pn16<\/strong><\/td>\n<td>160-1200<\/td>\n<td>95<\/td>\n<td>0,820<\/td>\n<\/tr>\n<tr>\n<td><strong>125<\/strong><\/td>\n<td><strong>pn16<\/strong><\/td>\n<td>160-1200<\/td>\n<td>100<\/td>\n<td>0,980<\/td>\n<\/tr>\n<tr>\n<td><strong>140<\/strong><\/td>\n<td><strong>pn16<\/strong><\/td>\n<td>225-1200<\/td>\n<td>105<\/td>\n<td>1,445<\/td>\n<\/tr>\n<tr>\n<td><strong>160<\/strong><\/td>\n<td><strong>pn16<\/strong><\/td>\n<td>225-1200<\/td>\n<td>110<\/td>\n<td>1,800<\/td>\n<\/tr>\n<tr>\n<td><strong>180<\/strong><\/td>\n<td><strong>pn16<\/strong><\/td>\n<td>225-1200<\/td>\n<td>115<\/td>\n<td>2,000<\/td>\n<\/tr>\n<tr>\n<td><strong>200<\/strong><\/td>\n<td><strong>pn16<\/strong><\/td>\n<td>250-1200<\/td>\n<td>125<\/td>\n<td>3,150<\/td>\n<\/tr>\n<tr>\n<td><strong>225<\/strong><\/td>\n<td><strong>pn16<\/strong><\/td>\n<td>250-1200<\/td>\n<td>130<\/td>\n<td>3,950<\/td>\n<\/tr>\n<\/tbody>\n<\/table>\n","protected":false},"excerpt":{"rendered":"<p>EF semer \u00fcr\u00fcn\u00fc borunun herhangi bir yerine yerle\u015ftirilip elektrof\u00fczyon kaynak ile kaynat\u0131rl\u0131r ve ana hattan ald\u0131\u011f\u0131 ak\u0131\u015f\u0131 daha k\u00fc\u00e7\u00fck \u00e7apl\u0131 borulara 90\u00ba a\u00e7\u0131yla iletir.<\/p>\n","protected":false},"featured_media":744,"comment_status":"open","ping_status":"closed","template":"","meta":[],"product_cat":[23],"product_tag":[],"class_list":{"0":"post-742","1":"product","2":"type-product","3":"status-publish","4":"has-post-thumbnail","6":"product_cat-elektrofuzyon","8":"first","9":"instock","10":"shipping-taxable","11":"product-type-external"},"_links":{"self":[{"href":"https:\/\/www.zirve-yapi.com.tr\/zirve\/wp-json\/wp\/v2\/product\/742"}],"collection":[{"href":"https:\/\/www.zirve-yapi.com.tr\/zirve\/wp-json\/wp\/v2\/product"}],"about":[{"href":"https:\/\/www.zirve-yapi.com.tr\/zirve\/wp-json\/wp\/v2\/types\/product"}],"replies":[{"embeddable":true,"href":"https:\/\/www.zirve-yapi.com.tr\/zirve\/wp-json\/wp\/v2\/comments?post=742"}],"wp:featuredmedia":[{"embeddable":true,"href":"https:\/\/www.zirve-yapi.com.tr\/zirve\/wp-json\/wp\/v2\/media\/744"}],"wp:attachment":[{"href":"https:\/\/www.zirve-yapi.com.tr\/zirve\/wp-json\/wp\/v2\/media?parent=742"}],"wp:term":[{"taxonomy":"product_cat","embeddable":true,"href":"https:\/\/www.zirve-yapi.com.tr\/zirve\/wp-json\/wp\/v2\/product_cat?post=742"},{"taxonomy":"product_tag","embeddable":true,"href":"https:\/\/www.zirve-yapi.com.tr\/zirve\/wp-json\/wp\/v2\/product_tag?post=742"}],"curies":[{"name":"wp","href":"https:\/\/api.w.org\/{rel}","templated":true}]}}