{"id":750,"date":"2024-11-11T15:25:49","date_gmt":"2024-11-11T12:25:49","guid":{"rendered":"https:\/\/www.zirve-yapi.com.tr\/zirve\/?post_type=product&#038;p=750"},"modified":"2024-11-11T15:25:49","modified_gmt":"2024-11-11T12:25:49","slug":"elektrofuzyon-kaynak-makinesi","status":"publish","type":"product","link":"https:\/\/www.zirve-yapi.com.tr\/zirve\/urun\/elektrofuzyon-kaynak-makinesi\/","title":{"rendered":"ELEKTROF\u00dcZYON KAYNAK MAK\u0130NES\u0130"},"content":{"rendered":"<table class=\"table table-striped\" width=\"1137\">\n<tbody>\n<tr>\n<td rowspan=\"2\" width=\"87\"><strong>TEKN\u0130K B\u0130LG\u0130 \/ TECHNICAL DATA<\/strong><\/td>\n<td width=\"64\"><strong>\u00a0TINY<\/strong><\/td>\n<td width=\"64\"><strong>TINY M<\/strong><\/td>\n<\/tr>\n<tr>\n<td width=\"64\">\u00d8\u00a0\u00a0\u00a0\u00a0\u00a0\u00a0\u00a0\u00a0\u00a0\u00a0\u00a0\u00a0\u00a0\u00a0 20-630 mm<\/td>\n<td width=\"64\">\u00d8\u00a0\u00a0\u00a0\u00a0\u00a0\u00a0\u00a0\u00a0\u00a0\u00a0\u00a0\u00a0\u00a0\u00a0 20-630 mm<\/td>\n<\/tr>\n<tr>\n<td width=\"87\"><strong>\u00a0Besleme Voltaj\u0131 \/ Input Voltage<\/strong><\/td>\n<td width=\"64\">230VAC (185-300VAC)<\/td>\n<td width=\"64\">230VAC (185-300VAC)<\/td>\n<\/tr>\n<tr>\n<td width=\"87\"><strong>Besleme Amperaj\u0131 \/Input Current<\/strong><\/td>\n<td width=\"64\">16A (max:18A)<\/td>\n<td width=\"64\">16A (max:18A)<\/td>\n<\/tr>\n<tr>\n<td width=\"87\"><strong>\u00a0Frekans \/Frequency<\/strong><\/td>\n<td width=\"64\">40-70 Hz<\/td>\n<td width=\"64\">40-70 Hz<\/td>\n<\/tr>\n<tr>\n<td width=\"87\"><strong>\u00c7\u0131k\u0131\u015f Voltaj\u0131 \/ Output Voltage<\/strong><\/td>\n<td width=\"64\">8-48VAC<\/td>\n<td width=\"64\">8-48VAC<\/td>\n<\/tr>\n<tr>\n<td width=\"87\"><strong>\u00c7\u0131k\u0131\u015f Amperaj\u0131 \/ Output Current<\/strong><\/td>\n<td width=\"64\">110 A(max))<\/td>\n<td width=\"64\">110 A(max)<\/td>\n<\/tr>\n<tr>\n<td width=\"87\"><strong>G\u00fc\u00e7 \u0130htiyac\u0131 \/ POwer Consumption<\/strong><\/td>\n<td width=\"64\">3,6 kW<\/td>\n<td width=\"64\">3,6 kW<\/td>\n<\/tr>\n<tr>\n<td width=\"87\"><strong>G\u00fc\u00e7 Fakt\u00f6r\u00fc \/ Power Factor<\/strong><\/td>\n<td width=\"64\">0,6-1<\/td>\n<td width=\"64\">0,6-1<\/td>\n<\/tr>\n<tr>\n<td width=\"87\"><strong>Jenerat\u00f6r \u0130htiyac\u0131 \/ Requirement of Generator<\/strong><\/td>\n<td width=\"64\">5kW (mono faze)<\/td>\n<td width=\"64\">5kW (mono faze)<\/td>\n<\/tr>\n<tr>\n<td width=\"87\"><strong>Kaynak Kapasitesi \/ Welding Capacity<\/strong><\/td>\n<td width=\"64\">max.. \u00d8 630mm<\/td>\n<td width=\"64\">max.. \u00d8 630mm<\/td>\n<\/tr>\n<tr>\n<td width=\"87\"><strong>\u00c7al\u0131\u015fma S\u0131cakl\u0131k Aral\u0131\u011f\u0131 \/ Operating Temperature Range<\/strong><\/td>\n<td width=\"64\">-10; +50 \u00b0C<\/td>\n<td width=\"64\">-10; +50 \u00b0C<\/td>\n<\/tr>\n<tr>\n<td width=\"87\"><strong>Koruma S\u0131n\u0131f\u0131\u00a0<\/strong><\/td>\n<td width=\"64\">IP54, Class I<\/td>\n<td width=\"64\">IP54, Class I<\/td>\n<\/tr>\n<tr>\n<td width=\"87\"><strong>A\u011f\u0131rl\u0131k \/ Weight<\/strong><\/td>\n<td width=\"64\">18kg<\/td>\n<td width=\"64\">18kg<\/td>\n<\/tr>\n<tr>\n<td width=\"87\"><strong>Besleme Kablo Uzunlu\u011fu \/ Main Supply Cable<\/strong><\/td>\n<td width=\"64\">4,5 m<\/td>\n<td width=\"64\">4,5 m<\/td>\n<\/tr>\n<tr>\n<td width=\"87\"><strong>Kaynak Kablo Uzunlu\u011fu \/ Welding Cable<\/strong><\/td>\n<td width=\"64\">4 m<\/td>\n<td width=\"64\">4 m<\/td>\n<\/tr>\n<tr>\n<td width=\"87\"><strong>Kaynak U\u00e7lar\u0131 \/ Welding Terminals<\/strong><\/td>\n<td width=\"64\">4,0 mm<\/td>\n<td width=\"64\">4,0 mm<\/td>\n<\/tr>\n<tr>\n<td width=\"87\"><strong>G\u00f6sterge \/ Display<\/strong><\/td>\n<td width=\"64\">4\u00d720<\/td>\n<td width=\"64\">4\u00d720<\/td>\n<\/tr>\n<tr>\n<td width=\"87\"><strong>\u00d6l\u00e7\u00fcleri \/ Dimension<\/strong><\/td>\n<td width=\"64\">330 x 290 x 290mm<\/td>\n<td width=\"64\">330 x 290 x 290mm<\/td>\n<\/tr>\n<tr>\n<td width=\"87\"><strong>CE Belgesi \/ CE Certification<\/strong><\/td>\n<td width=\"64\">O.K.<\/td>\n<td width=\"64\">O.K.<\/td>\n<\/tr>\n<tr>\n<td width=\"87\"><strong>ISO Belgesi \/ ISO Certification<\/strong><\/td>\n<td width=\"64\">ISO 9001:2008<\/td>\n<td width=\"64\">ISO 9001:2008<\/td>\n<\/tr>\n<tr>\n<td rowspan=\"2\" width=\"87\"><strong>Standartlar \/ Standarts<\/strong><\/td>\n<td width=\"64\">ISO 12176-2; DVS 2208<\/td>\n<td width=\"64\">ISO 12176-2; DVS 2208<\/td>\n<\/tr>\n<tr>\n<td width=\"64\">ISO 13950<\/td>\n<td width=\"64\">ISO 13950<\/td>\n<\/tr>\n<tr>\n<td rowspan=\"3\" width=\"87\"><strong>Kaynak Yapma \u00d6zelli\u011fi \/ Welding Input Features<\/strong><\/td>\n<td width=\"64\"><\/td>\n<td width=\"64\">Barcode<\/td>\n<\/tr>\n<tr>\n<td width=\"64\">\u00a0Manuel<\/td>\n<td width=\"64\">Manuel<\/td>\n<\/tr>\n<tr>\n<td width=\"64\"><\/td>\n<td width=\"64\">Numeric<\/td>\n<\/tr>\n<tr>\n<td rowspan=\"2\" width=\"87\"><strong>Aksesuarlar \/ Accessories<\/strong><\/td>\n<td width=\"64\">Kaynak Ucu<\/td>\n<td width=\"64\">Kaynak Ucu<\/td>\n<\/tr>\n<tr>\n<td width=\"64\">El Tipi S\u0131y\u0131r\u0131c\u0131<\/td>\n<td width=\"64\">El Tipi S\u0131y\u0131r\u0131c\u0131<\/td>\n<\/tr>\n<tr>\n<td width=\"87\"><strong>Garanti \/ Warranty<\/strong><\/td>\n<td width=\"64\">2 Y\u0131l<\/td>\n<td width=\"64\">2 Y\u0131l<\/td>\n<\/tr>\n<tr>\n<td width=\"87\"><strong>Men\u015fei \/ Origin<\/strong><\/td>\n<td width=\"64\">Almanya<\/td>\n<td width=\"64\">Almanya<\/td>\n<\/tr>\n<\/tbody>\n<\/table>\n","protected":false},"excerpt":{"rendered":"<p>TEKN\u0130K B\u0130LG\u0130 \/ TECHNICAL DATA \u00a0TINY TINY M \u00d8\u00a0\u00a0\u00a0\u00a0\u00a0\u00a0\u00a0\u00a0\u00a0\u00a0\u00a0\u00a0\u00a0\u00a0 20-630 mm \u00d8\u00a0\u00a0\u00a0\u00a0\u00a0\u00a0\u00a0\u00a0\u00a0\u00a0\u00a0\u00a0\u00a0\u00a0 20-630 mm \u00a0Besleme Voltaj\u0131 \/ Input Voltage 230VAC (185-300VAC) 230VAC (185-300VAC) Besleme Amperaj\u0131 \/Input Current 16A (max:18A) 16A (max:18A) \u00a0Frekans \/Frequency 40-70 Hz 40-70 Hz \u00c7\u0131k\u0131\u015f Voltaj\u0131 \/ Output Voltage 8-48VAC 8-48VAC \u00c7\u0131k\u0131\u015f Amperaj\u0131 \/ Output Current 110 A(max)) 110 A(max) G\u00fc\u00e7 \u0130htiyac\u0131 [&#8230;]\n","protected":false},"featured_media":751,"comment_status":"open","ping_status":"closed","template":"","meta":[],"product_cat":[23],"product_tag":[],"class_list":{"0":"post-750","1":"product","2":"type-product","3":"status-publish","4":"has-post-thumbnail","6":"product_cat-elektrofuzyon","8":"first","9":"instock","10":"shipping-taxable","11":"product-type-external"},"_links":{"self":[{"href":"https:\/\/www.zirve-yapi.com.tr\/zirve\/wp-json\/wp\/v2\/product\/750"}],"collection":[{"href":"https:\/\/www.zirve-yapi.com.tr\/zirve\/wp-json\/wp\/v2\/product"}],"about":[{"href":"https:\/\/www.zirve-yapi.com.tr\/zirve\/wp-json\/wp\/v2\/types\/product"}],"replies":[{"embeddable":true,"href":"https:\/\/www.zirve-yapi.com.tr\/zirve\/wp-json\/wp\/v2\/comments?post=750"}],"wp:featuredmedia":[{"embeddable":true,"href":"https:\/\/www.zirve-yapi.com.tr\/zirve\/wp-json\/wp\/v2\/media\/751"}],"wp:attachment":[{"href":"https:\/\/www.zirve-yapi.com.tr\/zirve\/wp-json\/wp\/v2\/media?parent=750"}],"wp:term":[{"taxonomy":"product_cat","embeddable":true,"href":"https:\/\/www.zirve-yapi.com.tr\/zirve\/wp-json\/wp\/v2\/product_cat?post=750"},{"taxonomy":"product_tag","embeddable":true,"href":"https:\/\/www.zirve-yapi.com.tr\/zirve\/wp-json\/wp\/v2\/product_tag?post=750"}],"curies":[{"name":"wp","href":"https:\/\/api.w.org\/{rel}","templated":true}]}}