{"id":754,"date":"2024-11-11T15:28:46","date_gmt":"2024-11-11T12:28:46","guid":{"rendered":"https:\/\/www.zirve-yapi.com.tr\/zirve\/?post_type=product&#038;p=754"},"modified":"2024-11-11T16:57:06","modified_gmt":"2024-11-11T13:57:06","slug":"pe100-45-dirsek","status":"publish","type":"product","link":"https:\/\/www.zirve-yapi.com.tr\/zirve\/urun\/pe100-45-dirsek\/","title":{"rendered":"PE100 45\u00b0 D\u0130RSEK"},"content":{"rendered":"<div id=\"3195\" class=\"clearfix post-3195 page type-page status-publish hentry\">\n<div class=\"elementor elementor-3195 elementor-1403\" data-elementor-type=\"wp-page\" data-elementor-id=\"3195\">\n<section class=\"elementor-section elementor-top-section elementor-element elementor-element-a6c6e99 elementor-section-boxed elementor-section-height-default elementor-section-height-default\" data-id=\"a6c6e99\" data-element_type=\"section\">\n<div class=\"elementor-container elementor-column-gap-default\">\n<div class=\"elementor-column elementor-col-100 elementor-top-column elementor-element elementor-element-7f71a7e\" data-id=\"7f71a7e\" data-element_type=\"column\">\n<div class=\"elementor-widget-wrap elementor-element-populated\">\n<div class=\"elementor-element elementor-element-7c6c7bd elementor-widget elementor-widget-text-editor\" data-id=\"7c6c7bd\" data-element_type=\"widget\" data-widget_type=\"text-editor.default\">\n<div class=\"elementor-widget-container\">\n<table class=\"table table-striped\" border=\"0\" width=\"320\" cellspacing=\"0\" cellpadding=\"0\">\n<tbody>\n<tr>\n<td class=\"xl63\" width=\"64\" height=\"77\"><strong>d<\/strong><\/td>\n<td class=\"xl64\" width=\"64\"><strong>bas\u0131n\u00e7 (bar) bas\u0131n\u00e7 (bar)<\/strong><\/td>\n<td class=\"xl65\" width=\"64\"><strong>kg<\/strong><\/td>\n<td class=\"xl63\" width=\"64\"><strong>L (mm)<\/strong><\/td>\n<td class=\"xl63\" width=\"64\"><strong>Z (mm)<\/strong><\/td>\n<\/tr>\n<tr>\n<td class=\"xl63\" height=\"19\">20<\/td>\n<td class=\"xl63\">pn16<\/td>\n<td class=\"xl66\">0,020<\/td>\n<td class=\"xl67\">52<\/td>\n<td class=\"xl67\">70<\/td>\n<\/tr>\n<tr>\n<td class=\"xl63\" height=\"19\">25<\/td>\n<td class=\"xl63\">pn16<\/td>\n<td class=\"xl66\">0,030<\/td>\n<td class=\"xl67\">52<\/td>\n<td class=\"xl67\">75<\/td>\n<\/tr>\n<tr>\n<td class=\"xl63\" height=\"19\">32<\/td>\n<td class=\"xl63\">pn16<\/td>\n<td class=\"xl66\">0,043<\/td>\n<td class=\"xl67\">54<\/td>\n<td class=\"xl67\">78<\/td>\n<\/tr>\n<tr>\n<td class=\"xl63\" height=\"19\">40<\/td>\n<td class=\"xl63\">pn16<\/td>\n<td class=\"xl66\">0,080<\/td>\n<td class=\"xl67\">57<\/td>\n<td class=\"xl67\">85<\/td>\n<\/tr>\n<tr>\n<td class=\"xl63\" height=\"19\">50<\/td>\n<td class=\"xl63\">pn16<\/td>\n<td class=\"xl66\">0,120<\/td>\n<td class=\"xl67\">63<\/td>\n<td class=\"xl67\">90<\/td>\n<\/tr>\n<tr>\n<td class=\"xl63\" height=\"19\">63<\/td>\n<td class=\"xl63\">pn16<\/td>\n<td class=\"xl66\">0,210<\/td>\n<td class=\"xl67\">63<\/td>\n<td class=\"xl67\">95<\/td>\n<\/tr>\n<tr>\n<td class=\"xl63\" height=\"19\">75<\/td>\n<td class=\"xl63\">pn16<\/td>\n<td class=\"xl66\">0,338<\/td>\n<td class=\"xl67\">70<\/td>\n<td class=\"xl67\">105<\/td>\n<\/tr>\n<tr>\n<td class=\"xl63\" height=\"19\">90<\/td>\n<td class=\"xl63\">pn16<\/td>\n<td class=\"xl66\">0,546<\/td>\n<td class=\"xl67\">81<\/td>\n<td class=\"xl67\">120<\/td>\n<\/tr>\n<tr>\n<td class=\"xl63\" height=\"19\">110<\/td>\n<td class=\"xl63\">pn16<\/td>\n<td class=\"xl66\">0,926<\/td>\n<td class=\"xl67\">95<\/td>\n<td class=\"xl67\">135<\/td>\n<\/tr>\n<tr>\n<td class=\"xl63\" height=\"19\">125<\/td>\n<td class=\"xl63\">pn16<\/td>\n<td class=\"xl66\">1,190<\/td>\n<td class=\"xl67\">90<\/td>\n<td class=\"xl67\">135<\/td>\n<\/tr>\n<tr>\n<td class=\"xl63\" height=\"19\">140<\/td>\n<td class=\"xl63\">pn16<\/td>\n<td class=\"xl66\">1,414<\/td>\n<td class=\"xl67\">98<\/td>\n<td class=\"xl67\">140<\/td>\n<\/tr>\n<tr>\n<td class=\"xl63\" height=\"19\">160<\/td>\n<td class=\"xl63\">pn16<\/td>\n<td class=\"xl66\">2,279<\/td>\n<td class=\"xl67\">103<\/td>\n<td class=\"xl67\">165<\/td>\n<\/tr>\n<tr>\n<td class=\"xl70\" rowspan=\"2\" height=\"38\">180<\/td>\n<td class=\"xl68\">pn16<\/td>\n<td class=\"xl69\">2,960<\/td>\n<td class=\"xl72\" rowspan=\"2\">107<\/td>\n<td class=\"xl72\" rowspan=\"2\">170<\/td>\n<\/tr>\n<tr>\n<td class=\"xl68\" height=\"19\">pn10<\/td>\n<td class=\"xl69\">2,160<\/td>\n<\/tr>\n<tr>\n<td class=\"xl70\" rowspan=\"2\" height=\"38\">200<\/td>\n<td class=\"xl68\">pn16<\/td>\n<td class=\"xl69\">4,000<\/td>\n<td class=\"xl72\" rowspan=\"2\">116<\/td>\n<td class=\"xl72\" rowspan=\"2\">186<\/td>\n<\/tr>\n<tr>\n<td class=\"xl68\" height=\"19\">pn10<\/td>\n<td class=\"xl69\">3,650<\/td>\n<\/tr>\n<tr>\n<td class=\"xl70\" rowspan=\"2\" height=\"38\">225<\/td>\n<td class=\"xl68\">pn16<\/td>\n<td class=\"xl69\">5,320<\/td>\n<td class=\"xl72\" rowspan=\"2\">123<\/td>\n<td class=\"xl72\" rowspan=\"2\">200<\/td>\n<\/tr>\n<tr>\n<td class=\"xl68\" height=\"19\">pn10<\/td>\n<td class=\"xl69\">3,940<\/td>\n<\/tr>\n<tr>\n<td class=\"xl70\" rowspan=\"2\" height=\"38\">250<\/td>\n<td class=\"xl68\">pn16<\/td>\n<td class=\"xl69\">7,200<\/td>\n<td class=\"xl72\" rowspan=\"2\">130<\/td>\n<td class=\"xl72\" rowspan=\"2\">220<\/td>\n<\/tr>\n<tr>\n<td class=\"xl68\" height=\"19\">pn10<\/td>\n<td class=\"xl69\">5,260<\/td>\n<\/tr>\n<tr>\n<td class=\"xl70\" rowspan=\"2\" height=\"38\">280<\/td>\n<td class=\"xl68\">pn16<\/td>\n<td class=\"xl69\">9,800<\/td>\n<td class=\"xl72\" rowspan=\"2\">139<\/td>\n<td class=\"xl72\" rowspan=\"2\">230<\/td>\n<\/tr>\n<tr>\n<td class=\"xl68\" height=\"19\">pn10<\/td>\n<td class=\"xl69\">7,200<\/td>\n<\/tr>\n<tr>\n<td class=\"xl70\" rowspan=\"2\" height=\"38\">315<\/td>\n<td class=\"xl68\">pn16<\/td>\n<td class=\"xl69\">12,800<\/td>\n<td class=\"xl72\" rowspan=\"2\">150<\/td>\n<td class=\"xl72\" rowspan=\"2\">250<\/td>\n<\/tr>\n<tr>\n<td class=\"xl68\" height=\"19\">pn10<\/td>\n<td class=\"xl69\">9,700<\/td>\n<\/tr>\n<\/tbody>\n<\/table>\n<\/div>\n","protected":false},"excerpt":{"rendered":"<p>PE100 enjeksiyon dirsekler, orjinal karbon siyah\u0131 katk\u0131l\u0131 PE100 gran\u00fcl hammadde bas\u0131n\u00e7l\u0131 \u015fekilde kal\u0131plara enjekte edilerek \u00fcretilir. PE100 boruyu istenilen y\u00f6ne \u00e7evirmek i\u00e7in kullan\u0131l\u0131r.<\/p>\n","protected":false},"featured_media":758,"comment_status":"open","ping_status":"closed","template":"","meta":[],"product_cat":[24],"product_tag":[],"class_list":{"0":"post-754","1":"product","2":"type-product","3":"status-publish","4":"has-post-thumbnail","6":"product_cat-enjeksiyon","8":"first","9":"instock","10":"shipping-taxable","11":"product-type-external"},"_links":{"self":[{"href":"https:\/\/www.zirve-yapi.com.tr\/zirve\/wp-json\/wp\/v2\/product\/754"}],"collection":[{"href":"https:\/\/www.zirve-yapi.com.tr\/zirve\/wp-json\/wp\/v2\/product"}],"about":[{"href":"https:\/\/www.zirve-yapi.com.tr\/zirve\/wp-json\/wp\/v2\/types\/product"}],"replies":[{"embeddable":true,"href":"https:\/\/www.zirve-yapi.com.tr\/zirve\/wp-json\/wp\/v2\/comments?post=754"}],"wp:featuredmedia":[{"embeddable":true,"href":"https:\/\/www.zirve-yapi.com.tr\/zirve\/wp-json\/wp\/v2\/media\/758"}],"wp:attachment":[{"href":"https:\/\/www.zirve-yapi.com.tr\/zirve\/wp-json\/wp\/v2\/media?parent=754"}],"wp:term":[{"taxonomy":"product_cat","embeddable":true,"href":"https:\/\/www.zirve-yapi.com.tr\/zirve\/wp-json\/wp\/v2\/product_cat?post=754"},{"taxonomy":"product_tag","embeddable":true,"href":"https:\/\/www.zirve-yapi.com.tr\/zirve\/wp-json\/wp\/v2\/product_tag?post=754"}],"curies":[{"name":"wp","href":"https:\/\/api.w.org\/{rel}","templated":true}]}}