{"id":762,"date":"2024-11-11T15:30:28","date_gmt":"2024-11-11T12:30:28","guid":{"rendered":"https:\/\/www.zirve-yapi.com.tr\/zirve\/?post_type=product&#038;p=762"},"modified":"2024-11-11T15:30:28","modified_gmt":"2024-11-11T12:30:28","slug":"pe100-90-dirsek","status":"publish","type":"product","link":"https:\/\/www.zirve-yapi.com.tr\/zirve\/urun\/pe100-90-dirsek\/","title":{"rendered":"PE100- 90\u00b0 D\u0130RSEK"},"content":{"rendered":"<table class=\"table table-striped\" border=\"0\" width=\"320\" cellspacing=\"0\" cellpadding=\"0\">\n<tbody>\n<tr>\n<td class=\"xl63\" width=\"64\" height=\"77\"><strong>d<\/strong><\/td>\n<td class=\"xl64\" width=\"64\"><strong>bas\u0131n\u00e7 (bar) bas\u0131n\u00e7 (bar)<\/strong><\/td>\n<td class=\"xl65\" width=\"64\"><strong>kg<\/strong><\/td>\n<td class=\"xl63\" width=\"64\"><strong>L (mm)<\/strong><\/td>\n<td class=\"xl63\" width=\"64\"><strong>Z (mm)<\/strong><\/td>\n<\/tr>\n<tr>\n<td class=\"xl63\" height=\"19\">20<\/td>\n<td class=\"xl63\">pn16<\/td>\n<td class=\"xl66\">0,022<\/td>\n<td class=\"xl67\">50<\/td>\n<td class=\"xl67\">70<\/td>\n<\/tr>\n<tr>\n<td class=\"xl63\" height=\"19\">25<\/td>\n<td class=\"xl63\">pn16<\/td>\n<td class=\"xl66\">0,033<\/td>\n<td class=\"xl67\">52<\/td>\n<td class=\"xl67\">75<\/td>\n<\/tr>\n<tr>\n<td class=\"xl63\" height=\"19\">32<\/td>\n<td class=\"xl63\">pn16<\/td>\n<td class=\"xl66\">0,046<\/td>\n<td class=\"xl67\">54<\/td>\n<td class=\"xl67\">80<\/td>\n<\/tr>\n<tr>\n<td class=\"xl63\" height=\"19\">40<\/td>\n<td class=\"xl63\">pn16<\/td>\n<td class=\"xl66\">0,082<\/td>\n<td class=\"xl67\">55<\/td>\n<td class=\"xl67\">85<\/td>\n<\/tr>\n<tr>\n<td class=\"xl63\" height=\"19\">50<\/td>\n<td class=\"xl63\">pn16<\/td>\n<td class=\"xl66\">0,133<\/td>\n<td class=\"xl67\">60<\/td>\n<td class=\"xl67\">105<\/td>\n<\/tr>\n<tr>\n<td class=\"xl63\" height=\"19\">63<\/td>\n<td class=\"xl63\">pn16<\/td>\n<td class=\"xl66\">0,282<\/td>\n<td class=\"xl67\">65<\/td>\n<td class=\"xl67\">110<\/td>\n<\/tr>\n<tr>\n<td class=\"xl63\" height=\"19\">75<\/td>\n<td class=\"xl63\">pn16<\/td>\n<td class=\"xl66\">0,363<\/td>\n<td class=\"xl67\">70<\/td>\n<td class=\"xl67\">120<\/td>\n<\/tr>\n<tr>\n<td class=\"xl63\" height=\"19\">90<\/td>\n<td class=\"xl63\">pn16<\/td>\n<td class=\"xl66\">0,722<\/td>\n<td class=\"xl67\">80<\/td>\n<td class=\"xl67\">150<\/td>\n<\/tr>\n<tr>\n<td class=\"xl63\" height=\"19\">110<\/td>\n<td class=\"xl63\">pn16<\/td>\n<td class=\"xl66\">1,128<\/td>\n<td class=\"xl67\">88<\/td>\n<td class=\"xl67\">152<\/td>\n<\/tr>\n<tr>\n<td class=\"xl63\" height=\"19\">125<\/td>\n<td class=\"xl63\">pn16<\/td>\n<td class=\"xl66\">1,631<\/td>\n<td class=\"xl67\">94<\/td>\n<td class=\"xl67\">170<\/td>\n<\/tr>\n<tr>\n<td class=\"xl63\" height=\"19\">140<\/td>\n<td class=\"xl63\">pn16<\/td>\n<td class=\"xl66\">1,850<\/td>\n<td class=\"xl67\">97<\/td>\n<td class=\"xl67\">170<\/td>\n<\/tr>\n<tr>\n<td class=\"xl63\" height=\"19\">160<\/td>\n<td class=\"xl63\">pn16<\/td>\n<td class=\"xl66\">2,909<\/td>\n<td class=\"xl67\">113<\/td>\n<td class=\"xl67\">200<\/td>\n<\/tr>\n<tr>\n<td class=\"xl70\" rowspan=\"2\" height=\"38\">180<\/td>\n<td class=\"xl68\">pn16<\/td>\n<td class=\"xl69\">3,545<\/td>\n<td class=\"xl72\" rowspan=\"2\">110<\/td>\n<td class=\"xl72\" rowspan=\"2\">200<\/td>\n<\/tr>\n<tr>\n<td class=\"xl68\" height=\"19\">pn10<\/td>\n<td class=\"xl69\">2,708<\/td>\n<\/tr>\n<tr>\n<td class=\"xl70\" rowspan=\"2\" height=\"38\">200<\/td>\n<td class=\"xl68\">pn16<\/td>\n<td class=\"xl69\">5,172<\/td>\n<td class=\"xl72\" rowspan=\"2\">117<\/td>\n<td class=\"xl72\" rowspan=\"2\">215<\/td>\n<\/tr>\n<tr>\n<td class=\"xl68\" height=\"19\">pn10<\/td>\n<td class=\"xl69\">3,803<\/td>\n<\/tr>\n<tr>\n<td class=\"xl70\" rowspan=\"2\" height=\"38\">225<\/td>\n<td class=\"xl68\">pn16<\/td>\n<td class=\"xl69\">7,391<\/td>\n<td class=\"xl72\" rowspan=\"2\">122<\/td>\n<td class=\"xl72\" rowspan=\"2\">230<\/td>\n<\/tr>\n<tr>\n<td class=\"xl68\" height=\"19\">pn10<\/td>\n<td class=\"xl69\">5,242<\/td>\n<\/tr>\n<tr>\n<td class=\"xl70\" rowspan=\"2\" height=\"38\">250<\/td>\n<td class=\"xl68\">pn16<\/td>\n<td class=\"xl69\">8,740<\/td>\n<td class=\"xl72\" rowspan=\"2\">130<\/td>\n<td class=\"xl72\" rowspan=\"2\">292<\/td>\n<\/tr>\n<tr>\n<td class=\"xl68\" height=\"19\">pn10<\/td>\n<td class=\"xl69\">6,780<\/td>\n<\/tr>\n<tr>\n<td class=\"xl70\" rowspan=\"2\" height=\"38\">280<\/td>\n<td class=\"xl68\">pn16<\/td>\n<td class=\"xl69\">12,300<\/td>\n<td class=\"xl72\" rowspan=\"2\">139<\/td>\n<td class=\"xl72\" rowspan=\"2\">320<\/td>\n<\/tr>\n<tr>\n<td class=\"xl68\" height=\"19\">pn10<\/td>\n<td class=\"xl69\">9,200<\/td>\n<\/tr>\n<tr>\n<td class=\"xl70\" rowspan=\"2\" height=\"38\">315<\/td>\n<td class=\"xl68\">pn16<\/td>\n<td class=\"xl69\">17,500<\/td>\n<td class=\"xl72\" rowspan=\"2\">143<\/td>\n<td class=\"xl72\" rowspan=\"2\">300<\/td>\n<\/tr>\n<tr>\n<td class=\"xl68\" height=\"19\">pn10<\/td>\n<td class=\"xl69\">13,500<\/td>\n<\/tr>\n<\/tbody>\n<\/table>\n","protected":false},"excerpt":{"rendered":"<p>PE100 enjeksiyon dirsekler, orjinal karbon siyah\u0131 katk\u0131l\u0131 PE100 gran\u00fcl hammadde bas\u0131n\u00e7l\u0131 \u015fekilde kal\u0131plara enjekte edilerek \u00fcretilir. PE100 boruyu istenilen y\u00f6ne \u00e7evirmek i\u00e7in kullan\u0131l\u0131r.<\/p>\n","protected":false},"featured_media":767,"comment_status":"open","ping_status":"closed","template":"","meta":[],"product_cat":[24],"product_tag":[],"class_list":{"0":"post-762","1":"product","2":"type-product","3":"status-publish","4":"has-post-thumbnail","6":"product_cat-enjeksiyon","8":"first","9":"instock","10":"shipping-taxable","11":"product-type-external"},"_links":{"self":[{"href":"https:\/\/www.zirve-yapi.com.tr\/zirve\/wp-json\/wp\/v2\/product\/762"}],"collection":[{"href":"https:\/\/www.zirve-yapi.com.tr\/zirve\/wp-json\/wp\/v2\/product"}],"about":[{"href":"https:\/\/www.zirve-yapi.com.tr\/zirve\/wp-json\/wp\/v2\/types\/product"}],"replies":[{"embeddable":true,"href":"https:\/\/www.zirve-yapi.com.tr\/zirve\/wp-json\/wp\/v2\/comments?post=762"}],"wp:featuredmedia":[{"embeddable":true,"href":"https:\/\/www.zirve-yapi.com.tr\/zirve\/wp-json\/wp\/v2\/media\/767"}],"wp:attachment":[{"href":"https:\/\/www.zirve-yapi.com.tr\/zirve\/wp-json\/wp\/v2\/media?parent=762"}],"wp:term":[{"taxonomy":"product_cat","embeddable":true,"href":"https:\/\/www.zirve-yapi.com.tr\/zirve\/wp-json\/wp\/v2\/product_cat?post=762"},{"taxonomy":"product_tag","embeddable":true,"href":"https:\/\/www.zirve-yapi.com.tr\/zirve\/wp-json\/wp\/v2\/product_tag?post=762"}],"curies":[{"name":"wp","href":"https:\/\/api.w.org\/{rel}","templated":true}]}}