{"id":771,"date":"2024-11-11T15:32:06","date_gmt":"2024-11-11T12:32:06","guid":{"rendered":"https:\/\/www.zirve-yapi.com.tr\/zirve\/?post_type=product&#038;p=771"},"modified":"2024-11-11T15:32:06","modified_gmt":"2024-11-11T12:32:06","slug":"pe100-kep","status":"publish","type":"product","link":"https:\/\/www.zirve-yapi.com.tr\/zirve\/urun\/pe100-kep\/","title":{"rendered":"PE100-kep"},"content":{"rendered":"<table class=\"table table-striped\" border=\"0\" width=\"256\" cellspacing=\"0\" cellpadding=\"0\">\n<tbody>\n<tr>\n<td class=\"xl63\" width=\"64\" height=\"77\"><strong>d<\/strong><\/td>\n<td class=\"xl64\" width=\"64\"><strong>bas\u0131n\u00e7 (bar) bas\u0131n\u00e7 (bar)<\/strong><\/td>\n<td class=\"xl65\" width=\"64\"><strong>kg<\/strong><\/td>\n<td class=\"xl63\" width=\"64\"><strong>L (mm)<\/strong><\/td>\n<\/tr>\n<tr>\n<td class=\"xl66\" height=\"19\"><strong>20<\/strong><\/td>\n<td class=\"xl67\"><strong>pn16<\/strong><\/td>\n<td class=\"xl68\">0,010<\/td>\n<td class=\"xl69\">44<\/td>\n<\/tr>\n<tr>\n<td class=\"xl66\" height=\"19\"><strong>25<\/strong><\/td>\n<td class=\"xl67\"><strong>pn16<\/strong><\/td>\n<td class=\"xl68\">0,012<\/td>\n<td class=\"xl69\">45<\/td>\n<\/tr>\n<tr>\n<td class=\"xl66\" height=\"19\"><strong>32<\/strong><\/td>\n<td class=\"xl67\"><strong>pn16<\/strong><\/td>\n<td class=\"xl68\">0,015<\/td>\n<td class=\"xl69\">44<\/td>\n<\/tr>\n<tr>\n<td class=\"xl66\" height=\"19\"><strong>40<\/strong><\/td>\n<td class=\"xl67\"><strong>pn16<\/strong><\/td>\n<td class=\"xl68\">0,025<\/td>\n<td class=\"xl69\">48<\/td>\n<\/tr>\n<tr>\n<td class=\"xl66\" height=\"19\"><strong>50<\/strong><\/td>\n<td class=\"xl67\"><strong>pn16<\/strong><\/td>\n<td class=\"xl68\">0,051<\/td>\n<td class=\"xl69\">57<\/td>\n<\/tr>\n<tr>\n<td class=\"xl66\" height=\"19\"><strong>63<\/strong><\/td>\n<td class=\"xl67\"><strong>pn16<\/strong><\/td>\n<td class=\"xl68\">0,075<\/td>\n<td class=\"xl69\">58<\/td>\n<\/tr>\n<tr>\n<td class=\"xl66\" height=\"19\"><strong>75<\/strong><\/td>\n<td class=\"xl67\"><strong>pn16<\/strong><\/td>\n<td class=\"xl68\">0,124<\/td>\n<td class=\"xl69\">63<\/td>\n<\/tr>\n<tr>\n<td class=\"xl66\" height=\"19\"><strong>90<\/strong><\/td>\n<td class=\"xl67\"><strong>pn16<\/strong><\/td>\n<td class=\"xl68\">0,232<\/td>\n<td class=\"xl69\">77<\/td>\n<\/tr>\n<tr>\n<td class=\"xl66\" height=\"19\"><strong>110<\/strong><\/td>\n<td class=\"xl67\"><strong>pn16<\/strong><\/td>\n<td class=\"xl68\">0,389<\/td>\n<td class=\"xl69\">90<\/td>\n<\/tr>\n<tr>\n<td class=\"xl66\" height=\"19\"><strong>125<\/strong><\/td>\n<td class=\"xl67\"><strong>pn16<\/strong><\/td>\n<td class=\"xl68\">0,490<\/td>\n<td class=\"xl69\">91<\/td>\n<\/tr>\n<tr>\n<td class=\"xl66\" height=\"19\"><strong>140<\/strong><\/td>\n<td class=\"xl67\"><strong>pn16<\/strong><\/td>\n<td class=\"xl68\">0,612<\/td>\n<td class=\"xl69\">85<\/td>\n<\/tr>\n<tr>\n<td class=\"xl66\" height=\"19\"><strong>160<\/strong><\/td>\n<td class=\"xl67\"><strong>pn16<\/strong><\/td>\n<td class=\"xl68\">1,051<\/td>\n<td class=\"xl69\">115<\/td>\n<\/tr>\n<tr>\n<td class=\"xl66\" height=\"19\"><strong>180<\/strong><\/td>\n<td class=\"xl67\"><strong>pn16<\/strong><\/td>\n<td class=\"xl68\">1,232<\/td>\n<td class=\"xl69\">110<\/td>\n<\/tr>\n<tr>\n<td class=\"xl66\" height=\"19\"><strong>200<\/strong><\/td>\n<td class=\"xl67\"><strong>pn16<\/strong><\/td>\n<td class=\"xl68\">1,597<\/td>\n<td class=\"xl69\">116<\/td>\n<\/tr>\n<tr>\n<td class=\"xl66\" height=\"19\"><strong>225<\/strong><\/td>\n<td class=\"xl67\"><strong>pn16<\/strong><\/td>\n<td class=\"xl68\">2,195<\/td>\n<td class=\"xl69\">125<\/td>\n<\/tr>\n<tr>\n<td class=\"xl66\" height=\"19\"><strong>250<\/strong><\/td>\n<td class=\"xl67\"><strong>pn16<\/strong><\/td>\n<td class=\"xl68\">3,000<\/td>\n<td class=\"xl69\">130<\/td>\n<\/tr>\n<tr>\n<td class=\"xl66\" height=\"19\"><strong>280<\/strong><\/td>\n<td class=\"xl67\"><strong>pn16<\/strong><\/td>\n<td class=\"xl68\">4,200<\/td>\n<td class=\"xl69\">139<\/td>\n<\/tr>\n<tr>\n<td class=\"xl66\" height=\"19\"><strong>315<\/strong><\/td>\n<td class=\"xl67\"><strong>pn16<\/strong><\/td>\n<td class=\"xl68\">6,000<\/td>\n<td class=\"xl69\">150<\/td>\n<\/tr>\n<\/tbody>\n<\/table>\n","protected":false},"excerpt":{"rendered":"<p>PE100 enjeksiyon k\u00f6r tapa, orjinal karbon siyah\u0131 katk\u0131l\u0131 PE100 gran\u00fcl hammadde bas\u0131n\u00e7l\u0131 \u015fekilde kal\u0131plara enjekte edilmesiyle \u00fcretilir. Al\u0131n kaynak veya elektrof\u00fczyon man\u015fon kullan\u0131larak hatt\u0131n sonunu kapatmak i\u00e7in kullan\u0131l\u0131r.<\/p>\n","protected":false},"featured_media":775,"comment_status":"open","ping_status":"closed","template":"","meta":[],"product_cat":[24],"product_tag":[],"class_list":{"0":"post-771","1":"product","2":"type-product","3":"status-publish","4":"has-post-thumbnail","6":"product_cat-enjeksiyon","8":"first","9":"instock","10":"shipping-taxable","11":"product-type-external"},"_links":{"self":[{"href":"https:\/\/www.zirve-yapi.com.tr\/zirve\/wp-json\/wp\/v2\/product\/771"}],"collection":[{"href":"https:\/\/www.zirve-yapi.com.tr\/zirve\/wp-json\/wp\/v2\/product"}],"about":[{"href":"https:\/\/www.zirve-yapi.com.tr\/zirve\/wp-json\/wp\/v2\/types\/product"}],"replies":[{"embeddable":true,"href":"https:\/\/www.zirve-yapi.com.tr\/zirve\/wp-json\/wp\/v2\/comments?post=771"}],"wp:featuredmedia":[{"embeddable":true,"href":"https:\/\/www.zirve-yapi.com.tr\/zirve\/wp-json\/wp\/v2\/media\/775"}],"wp:attachment":[{"href":"https:\/\/www.zirve-yapi.com.tr\/zirve\/wp-json\/wp\/v2\/media?parent=771"}],"wp:term":[{"taxonomy":"product_cat","embeddable":true,"href":"https:\/\/www.zirve-yapi.com.tr\/zirve\/wp-json\/wp\/v2\/product_cat?post=771"},{"taxonomy":"product_tag","embeddable":true,"href":"https:\/\/www.zirve-yapi.com.tr\/zirve\/wp-json\/wp\/v2\/product_tag?post=771"}],"curies":[{"name":"wp","href":"https:\/\/api.w.org\/{rel}","templated":true}]}}