{"id":779,"date":"2024-11-11T15:33:58","date_gmt":"2024-11-11T12:33:58","guid":{"rendered":"https:\/\/www.zirve-yapi.com.tr\/zirve\/?post_type=product&#038;p=779"},"modified":"2024-11-11T15:33:58","modified_gmt":"2024-11-11T12:33:58","slug":"pe100-esit-te","status":"publish","type":"product","link":"https:\/\/www.zirve-yapi.com.tr\/zirve\/urun\/pe100-esit-te\/","title":{"rendered":"PE100-E\u015fit TE"},"content":{"rendered":"<table class=\"table table-striped\" border=\"0\" width=\"384\" cellspacing=\"0\" cellpadding=\"0\">\n<tbody>\n<tr>\n<td class=\"xl63\" width=\"64\" height=\"77\"><strong>d<\/strong><\/td>\n<td class=\"xl64\" width=\"64\"><strong>bas\u0131n\u00e7 (bar) bas\u0131n\u00e7 (bar)<\/strong><\/td>\n<td class=\"xl63\" width=\"64\"><strong>kg<\/strong><\/td>\n<td class=\"xl63\" width=\"64\"><strong>L (mm)<\/strong><\/td>\n<td class=\"xl63\" width=\"64\"><strong>L1 (mm)<\/strong><\/td>\n<td class=\"xl63\" width=\"64\"><strong>Z (mm)<\/strong><\/td>\n<\/tr>\n<tr>\n<td class=\"xl65\" height=\"19\"><strong>20<\/strong><\/td>\n<td class=\"xl65\"><strong>pn16<\/strong><\/td>\n<td class=\"xl66\">0,034<\/td>\n<td class=\"xl67\">148<\/td>\n<td class=\"xl67\">52<\/td>\n<td class=\"xl67\">80<\/td>\n<\/tr>\n<tr>\n<td class=\"xl65\" height=\"19\"><strong>25<\/strong><\/td>\n<td class=\"xl65\"><strong>pn16<\/strong><\/td>\n<td class=\"xl66\">0,047<\/td>\n<td class=\"xl67\">156<\/td>\n<td class=\"xl67\">52<\/td>\n<td class=\"xl67\">85<\/td>\n<\/tr>\n<tr>\n<td class=\"xl65\" height=\"19\"><strong>32<\/strong><\/td>\n<td class=\"xl65\"><strong>pn16<\/strong><\/td>\n<td class=\"xl66\">0,063<\/td>\n<td class=\"xl67\">144<\/td>\n<td class=\"xl67\">44<\/td>\n<td class=\"xl67\">72<\/td>\n<\/tr>\n<tr>\n<td class=\"xl65\" height=\"19\"><strong>40<\/strong><\/td>\n<td class=\"xl65\"><strong>pn16<\/strong><\/td>\n<td class=\"xl66\">0,113<\/td>\n<td class=\"xl67\">165<\/td>\n<td class=\"xl67\">50<\/td>\n<td class=\"xl67\">84<\/td>\n<\/tr>\n<tr>\n<td class=\"xl65\" height=\"19\"><strong>50<\/strong><\/td>\n<td class=\"xl65\"><strong>pn16<\/strong><\/td>\n<td class=\"xl66\">0,196<\/td>\n<td class=\"xl67\">196<\/td>\n<td class=\"xl67\">55<\/td>\n<td class=\"xl67\">96<\/td>\n<\/tr>\n<tr>\n<td class=\"xl65\" height=\"19\"><strong>63<\/strong><\/td>\n<td class=\"xl65\"><strong>pn16<\/strong><\/td>\n<td class=\"xl66\">0,388<\/td>\n<td class=\"xl67\">210<\/td>\n<td class=\"xl67\">56<\/td>\n<td class=\"xl67\">105<\/td>\n<\/tr>\n<tr>\n<td class=\"xl65\" height=\"19\"><strong>75<\/strong><\/td>\n<td class=\"xl65\"><strong>pn16<\/strong><\/td>\n<td class=\"xl66\">0,590<\/td>\n<td class=\"xl67\">244<\/td>\n<td class=\"xl67\">63<\/td>\n<td class=\"xl67\">123<\/td>\n<\/tr>\n<tr>\n<td class=\"xl65\" height=\"19\"><strong>90<\/strong><\/td>\n<td class=\"xl65\"><strong>pn16<\/strong><\/td>\n<td class=\"xl66\">0,825<\/td>\n<td class=\"xl67\">283<\/td>\n<td class=\"xl67\">81<\/td>\n<td class=\"xl67\">140<\/td>\n<\/tr>\n<tr>\n<td class=\"xl65\" height=\"19\"><strong>110<\/strong><\/td>\n<td class=\"xl65\"><strong>pn16<\/strong><\/td>\n<td class=\"xl66\">1,642<\/td>\n<td class=\"xl67\">333<\/td>\n<td class=\"xl67\">87<\/td>\n<td class=\"xl67\">164<\/td>\n<\/tr>\n<tr>\n<td class=\"xl65\" height=\"19\"><strong>125<\/strong><\/td>\n<td class=\"xl65\"><strong>pn16<\/strong><\/td>\n<td class=\"xl66\">2,270<\/td>\n<td class=\"xl67\">366<\/td>\n<td class=\"xl67\">89<\/td>\n<td class=\"xl67\">180<\/td>\n<\/tr>\n<tr>\n<td class=\"xl65\" height=\"19\"><strong>140<\/strong><\/td>\n<td class=\"xl65\"><strong>pn16<\/strong><\/td>\n<td class=\"xl66\">3,130<\/td>\n<td class=\"xl67\">404<\/td>\n<td class=\"xl67\">93<\/td>\n<td class=\"xl67\">188<\/td>\n<\/tr>\n<tr>\n<td class=\"xl65\" height=\"19\"><strong>160<\/strong><\/td>\n<td class=\"xl65\"><strong>pn16<\/strong><\/td>\n<td class=\"xl66\">4,066<\/td>\n<td class=\"xl67\">425<\/td>\n<td class=\"xl67\">102<\/td>\n<td class=\"xl67\">210<\/td>\n<\/tr>\n<tr>\n<td class=\"xl65\" height=\"19\"><strong>180<\/strong><\/td>\n<td class=\"xl65\"><strong>pn16<\/strong><\/td>\n<td class=\"xl66\">5,369<\/td>\n<td class=\"xl67\">460<\/td>\n<td class=\"xl67\">110<\/td>\n<td class=\"xl67\">227<\/td>\n<\/tr>\n<tr>\n<td class=\"xl65\" rowspan=\"2\" height=\"38\"><strong>200<\/strong><\/td>\n<td class=\"xl65\"><strong>pn16<\/strong><\/td>\n<td class=\"xl66\">6,633<\/td>\n<td class=\"xl67\" rowspan=\"2\">470<\/td>\n<td class=\"xl67\" rowspan=\"2\">116<\/td>\n<td class=\"xl67\" rowspan=\"2\">238<\/td>\n<\/tr>\n<tr>\n<td class=\"xl65\" height=\"19\"><strong>pn10<\/strong><\/td>\n<td class=\"xl66\">4,777<\/td>\n<\/tr>\n<tr>\n<td class=\"xl65\" rowspan=\"2\" height=\"38\"><strong>225<\/strong><\/td>\n<td class=\"xl65\"><strong>pn16<\/strong><\/td>\n<td class=\"xl66\">9,700<\/td>\n<td class=\"xl67\" rowspan=\"2\">520<\/td>\n<td class=\"xl67\" rowspan=\"2\">125<\/td>\n<td class=\"xl67\" rowspan=\"2\">259<\/td>\n<\/tr>\n<tr>\n<td class=\"xl65\" height=\"19\"><strong>pn10<\/strong><\/td>\n<td class=\"xl66\">7,244<\/td>\n<\/tr>\n<tr>\n<td class=\"xl65\" rowspan=\"2\" height=\"38\"><strong>250<\/strong><\/td>\n<td class=\"xl65\"><strong>pn16<\/strong><\/td>\n<td class=\"xl66\">11,700<\/td>\n<td class=\"xl67\" rowspan=\"2\">560<\/td>\n<td class=\"xl67\" rowspan=\"2\">130<\/td>\n<td class=\"xl67\" rowspan=\"2\">280<\/td>\n<\/tr>\n<tr>\n<td class=\"xl65\" height=\"19\"><strong>pn10<\/strong><\/td>\n<td class=\"xl66\">8,900<\/td>\n<\/tr>\n<tr>\n<td class=\"xl65\" rowspan=\"2\" height=\"38\"><strong>280<\/strong><\/td>\n<td class=\"xl65\"><strong>pn16<\/strong><\/td>\n<td class=\"xl66\">15,500<\/td>\n<td class=\"xl67\" rowspan=\"2\">616<\/td>\n<td class=\"xl67\" rowspan=\"2\">139<\/td>\n<td class=\"xl67\" rowspan=\"2\">308<\/td>\n<\/tr>\n<tr>\n<td class=\"xl65\" height=\"19\"><strong>pn10<\/strong><\/td>\n<td class=\"xl66\">11,700<\/td>\n<\/tr>\n<tr>\n<td class=\"xl65\" rowspan=\"2\" height=\"38\"><strong>315<\/strong><\/td>\n<td class=\"xl65\"><strong>pn16<\/strong><\/td>\n<td class=\"xl66\">21,900<\/td>\n<td class=\"xl67\" rowspan=\"2\">690<\/td>\n<td class=\"xl67\" rowspan=\"2\">150<\/td>\n<td class=\"xl67\" rowspan=\"2\">345<\/td>\n<\/tr>\n<tr>\n<td class=\"xl65\" height=\"19\"><strong>pn10<\/strong><\/td>\n<td class=\"xl66\">15,500<\/td>\n<\/tr>\n<\/tbody>\n<\/table>\n","protected":false},"excerpt":{"rendered":"<p>PE100 enjeksiyon e\u015fit teler, orjinal karbon siyah\u0131 katk\u0131l\u0131 PE100 gran\u00fcl hammadde bas\u0131n\u00e7l\u0131 \u015fekilde kal\u0131plara enjekte edilerek \u00fcretilir. Ayn\u0131 \u00e7aptaki 3 adet PE100 boruyu birbirine ba\u011flamak i\u00e7in kullan\u0131l\u0131r.<\/p>\n","protected":false},"featured_media":783,"comment_status":"open","ping_status":"closed","template":"","meta":[],"product_cat":[24],"product_tag":[],"class_list":{"0":"post-779","1":"product","2":"type-product","3":"status-publish","4":"has-post-thumbnail","6":"product_cat-enjeksiyon","8":"first","9":"instock","10":"shipping-taxable","11":"product-type-external"},"_links":{"self":[{"href":"https:\/\/www.zirve-yapi.com.tr\/zirve\/wp-json\/wp\/v2\/product\/779"}],"collection":[{"href":"https:\/\/www.zirve-yapi.com.tr\/zirve\/wp-json\/wp\/v2\/product"}],"about":[{"href":"https:\/\/www.zirve-yapi.com.tr\/zirve\/wp-json\/wp\/v2\/types\/product"}],"replies":[{"embeddable":true,"href":"https:\/\/www.zirve-yapi.com.tr\/zirve\/wp-json\/wp\/v2\/comments?post=779"}],"wp:featuredmedia":[{"embeddable":true,"href":"https:\/\/www.zirve-yapi.com.tr\/zirve\/wp-json\/wp\/v2\/media\/783"}],"wp:attachment":[{"href":"https:\/\/www.zirve-yapi.com.tr\/zirve\/wp-json\/wp\/v2\/media?parent=779"}],"wp:term":[{"taxonomy":"product_cat","embeddable":true,"href":"https:\/\/www.zirve-yapi.com.tr\/zirve\/wp-json\/wp\/v2\/product_cat?post=779"},{"taxonomy":"product_tag","embeddable":true,"href":"https:\/\/www.zirve-yapi.com.tr\/zirve\/wp-json\/wp\/v2\/product_tag?post=779"}],"curies":[{"name":"wp","href":"https:\/\/api.w.org\/{rel}","templated":true}]}}