{"id":786,"date":"2024-11-11T15:36:07","date_gmt":"2024-11-11T12:36:07","guid":{"rendered":"https:\/\/www.zirve-yapi.com.tr\/zirve\/?post_type=product&#038;p=786"},"modified":"2024-11-11T15:36:07","modified_gmt":"2024-11-11T12:36:07","slug":"pe100-flans-adaptoru","status":"publish","type":"product","link":"https:\/\/www.zirve-yapi.com.tr\/zirve\/urun\/pe100-flans-adaptoru\/","title":{"rendered":"PE100-FLAN\u015e ADAPT\u00d6R\u00dc"},"content":{"rendered":"<table class=\"table table-striped\" border=\"0\" width=\"512\" cellspacing=\"0\" cellpadding=\"0\">\n<tbody>\n<tr>\n<td class=\"xl63\" width=\"64\" height=\"77\"><strong>d<\/strong><\/td>\n<td class=\"xl64\" width=\"64\"><strong>bas\u0131n\u00e7 (bar)<\/strong><\/td>\n<td class=\"xl65\" width=\"64\"><strong>kg<\/strong><\/td>\n<td class=\"xl63\" width=\"64\"><strong>L (mm)<\/strong><\/td>\n<td class=\"xl63\" width=\"64\"><strong>L1 (mm)<\/strong><\/td>\n<td class=\"xl63\" width=\"64\"><strong>d1 (mm)<\/strong><\/td>\n<td class=\"xl63\" width=\"64\"><strong>d2 (mm)<\/strong><\/td>\n<td class=\"xl63\" width=\"64\"><strong>h (mm)<\/strong><\/td>\n<\/tr>\n<tr>\n<td class=\"xl63\" height=\"19\"><strong>20<\/strong><\/td>\n<td class=\"xl63\"><strong>pn16<\/strong><\/td>\n<td class=\"xl66\">0,026<\/td>\n<td class=\"xl67\">89<\/td>\n<td class=\"xl67\">64<\/td>\n<td class=\"xl67\">27<\/td>\n<td class=\"xl67\">45<\/td>\n<td class=\"xl67\">7<\/td>\n<\/tr>\n<tr>\n<td class=\"xl63\" height=\"19\"><strong>25<\/strong><\/td>\n<td class=\"xl63\"><strong>pn16<\/strong><\/td>\n<td class=\"xl66\">0,038<\/td>\n<td class=\"xl67\">86<\/td>\n<td class=\"xl67\">65<\/td>\n<td class=\"xl67\">33<\/td>\n<td class=\"xl67\">58<\/td>\n<td class=\"xl67\">9<\/td>\n<\/tr>\n<tr>\n<td class=\"xl63\" height=\"19\"><strong>32<\/strong><\/td>\n<td class=\"xl63\"><strong>pn16<\/strong><\/td>\n<td class=\"xl66\">0,050<\/td>\n<td class=\"xl67\">80<\/td>\n<td class=\"xl67\">54<\/td>\n<td class=\"xl67\">42<\/td>\n<td class=\"xl67\">68<\/td>\n<td class=\"xl67\">10<\/td>\n<\/tr>\n<tr>\n<td class=\"xl63\" height=\"19\"><strong>40<\/strong><\/td>\n<td class=\"xl63\"><strong>pn16<\/strong><\/td>\n<td class=\"xl66\">0,089<\/td>\n<td class=\"xl67\">79<\/td>\n<td class=\"xl67\">39<\/td>\n<td class=\"xl67\">52<\/td>\n<td class=\"xl67\">79<\/td>\n<td class=\"xl67\">11<\/td>\n<\/tr>\n<tr>\n<td class=\"xl63\" height=\"19\"><strong>50<\/strong><\/td>\n<td class=\"xl63\"><strong>pn16<\/strong><\/td>\n<td class=\"xl66\">0,129<\/td>\n<td class=\"xl67\">84<\/td>\n<td class=\"xl67\">41<\/td>\n<td class=\"xl67\">62<\/td>\n<td class=\"xl67\">88<\/td>\n<td class=\"xl67\">13<\/td>\n<\/tr>\n<tr>\n<td class=\"xl63\" height=\"19\"><strong>63<\/strong><\/td>\n<td class=\"xl63\"><strong>pn16<\/strong><\/td>\n<td class=\"xl66\">0,194<\/td>\n<td class=\"xl67\">100<\/td>\n<td class=\"xl67\">63<\/td>\n<td class=\"xl67\">72<\/td>\n<td class=\"xl67\">102<\/td>\n<td class=\"xl67\">14<\/td>\n<\/tr>\n<tr>\n<td class=\"xl63\" height=\"19\"><strong>75<\/strong><\/td>\n<td class=\"xl63\"><strong>pn16<\/strong><\/td>\n<td class=\"xl66\">0,325<\/td>\n<td class=\"xl67\">122<\/td>\n<td class=\"xl67\">84<\/td>\n<td class=\"xl67\">85<\/td>\n<td class=\"xl67\">122<\/td>\n<td class=\"xl67\">16<\/td>\n<\/tr>\n<tr>\n<td class=\"xl63\" height=\"19\"><strong>90<\/strong><\/td>\n<td class=\"xl63\"><strong>pn16<\/strong><\/td>\n<td class=\"xl66\">0,475<\/td>\n<td class=\"xl67\">133<\/td>\n<td class=\"xl67\">90<\/td>\n<td class=\"xl67\">108<\/td>\n<td class=\"xl67\">138<\/td>\n<td class=\"xl67\">17<\/td>\n<\/tr>\n<tr>\n<td class=\"xl63\" height=\"19\"><strong>110<\/strong><\/td>\n<td class=\"xl63\"><strong>pn16<\/strong><\/td>\n<td class=\"xl66\">0,664<\/td>\n<td class=\"xl67\">138<\/td>\n<td class=\"xl67\">98<\/td>\n<td class=\"xl67\">126<\/td>\n<td class=\"xl67\">155<\/td>\n<td class=\"xl67\">18<\/td>\n<\/tr>\n<tr>\n<td class=\"xl63\" height=\"19\"><strong>125<\/strong><\/td>\n<td class=\"xl63\"><strong>pn16<\/strong><\/td>\n<td class=\"xl66\">0,843<\/td>\n<td class=\"xl67\">148<\/td>\n<td class=\"xl67\">89<\/td>\n<td class=\"xl67\">132<\/td>\n<td class=\"xl67\">158<\/td>\n<td class=\"xl67\">25<\/td>\n<\/tr>\n<tr>\n<td class=\"xl63\" height=\"19\"><strong>140<\/strong><\/td>\n<td class=\"xl63\"><strong>pn16<\/strong><\/td>\n<td class=\"xl66\">1,174<\/td>\n<td class=\"xl67\">156<\/td>\n<td class=\"xl67\">100<\/td>\n<td class=\"xl67\">152<\/td>\n<td class=\"xl67\">188<\/td>\n<td class=\"xl67\">25<\/td>\n<\/tr>\n<tr>\n<td class=\"xl68\" rowspan=\"2\" height=\"38\"><strong>160<\/strong><\/td>\n<td class=\"xl63\"><strong>pn16<\/strong><\/td>\n<td class=\"xl66\">1,553<\/td>\n<td class=\"xl72\" rowspan=\"2\">158<\/td>\n<td class=\"xl72\" rowspan=\"2\">106<\/td>\n<td class=\"xl72\" rowspan=\"2\">176<\/td>\n<td class=\"xl72\" rowspan=\"2\">209<\/td>\n<td class=\"xl72\" rowspan=\"2\">25<\/td>\n<\/tr>\n<tr>\n<td class=\"xl63\" height=\"19\"><strong>pn10<\/strong><\/td>\n<td class=\"xl66\">1,219<\/td>\n<\/tr>\n<tr>\n<td class=\"xl68\" rowspan=\"2\" height=\"38\"><strong>180<\/strong><\/td>\n<td class=\"xl68\"><strong>pn16<\/strong><\/td>\n<td class=\"xl69\">1,811<\/td>\n<td class=\"xl72\" rowspan=\"2\">173<\/td>\n<td class=\"xl72\" rowspan=\"2\">124<\/td>\n<td class=\"xl72\" rowspan=\"2\">180<\/td>\n<td class=\"xl72\" rowspan=\"2\">209<\/td>\n<td class=\"xl72\" rowspan=\"2\">30<\/td>\n<\/tr>\n<tr>\n<td class=\"xl68\" height=\"19\"><strong>pn10<\/strong><\/td>\n<td class=\"xl69\">1,154<\/td>\n<\/tr>\n<tr>\n<td class=\"xl68\" rowspan=\"2\" height=\"38\"><strong>200<\/strong><\/td>\n<td class=\"xl68\"><strong>pn16<\/strong><\/td>\n<td class=\"xl69\">2,645<\/td>\n<td class=\"xl72\" rowspan=\"2\">180<\/td>\n<td class=\"xl72\" rowspan=\"2\">118<\/td>\n<td class=\"xl72\" rowspan=\"2\">222<\/td>\n<td class=\"xl72\" rowspan=\"2\">267<\/td>\n<td class=\"xl72\" rowspan=\"2\">32<\/td>\n<\/tr>\n<tr>\n<td class=\"xl68\" height=\"19\"><strong>pn10<\/strong><\/td>\n<td class=\"xl69\">2,473<\/td>\n<\/tr>\n<tr>\n<td class=\"xl68\" rowspan=\"2\" height=\"38\"><strong>225<\/strong><\/td>\n<td class=\"xl68\"><strong>pn16<\/strong><\/td>\n<td class=\"xl69\">3,194<\/td>\n<td class=\"xl72\" rowspan=\"2\">190<\/td>\n<td class=\"xl72\" rowspan=\"2\">138<\/td>\n<td class=\"xl72\" rowspan=\"2\">225<\/td>\n<td class=\"xl72\" rowspan=\"2\">269<\/td>\n<td class=\"xl72\" rowspan=\"2\">32<\/td>\n<\/tr>\n<tr>\n<td class=\"xl68\" height=\"19\"><strong>pn10<\/strong><\/td>\n<td class=\"xl69\">2,202<\/td>\n<\/tr>\n<tr>\n<td class=\"xl68\" rowspan=\"2\" height=\"38\"><strong>250<\/strong><\/td>\n<td class=\"xl68\"><strong>pn16<\/strong><\/td>\n<td class=\"xl69\">4,713<\/td>\n<td class=\"xl70\" rowspan=\"2\">208<\/td>\n<td class=\"xl70\" rowspan=\"2\">140<\/td>\n<td class=\"xl70\" rowspan=\"2\">268<\/td>\n<td class=\"xl70\" rowspan=\"2\">320<\/td>\n<td class=\"xl70\" rowspan=\"2\">35<\/td>\n<\/tr>\n<tr>\n<td class=\"xl68\" height=\"19\"><strong>pn10<\/strong><\/td>\n<td class=\"xl69\">3,591<\/td>\n<\/tr>\n<tr>\n<td class=\"xl68\" rowspan=\"2\" height=\"38\"><strong>280<\/strong><\/td>\n<td class=\"xl68\"><strong>pn16<\/strong><\/td>\n<td class=\"xl69\">5,263<\/td>\n<td class=\"xl70\" rowspan=\"2\">215<\/td>\n<td class=\"xl70\" rowspan=\"2\">156<\/td>\n<td class=\"xl70\" rowspan=\"2\">280<\/td>\n<td class=\"xl70\" rowspan=\"2\">320<\/td>\n<td class=\"xl70\" rowspan=\"2\">35<\/td>\n<\/tr>\n<tr>\n<td class=\"xl68\" height=\"19\"><strong>pn10<\/strong><\/td>\n<td class=\"xl69\">3,845<\/td>\n<\/tr>\n<tr>\n<td class=\"xl68\" rowspan=\"2\" height=\"38\"><strong>315<\/strong><\/td>\n<td class=\"xl68\"><strong>pn16<\/strong><\/td>\n<td class=\"xl69\">7,600<\/td>\n<td class=\"xl70\" rowspan=\"2\">247<\/td>\n<td class=\"xl70\" rowspan=\"2\">174<\/td>\n<td class=\"xl70\" rowspan=\"2\">335<\/td>\n<td class=\"xl70\" rowspan=\"2\">370<\/td>\n<td class=\"xl70\" rowspan=\"2\">35<\/td>\n<\/tr>\n<tr>\n<td class=\"xl68\" height=\"19\"><strong>pn10<\/strong><\/td>\n<td class=\"xl69\">5,464<\/td>\n<\/tr>\n<tr>\n<td class=\"xl68\" rowspan=\"2\" height=\"38\"><strong>355<\/strong><\/td>\n<td class=\"xl68\"><strong>pn16<\/strong><\/td>\n<td class=\"xl69\">8,500<\/td>\n<td class=\"xl70\" rowspan=\"2\">258<\/td>\n<td class=\"xl70\" rowspan=\"2\">165<\/td>\n<td class=\"xl70\" rowspan=\"2\">373<\/td>\n<td class=\"xl70\" rowspan=\"2\">430<\/td>\n<td class=\"xl70\" rowspan=\"2\">40<\/td>\n<\/tr>\n<tr>\n<td class=\"xl68\" height=\"19\"><strong>pn10<\/strong><\/td>\n<td class=\"xl69\">6,350<\/td>\n<\/tr>\n<tr>\n<td class=\"xl68\" rowspan=\"2\" height=\"38\"><strong>400<\/strong><\/td>\n<td class=\"xl68\"><strong>pn16<\/strong><\/td>\n<td class=\"xl69\">11,600<\/td>\n<td class=\"xl70\" rowspan=\"2\">285<\/td>\n<td class=\"xl70\" rowspan=\"2\">182<\/td>\n<td class=\"xl70\" rowspan=\"2\">427<\/td>\n<td class=\"xl70\" rowspan=\"2\">482<\/td>\n<td class=\"xl70\" rowspan=\"2\">46<\/td>\n<\/tr>\n<tr>\n<td class=\"xl68\" height=\"19\"><strong>pn10<\/strong><\/td>\n<td class=\"xl69\">9,000<\/td>\n<\/tr>\n<tr>\n<td class=\"xl68\" rowspan=\"2\" height=\"38\"><strong>450<\/strong><\/td>\n<td class=\"xl68\"><strong>pn16<\/strong><\/td>\n<td class=\"xl69\">17,500<\/td>\n<td class=\"xl70\" rowspan=\"2\">250<\/td>\n<td class=\"xl70\" rowspan=\"2\">150<\/td>\n<td class=\"xl70\" rowspan=\"2\">460<\/td>\n<td class=\"xl70\" rowspan=\"2\">535<\/td>\n<td class=\"xl70\" rowspan=\"2\">60<\/td>\n<\/tr>\n<tr>\n<td class=\"xl68\" height=\"19\"><strong>pn10<\/strong><\/td>\n<td class=\"xl69\">12,500<\/td>\n<\/tr>\n<tr>\n<td class=\"xl68\" rowspan=\"2\" height=\"38\"><strong>500<\/strong><\/td>\n<td class=\"xl68\"><strong>pn16<\/strong><\/td>\n<td class=\"xl69\">21,000<\/td>\n<td class=\"xl70\" rowspan=\"2\">270<\/td>\n<td class=\"xl70\" rowspan=\"2\">170<\/td>\n<td class=\"xl70\" rowspan=\"2\">530<\/td>\n<td class=\"xl70\" rowspan=\"2\">585<\/td>\n<td class=\"xl70\" rowspan=\"2\">60<\/td>\n<\/tr>\n<tr>\n<td class=\"xl68\" height=\"19\"><strong>pn10<\/strong><\/td>\n<td class=\"xl69\">15,200<\/td>\n<\/tr>\n<tr>\n<td class=\"xl68\" rowspan=\"2\" height=\"38\"><strong>560<\/strong><\/td>\n<td class=\"xl68\"><strong>pn16<\/strong><\/td>\n<td class=\"xl69\">32,000<\/td>\n<td class=\"xl70\" rowspan=\"2\">280<\/td>\n<td class=\"xl70\" rowspan=\"2\">180<\/td>\n<td class=\"xl70\" rowspan=\"2\">598<\/td>\n<td class=\"xl70\" rowspan=\"2\">685<\/td>\n<td class=\"xl70\" rowspan=\"2\">60<\/td>\n<\/tr>\n<tr>\n<td class=\"xl68\" height=\"19\"><strong>pn10<\/strong><\/td>\n<td class=\"xl69\">23,000<\/td>\n<\/tr>\n<tr>\n<td class=\"xl68\" rowspan=\"2\" height=\"38\"><strong>630<\/strong><\/td>\n<td class=\"xl68\"><strong>pn16<\/strong><\/td>\n<td class=\"xl69\">37,300<\/td>\n<td class=\"xl70\" rowspan=\"2\">270<\/td>\n<td class=\"xl70\" rowspan=\"2\">170<\/td>\n<td class=\"xl70\" rowspan=\"2\">642<\/td>\n<td class=\"xl70\" rowspan=\"2\">685<\/td>\n<td class=\"xl70\" rowspan=\"2\">60<\/td>\n<\/tr>\n<tr>\n<td class=\"xl68\" height=\"19\"><strong>pn10<\/strong><\/td>\n<td class=\"xl69\">26,000<\/td>\n<\/tr>\n<\/tbody>\n<\/table>\n","protected":false},"excerpt":{"rendered":"<p>Flan\u015f adapt\u00f6r\u00fc, uyumlu bir flan\u015f (\u00e7elik, paslanmaz \u00e7elik, pp kapl\u0131 veya kompozit vb gibi.) yard\u0131m\u0131 ile HDPE borular\u0131 di\u011fer boru cinsleri veya flan\u015fl\u0131 ak\u0131\u015f kontrol ara\u00e7lar\u0131na (vanalar, \u00e7ekvalfler, hidrantlar, vantuzlar vb gibi) ba\u011flanmas\u0131n\u0131 sa\u011flar.<\/p>\n","protected":false},"featured_media":787,"comment_status":"open","ping_status":"closed","template":"","meta":[],"product_cat":[24],"product_tag":[],"class_list":{"0":"post-786","1":"product","2":"type-product","3":"status-publish","4":"has-post-thumbnail","6":"product_cat-enjeksiyon","8":"first","9":"instock","10":"shipping-taxable","11":"product-type-external"},"_links":{"self":[{"href":"https:\/\/www.zirve-yapi.com.tr\/zirve\/wp-json\/wp\/v2\/product\/786"}],"collection":[{"href":"https:\/\/www.zirve-yapi.com.tr\/zirve\/wp-json\/wp\/v2\/product"}],"about":[{"href":"https:\/\/www.zirve-yapi.com.tr\/zirve\/wp-json\/wp\/v2\/types\/product"}],"replies":[{"embeddable":true,"href":"https:\/\/www.zirve-yapi.com.tr\/zirve\/wp-json\/wp\/v2\/comments?post=786"}],"wp:featuredmedia":[{"embeddable":true,"href":"https:\/\/www.zirve-yapi.com.tr\/zirve\/wp-json\/wp\/v2\/media\/787"}],"wp:attachment":[{"href":"https:\/\/www.zirve-yapi.com.tr\/zirve\/wp-json\/wp\/v2\/media?parent=786"}],"wp:term":[{"taxonomy":"product_cat","embeddable":true,"href":"https:\/\/www.zirve-yapi.com.tr\/zirve\/wp-json\/wp\/v2\/product_cat?post=786"},{"taxonomy":"product_tag","embeddable":true,"href":"https:\/\/www.zirve-yapi.com.tr\/zirve\/wp-json\/wp\/v2\/product_tag?post=786"}],"curies":[{"name":"wp","href":"https:\/\/api.w.org\/{rel}","templated":true}]}}