{"id":793,"date":"2024-11-11T15:38:45","date_gmt":"2024-11-11T12:38:45","guid":{"rendered":"https:\/\/www.zirve-yapi.com.tr\/zirve\/?post_type=product&#038;p=793"},"modified":"2024-11-11T15:38:45","modified_gmt":"2024-11-11T12:38:45","slug":"pe100-inegal-te","status":"publish","type":"product","link":"https:\/\/www.zirve-yapi.com.tr\/zirve\/urun\/pe100-inegal-te\/","title":{"rendered":"PE100- \u0130NEGAL TE"},"content":{"rendered":"<table class=\"table table-striped\" border=\"0\" width=\"448\" cellspacing=\"0\" cellpadding=\"0\">\n<tbody>\n<tr>\n<td class=\"xl63\" width=\"64\" height=\"77\"><strong>d1\/d2<\/strong><\/td>\n<td class=\"xl64\" width=\"64\"><strong>bas\u0131n\u00e7 (bar) bas\u0131n\u00e7 (bar)<\/strong><\/td>\n<td class=\"xl65\" width=\"64\"><strong>kg<\/strong><\/td>\n<td class=\"xl63\" width=\"64\"><strong>L (mm)<\/strong><\/td>\n<td class=\"xl63\" width=\"64\"><strong>L1 (mm)<\/strong><\/td>\n<td class=\"xl63\" width=\"64\"><strong>L2 (mm)<\/strong><\/td>\n<td class=\"xl63\" width=\"64\">Z (mm)<\/td>\n<\/tr>\n<tr>\n<td class=\"xl63\" height=\"19\"><strong>50\/32<\/strong><\/td>\n<td class=\"xl63\"><strong>pn16<\/strong><\/td>\n<td class=\"xl66\">0,210<\/td>\n<td class=\"xl67\">210<\/td>\n<td class=\"xl67\">63<\/td>\n<td class=\"xl67\">54<\/td>\n<td class=\"xl67\">97<\/td>\n<\/tr>\n<tr>\n<td class=\"xl63\" height=\"19\"><strong>63\/32<\/strong><\/td>\n<td class=\"xl63\"><strong>pn16<\/strong><\/td>\n<td class=\"xl66\">0,280<\/td>\n<td class=\"xl68\">210<\/td>\n<td class=\"xl68\">56<\/td>\n<td class=\"xl67\">54<\/td>\n<td class=\"xl67\">97<\/td>\n<\/tr>\n<tr>\n<td class=\"xl63\" height=\"19\"><strong>63\/40<\/strong><\/td>\n<td class=\"xl63\"><strong>pn16<\/strong><\/td>\n<td class=\"xl66\">0,310<\/td>\n<td class=\"xl69\">210<\/td>\n<td class=\"xl69\">56<\/td>\n<td class=\"xl67\">55<\/td>\n<td class=\"xl67\">101<\/td>\n<\/tr>\n<tr>\n<td class=\"xl63\" height=\"19\"><strong>63\/50<\/strong><\/td>\n<td class=\"xl63\"><strong>pn16<\/strong><\/td>\n<td class=\"xl66\">0,342<\/td>\n<td class=\"xl70\">210<\/td>\n<td class=\"xl70\">56<\/td>\n<td class=\"xl67\">56<\/td>\n<td class=\"xl67\">103<\/td>\n<\/tr>\n<tr>\n<td class=\"xl63\" height=\"19\"><strong>75\/32<\/strong><\/td>\n<td class=\"xl63\"><strong>pn16<\/strong><\/td>\n<td class=\"xl66\">0,430<\/td>\n<td class=\"xl68\">244<\/td>\n<td class=\"xl68\">63<\/td>\n<td class=\"xl67\">54<\/td>\n<td class=\"xl67\">112<\/td>\n<\/tr>\n<tr>\n<td class=\"xl63\" height=\"19\"><strong>75\/50<\/strong><\/td>\n<td class=\"xl63\"><strong>pn16<\/strong><\/td>\n<td class=\"xl66\">0,495<\/td>\n<td class=\"xl69\">244<\/td>\n<td class=\"xl69\">63<\/td>\n<td class=\"xl67\">57<\/td>\n<td class=\"xl67\">116<\/td>\n<\/tr>\n<tr>\n<td class=\"xl63\" height=\"19\"><strong>75\/63<\/strong><\/td>\n<td class=\"xl63\"><strong>pn16<\/strong><\/td>\n<td class=\"xl66\">0,555<\/td>\n<td class=\"xl70\">244<\/td>\n<td class=\"xl70\">63<\/td>\n<td class=\"xl67\">64<\/td>\n<td class=\"xl67\">125<\/td>\n<\/tr>\n<tr>\n<td class=\"xl63\" height=\"19\"><strong>90\/32<\/strong><\/td>\n<td class=\"xl63\"><strong>pn16<\/strong><\/td>\n<td class=\"xl66\">0,705<\/td>\n<td class=\"xl68\">283<\/td>\n<td class=\"xl68\">81<\/td>\n<td class=\"xl67\">54<\/td>\n<td class=\"xl67\">110<\/td>\n<\/tr>\n<tr>\n<td class=\"xl63\" height=\"19\"><strong>90\/50<\/strong><\/td>\n<td class=\"xl63\"><strong>pn16<\/strong><\/td>\n<td class=\"xl66\">0,750<\/td>\n<td class=\"xl69\">283<\/td>\n<td class=\"xl69\">81<\/td>\n<td class=\"xl67\">58<\/td>\n<td class=\"xl67\">117<\/td>\n<\/tr>\n<tr>\n<td class=\"xl63\" height=\"19\"><strong>90\/63<\/strong><\/td>\n<td class=\"xl63\"><strong>pn16<\/strong><\/td>\n<td class=\"xl66\">0,785<\/td>\n<td class=\"xl69\">283<\/td>\n<td class=\"xl69\">81<\/td>\n<td class=\"xl67\">61<\/td>\n<td class=\"xl67\">120<\/td>\n<\/tr>\n<tr>\n<td class=\"xl63\" height=\"19\"><strong>90\/75<\/strong><\/td>\n<td class=\"xl63\"><strong>pn16<\/strong><\/td>\n<td class=\"xl66\">0,800<\/td>\n<td class=\"xl70\">283<\/td>\n<td class=\"xl70\">81<\/td>\n<td class=\"xl67\">65<\/td>\n<td class=\"xl67\">125<\/td>\n<\/tr>\n<tr>\n<td class=\"xl63\" height=\"19\"><strong>110\/32<\/strong><\/td>\n<td class=\"xl63\"><strong>pn16<\/strong><\/td>\n<td class=\"xl66\">1,295<\/td>\n<td class=\"xl68\">333<\/td>\n<td class=\"xl68\">87<\/td>\n<td class=\"xl67\">54<\/td>\n<td class=\"xl67\">138<\/td>\n<\/tr>\n<tr>\n<td class=\"xl63\" height=\"19\"><strong>110\/50<\/strong><\/td>\n<td class=\"xl63\"><strong>pn16<\/strong><\/td>\n<td class=\"xl66\">1,379<\/td>\n<td class=\"xl69\">333<\/td>\n<td class=\"xl69\">87<\/td>\n<td class=\"xl67\">64<\/td>\n<td class=\"xl67\">150<\/td>\n<\/tr>\n<tr>\n<td class=\"xl63\" height=\"19\"><strong>110\/63<\/strong><\/td>\n<td class=\"xl63\"><strong>pn16<\/strong><\/td>\n<td class=\"xl66\">1,400<\/td>\n<td class=\"xl69\">333<\/td>\n<td class=\"xl69\">87<\/td>\n<td class=\"xl67\">69<\/td>\n<td class=\"xl67\">152<\/td>\n<\/tr>\n<tr>\n<td class=\"xl63\" height=\"19\"><strong>110\/75<\/strong><\/td>\n<td class=\"xl63\"><strong>pn16<\/strong><\/td>\n<td class=\"xl66\">1,441<\/td>\n<td class=\"xl69\">333<\/td>\n<td class=\"xl69\">87<\/td>\n<td class=\"xl67\">78<\/td>\n<td class=\"xl67\">160<\/td>\n<\/tr>\n<tr>\n<td class=\"xl63\" height=\"19\"><strong>110\/90<\/strong><\/td>\n<td class=\"xl63\"><strong>pn16<\/strong><\/td>\n<td class=\"xl66\">1,494<\/td>\n<td class=\"xl70\">333<\/td>\n<td class=\"xl70\">87<\/td>\n<td class=\"xl67\">78<\/td>\n<td class=\"xl67\">157<\/td>\n<\/tr>\n<tr>\n<td class=\"xl63\" height=\"19\"><strong>125\/32<\/strong><\/td>\n<td class=\"xl63\"><strong>pn16<\/strong><\/td>\n<td class=\"xl66\">1,789<\/td>\n<td class=\"xl68\">366<\/td>\n<td class=\"xl68\">89<\/td>\n<td class=\"xl67\">54<\/td>\n<td class=\"xl67\">137<\/td>\n<\/tr>\n<tr>\n<td class=\"xl63\" height=\"19\"><strong>125\/63<\/strong><\/td>\n<td class=\"xl63\"><strong>pn16<\/strong><\/td>\n<td class=\"xl66\">1,909<\/td>\n<td class=\"xl68\">366<\/td>\n<td class=\"xl68\">89<\/td>\n<td class=\"xl67\">62<\/td>\n<td class=\"xl67\">147<\/td>\n<\/tr>\n<tr>\n<td class=\"xl63\" height=\"19\"><strong>125\/75<\/strong><\/td>\n<td class=\"xl63\"><strong>pn16<\/strong><\/td>\n<td class=\"xl66\">1,947<\/td>\n<td class=\"xl68\">366<\/td>\n<td class=\"xl68\">89<\/td>\n<td class=\"xl67\">68<\/td>\n<td class=\"xl67\">151<\/td>\n<\/tr>\n<tr>\n<td class=\"xl63\" height=\"19\"><strong>125\/90<\/strong><\/td>\n<td class=\"xl63\"><strong>pn16<\/strong><\/td>\n<td class=\"xl66\">2,049<\/td>\n<td class=\"xl68\">366<\/td>\n<td class=\"xl68\">89<\/td>\n<td class=\"xl67\">78<\/td>\n<td class=\"xl67\">152<\/td>\n<\/tr>\n<tr>\n<td class=\"xl63\" height=\"19\"><strong>125\/110<\/strong><\/td>\n<td class=\"xl63\"><strong>pn16<\/strong><\/td>\n<td class=\"xl66\">2,209<\/td>\n<td class=\"xl68\">366<\/td>\n<td class=\"xl68\">89<\/td>\n<td class=\"xl67\">93<\/td>\n<td class=\"xl67\">177<\/td>\n<\/tr>\n<tr>\n<td class=\"xl63\" height=\"19\"><strong>140\/63<\/strong><\/td>\n<td class=\"xl63\"><strong>pn16<\/strong><\/td>\n<td class=\"xl66\">2,549<\/td>\n<td class=\"xl68\">404<\/td>\n<td class=\"xl68\">93<\/td>\n<td class=\"xl67\">65<\/td>\n<td class=\"xl67\">159<\/td>\n<\/tr>\n<tr>\n<td class=\"xl63\" height=\"19\"><strong>140\/75<\/strong><\/td>\n<td class=\"xl63\"><strong>pn16<\/strong><\/td>\n<td class=\"xl66\">2,630<\/td>\n<td class=\"xl68\">404<\/td>\n<td class=\"xl68\">93<\/td>\n<td class=\"xl67\">71<\/td>\n<td class=\"xl67\">163<\/td>\n<\/tr>\n<tr>\n<td class=\"xl63\" height=\"19\"><strong>140\/90<\/strong><\/td>\n<td class=\"xl63\"><strong>pn16<\/strong><\/td>\n<td class=\"xl66\">2,712<\/td>\n<td class=\"xl68\">404<\/td>\n<td class=\"xl68\">93<\/td>\n<td class=\"xl67\">81<\/td>\n<td class=\"xl67\">172<\/td>\n<\/tr>\n<tr>\n<td class=\"xl63\" height=\"19\"><strong>140\/110<\/strong><\/td>\n<td class=\"xl63\"><strong>pn16<\/strong><\/td>\n<td class=\"xl66\">2,821<\/td>\n<td class=\"xl68\">404<\/td>\n<td class=\"xl68\">93<\/td>\n<td class=\"xl67\">89<\/td>\n<td class=\"xl67\">181<\/td>\n<\/tr>\n<tr>\n<td class=\"xl63\" height=\"19\"><strong>140\/125<\/strong><\/td>\n<td class=\"xl63\"><strong>pn16<\/strong><\/td>\n<td class=\"xl66\">2,911<\/td>\n<td class=\"xl68\">404<\/td>\n<td class=\"xl68\">93<\/td>\n<td class=\"xl67\">92<\/td>\n<td class=\"xl67\">185<\/td>\n<\/tr>\n<tr>\n<td class=\"xl63\" height=\"19\"><strong>160\/32<\/strong><\/td>\n<td class=\"xl63\"><strong>pn16<\/strong><\/td>\n<td class=\"xl66\">3,164<\/td>\n<td class=\"xl68\">425<\/td>\n<td class=\"xl68\">102<\/td>\n<td class=\"xl67\">54<\/td>\n<td class=\"xl67\">165<\/td>\n<\/tr>\n<tr>\n<td class=\"xl63\" height=\"19\"><strong>160\/63<\/strong><\/td>\n<td class=\"xl63\"><strong>pn16<\/strong><\/td>\n<td class=\"xl66\">3,395<\/td>\n<td class=\"xl68\">425<\/td>\n<td class=\"xl68\">102<\/td>\n<td class=\"xl67\">67<\/td>\n<td class=\"xl67\">180<\/td>\n<\/tr>\n<tr>\n<td class=\"xl63\" height=\"19\"><strong>160\/75<\/strong><\/td>\n<td class=\"xl63\"><strong>pn16<\/strong><\/td>\n<td class=\"xl66\">3,472<\/td>\n<td class=\"xl68\">425<\/td>\n<td class=\"xl68\">102<\/td>\n<td class=\"xl67\">75<\/td>\n<td class=\"xl67\">182<\/td>\n<\/tr>\n<tr>\n<td class=\"xl63\" height=\"19\"><strong>160\/90<\/strong><\/td>\n<td class=\"xl63\"><strong>pn16<\/strong><\/td>\n<td class=\"xl66\">3,556<\/td>\n<td class=\"xl68\">425<\/td>\n<td class=\"xl68\">102<\/td>\n<td class=\"xl67\">84<\/td>\n<td class=\"xl67\">190<\/td>\n<\/tr>\n<tr>\n<td class=\"xl63\" height=\"19\"><strong>160\/110<\/strong><\/td>\n<td class=\"xl63\"><strong>pn16<\/strong><\/td>\n<td class=\"xl66\">3,635<\/td>\n<td class=\"xl68\">425<\/td>\n<td class=\"xl68\">102<\/td>\n<td class=\"xl67\">85<\/td>\n<td class=\"xl67\">195<\/td>\n<\/tr>\n<tr>\n<td class=\"xl63\" height=\"19\"><strong>160\/125<\/strong><\/td>\n<td class=\"xl63\"><strong>pn16<\/strong><\/td>\n<td class=\"xl66\">3,660<\/td>\n<td class=\"xl68\">425<\/td>\n<td class=\"xl68\">102<\/td>\n<td class=\"xl67\">81<\/td>\n<td class=\"xl67\">182<\/td>\n<\/tr>\n<tr>\n<td class=\"xl63\" height=\"19\"><strong>160\/140<\/strong><\/td>\n<td class=\"xl63\"><strong>pn16<\/strong><\/td>\n<td class=\"xl66\">3,830<\/td>\n<td class=\"xl68\">425<\/td>\n<td class=\"xl68\">102<\/td>\n<td class=\"xl67\">94<\/td>\n<td class=\"xl67\">207<\/td>\n<\/tr>\n<tr>\n<td class=\"xl63\" height=\"19\"><strong>180\/90<\/strong><\/td>\n<td class=\"xl63\"><strong>pn16<\/strong><\/td>\n<td class=\"xl66\">4,596<\/td>\n<td class=\"xl68\">460<\/td>\n<td class=\"xl68\">110<\/td>\n<td class=\"xl67\">79<\/td>\n<td class=\"xl67\">197<\/td>\n<\/tr>\n<tr>\n<td class=\"xl63\" height=\"19\"><strong>180\/110<\/strong><\/td>\n<td class=\"xl63\"><strong>pn16<\/strong><\/td>\n<td class=\"xl66\">4,679<\/td>\n<td class=\"xl68\">460<\/td>\n<td class=\"xl68\">110<\/td>\n<td class=\"xl67\">95<\/td>\n<td class=\"xl67\">212<\/td>\n<\/tr>\n<tr>\n<td class=\"xl63\" height=\"19\"><strong>180\/125<\/strong><\/td>\n<td class=\"xl63\"><strong>pn16<\/strong><\/td>\n<td class=\"xl66\">4,748<\/td>\n<td class=\"xl68\">460<\/td>\n<td class=\"xl68\">110<\/td>\n<td class=\"xl67\">93<\/td>\n<td class=\"xl67\">213<\/td>\n<\/tr>\n<tr>\n<td class=\"xl63\" height=\"19\"><strong>180\/140<\/strong><\/td>\n<td class=\"xl63\"><strong>pn16<\/strong><\/td>\n<td class=\"xl66\">4,804<\/td>\n<td class=\"xl68\">460<\/td>\n<td class=\"xl68\">110<\/td>\n<td class=\"xl67\">93<\/td>\n<td class=\"xl67\">212<\/td>\n<\/tr>\n<tr>\n<td class=\"xl63\" height=\"19\"><strong>180\/160<\/strong><\/td>\n<td class=\"xl63\"><strong>pn16<\/strong><\/td>\n<td class=\"xl66\">4,964<\/td>\n<td class=\"xl68\">460<\/td>\n<td class=\"xl68\">110<\/td>\n<td class=\"xl67\">102<\/td>\n<td class=\"xl67\">218<\/td>\n<\/tr>\n<tr>\n<td class=\"xl72\" rowspan=\"2\" height=\"38\"><strong>200\/90<\/strong><\/td>\n<td class=\"xl63\"><strong>pn16<\/strong><\/td>\n<td class=\"xl71\">5,659<\/td>\n<td class=\"xl68\">470<\/td>\n<td class=\"xl68\">116<\/td>\n<td class=\"xl68\" rowspan=\"2\">85<\/td>\n<td class=\"xl68\" rowspan=\"2\">217<\/td>\n<\/tr>\n<tr>\n<td class=\"xl63\" height=\"19\"><strong>pn10<\/strong><\/td>\n<td class=\"xl71\">4,126<\/td>\n<td class=\"xl68\">470<\/td>\n<td class=\"xl68\">116<\/td>\n<\/tr>\n<tr>\n<td class=\"xl72\" rowspan=\"2\" height=\"38\"><strong>200\/110<\/strong><\/td>\n<td class=\"xl63\"><strong>pn16<\/strong><\/td>\n<td class=\"xl71\">5,724<\/td>\n<td class=\"xl68\">470<\/td>\n<td class=\"xl68\">116<\/td>\n<td class=\"xl68\" rowspan=\"2\">91<\/td>\n<td class=\"xl68\" rowspan=\"2\">224<\/td>\n<\/tr>\n<tr>\n<td class=\"xl63\" height=\"19\"><strong>pn10<\/strong><\/td>\n<td class=\"xl71\">4,215<\/td>\n<td class=\"xl68\">470<\/td>\n<td class=\"xl68\">116<\/td>\n<\/tr>\n<tr>\n<td class=\"xl72\" rowspan=\"2\" height=\"38\"><strong>200\/160<\/strong><\/td>\n<td class=\"xl63\"><strong>pn16<\/strong><\/td>\n<td class=\"xl71\">6,092<\/td>\n<td class=\"xl68\">470<\/td>\n<td class=\"xl68\">116<\/td>\n<td class=\"xl68\" rowspan=\"2\">96<\/td>\n<td class=\"xl68\" rowspan=\"2\">230<\/td>\n<\/tr>\n<tr>\n<td class=\"xl63\" height=\"19\"><strong>pn10<\/strong><\/td>\n<td class=\"xl71\">4,428<\/td>\n<td class=\"xl68\">470<\/td>\n<td class=\"xl68\">116<\/td>\n<\/tr>\n<tr>\n<td class=\"xl72\" rowspan=\"2\" height=\"38\"><strong>200\/180<\/strong><\/td>\n<td class=\"xl63\"><strong>pn16<\/strong><\/td>\n<td class=\"xl71\">6,371<\/td>\n<td class=\"xl68\">470<\/td>\n<td class=\"xl68\">116<\/td>\n<td class=\"xl68\" rowspan=\"2\">106<\/td>\n<td class=\"xl68\" rowspan=\"2\">235<\/td>\n<\/tr>\n<tr>\n<td class=\"xl63\" height=\"19\"><strong>pn10<\/strong><\/td>\n<td class=\"xl71\">4,615<\/td>\n<td class=\"xl68\">470<\/td>\n<td class=\"xl68\">116<\/td>\n<\/tr>\n<tr>\n<td class=\"xl72\" rowspan=\"2\" height=\"38\"><strong>225\/110<\/strong><\/td>\n<td class=\"xl63\"><strong>pn16<\/strong><\/td>\n<td class=\"xl71\">8,439<\/td>\n<td class=\"xl68\">520<\/td>\n<td class=\"xl68\">125<\/td>\n<td class=\"xl68\" rowspan=\"2\">96<\/td>\n<td class=\"xl68\" rowspan=\"2\">242<\/td>\n<\/tr>\n<tr>\n<td class=\"xl63\" height=\"19\"><strong>pn10<\/strong><\/td>\n<td class=\"xl71\">6,403<\/td>\n<td class=\"xl68\">520<\/td>\n<td class=\"xl68\">125<\/td>\n<\/tr>\n<tr>\n<td class=\"xl72\" rowspan=\"2\" height=\"38\"><strong>225\/125<\/strong><\/td>\n<td class=\"xl63\"><strong>pn16<\/strong><\/td>\n<td class=\"xl71\">8,419<\/td>\n<td class=\"xl68\">520<\/td>\n<td class=\"xl68\">125<\/td>\n<td class=\"xl68\" rowspan=\"2\">94<\/td>\n<td class=\"xl68\" rowspan=\"2\">236<\/td>\n<\/tr>\n<tr>\n<td class=\"xl63\" height=\"19\"><strong>pn10<\/strong><\/td>\n<td class=\"xl71\">6,380<\/td>\n<td class=\"xl68\">520<\/td>\n<td class=\"xl68\">125<\/td>\n<\/tr>\n<tr>\n<td class=\"xl72\" rowspan=\"2\" height=\"38\"><strong>225\/160<\/strong><\/td>\n<td class=\"xl63\"><strong>pn16<\/strong><\/td>\n<td class=\"xl71\">8,780<\/td>\n<td class=\"xl68\">520<\/td>\n<td class=\"xl68\">125<\/td>\n<td class=\"xl68\" rowspan=\"2\">107<\/td>\n<td class=\"xl68\" rowspan=\"2\">256<\/td>\n<\/tr>\n<tr>\n<td class=\"xl63\" height=\"19\"><strong>pn10<\/strong><\/td>\n<td class=\"xl71\">6,704<\/td>\n<td class=\"xl68\">520<\/td>\n<td class=\"xl68\">125<\/td>\n<\/tr>\n<tr>\n<td class=\"xl72\" rowspan=\"2\" height=\"38\"><strong>225\/200<\/strong><\/td>\n<td class=\"xl63\"><strong>pn16<\/strong><\/td>\n<td class=\"xl71\">9,233<\/td>\n<td class=\"xl68\">520<\/td>\n<td class=\"xl68\">125<\/td>\n<td class=\"xl68\" rowspan=\"2\">119<\/td>\n<td class=\"xl68\" rowspan=\"2\">263<\/td>\n<\/tr>\n<tr>\n<td class=\"xl63\" height=\"19\"><strong>pn10<\/strong><\/td>\n<td class=\"xl71\">7,004<\/td>\n<td class=\"xl68\">520<\/td>\n<td class=\"xl68\">125<\/td>\n<\/tr>\n<tr>\n<td class=\"xl72\" rowspan=\"2\" height=\"38\"><strong>250\/110<\/strong><\/td>\n<td class=\"xl72\"><strong>pn16<\/strong><\/td>\n<td class=\"xl71\">8,650<\/td>\n<td class=\"xl68\">560<\/td>\n<td class=\"xl68\">130<\/td>\n<td class=\"xl67\" rowspan=\"2\">82<\/td>\n<td class=\"xl67\" rowspan=\"2\">242<\/td>\n<\/tr>\n<tr>\n<td class=\"xl72\" height=\"19\"><strong>pn10<\/strong><\/td>\n<td class=\"xl71\">6,500<\/td>\n<td class=\"xl68\">560<\/td>\n<td class=\"xl68\">130<\/td>\n<\/tr>\n<tr>\n<td class=\"xl72\" rowspan=\"2\" height=\"38\"><strong>250\/160<\/strong><\/td>\n<td class=\"xl72\"><strong>pn16<\/strong><\/td>\n<td class=\"xl71\">9,540<\/td>\n<td class=\"xl68\">560<\/td>\n<td class=\"xl68\">130<\/td>\n<td class=\"xl67\" rowspan=\"2\">98<\/td>\n<td class=\"xl67\" rowspan=\"2\">242<\/td>\n<\/tr>\n<tr>\n<td class=\"xl72\" height=\"19\"><strong>pn10<\/strong><\/td>\n<td class=\"xl71\">7,060<\/td>\n<td class=\"xl68\">560<\/td>\n<td class=\"xl68\">130<\/td>\n<\/tr>\n<tr>\n<td class=\"xl72\" rowspan=\"2\" height=\"38\"><strong>250\/200<\/strong><\/td>\n<td class=\"xl72\"><strong>pn16<\/strong><\/td>\n<td class=\"xl71\">10,350<\/td>\n<td class=\"xl68\">560<\/td>\n<td class=\"xl68\">130<\/td>\n<td class=\"xl67\" rowspan=\"2\">112<\/td>\n<td class=\"xl67\" rowspan=\"2\">261<\/td>\n<\/tr>\n<tr>\n<td class=\"xl72\" height=\"19\"><strong>pn10<\/strong><\/td>\n<td class=\"xl71\">7,540<\/td>\n<td class=\"xl68\">560<\/td>\n<td class=\"xl68\">130<\/td>\n<\/tr>\n<tr>\n<td class=\"xl72\" rowspan=\"2\" height=\"38\"><strong>280\/110<\/strong><\/td>\n<td class=\"xl72\"><strong>pn16<\/strong><\/td>\n<td class=\"xl71\">13,300<\/td>\n<td class=\"xl68\">616<\/td>\n<td class=\"xl68\">139<\/td>\n<td class=\"xl67\" rowspan=\"2\">82<\/td>\n<td class=\"xl67\" rowspan=\"2\">261<\/td>\n<\/tr>\n<tr>\n<td class=\"xl72\" height=\"19\"><strong>pn10<\/strong><\/td>\n<td class=\"xl71\">10,340<\/td>\n<td class=\"xl68\">616<\/td>\n<td class=\"xl68\">139<\/td>\n<\/tr>\n<tr>\n<td class=\"xl72\" rowspan=\"2\" height=\"38\"><strong>280\/160<\/strong><\/td>\n<td class=\"xl72\"><strong>pn16<\/strong><\/td>\n<td class=\"xl71\">13,680<\/td>\n<td class=\"xl68\">616<\/td>\n<td class=\"xl68\">139<\/td>\n<td class=\"xl67\" rowspan=\"2\">98<\/td>\n<td class=\"xl67\" rowspan=\"2\">261<\/td>\n<\/tr>\n<tr>\n<td class=\"xl72\" height=\"19\"><strong>pn10<\/strong><\/td>\n<td class=\"xl71\">10,440<\/td>\n<td class=\"xl68\">616<\/td>\n<td class=\"xl68\">139<\/td>\n<\/tr>\n<tr>\n<td class=\"xl72\" rowspan=\"2\" height=\"38\"><strong>280\/200<\/strong><\/td>\n<td class=\"xl72\"><strong>pn16<\/strong><\/td>\n<td class=\"xl71\">14,440<\/td>\n<td class=\"xl68\">616<\/td>\n<td class=\"xl68\">139<\/td>\n<td class=\"xl67\" rowspan=\"2\">112<\/td>\n<td class=\"xl67\" rowspan=\"2\">280<\/td>\n<\/tr>\n<tr>\n<td class=\"xl72\" height=\"19\"><strong>pn10<\/strong><\/td>\n<td class=\"xl71\">10,540<\/td>\n<td class=\"xl68\">616<\/td>\n<td class=\"xl68\">139<\/td>\n<\/tr>\n<tr>\n<td class=\"xl72\" rowspan=\"2\" height=\"38\"><strong>315\/110<\/strong><\/td>\n<td class=\"xl72\"><strong>pn16<\/strong><\/td>\n<td class=\"xl71\">18,480<\/td>\n<td class=\"xl68\">680<\/td>\n<td class=\"xl68\">150<\/td>\n<td class=\"xl67\" rowspan=\"2\">82<\/td>\n<td class=\"xl67\" rowspan=\"2\">295<\/td>\n<\/tr>\n<tr>\n<td class=\"xl72\" height=\"19\"><strong>pn10<\/strong><\/td>\n<td class=\"xl71\">13,900<\/td>\n<td class=\"xl68\">680<\/td>\n<td class=\"xl68\">150<\/td>\n<\/tr>\n<tr>\n<td class=\"xl72\" rowspan=\"2\" height=\"38\"><strong>315\/160<\/strong><\/td>\n<td class=\"xl72\"><strong>pn16<\/strong><\/td>\n<td class=\"xl71\">18,600<\/td>\n<td class=\"xl68\">680<\/td>\n<td class=\"xl68\">150<\/td>\n<td class=\"xl67\" rowspan=\"2\">98<\/td>\n<td class=\"xl67\" rowspan=\"2\">295<\/td>\n<\/tr>\n<tr>\n<td class=\"xl72\" height=\"19\"><strong>pn10<\/strong><\/td>\n<td class=\"xl71\">13,800<\/td>\n<td class=\"xl68\">680<\/td>\n<td class=\"xl68\">150<\/td>\n<\/tr>\n<tr>\n<td class=\"xl72\" rowspan=\"2\" height=\"38\"><strong>315\/200<\/strong><\/td>\n<td class=\"xl72\"><strong>pn16<\/strong><\/td>\n<td class=\"xl71\">19,660<\/td>\n<td class=\"xl68\">680<\/td>\n<td class=\"xl68\">150<\/td>\n<td class=\"xl67\" rowspan=\"2\">112<\/td>\n<td class=\"xl67\" rowspan=\"2\">315<\/td>\n<\/tr>\n<tr>\n<td class=\"xl72\" height=\"19\"><strong>pn10<\/strong><\/td>\n<td class=\"xl71\">13,820<\/td>\n<td class=\"xl68\">680<\/td>\n<td class=\"xl68\">150<\/td>\n<\/tr>\n<tr>\n<td class=\"xl72\" rowspan=\"2\" height=\"38\"><strong>315\/250<\/strong><\/td>\n<td class=\"xl72\"><strong>pn16<\/strong><\/td>\n<td class=\"xl71\">18,950<\/td>\n<td class=\"xl68\">680<\/td>\n<td class=\"xl68\">150<\/td>\n<td class=\"xl67\" rowspan=\"2\">129<\/td>\n<td class=\"xl67\" rowspan=\"2\">315<\/td>\n<\/tr>\n<tr>\n<td class=\"xl72\" height=\"19\"><strong>pn10<\/strong><\/td>\n<td class=\"xl71\">14,000<\/td>\n<td class=\"xl67\">680<\/td>\n<td class=\"xl67\">150<\/td>\n<\/tr>\n<\/tbody>\n<\/table>\n","protected":false},"excerpt":{"rendered":"<p>PE100- enjeksiyon inegal teler, orjinal karbon siyah\u0131 katk\u0131l\u0131 PE100 gran\u00fcl hammadde bas\u0131n\u00e7l\u0131 \u015fekilde kal\u0131plara enjekte edilerek \u00fcretilir. Ana PE100 boru hatt\u0131n\u0131 dik a\u00e7\u0131yla, daha k\u00fc\u00e7\u00fck \u00e7aptaki bir PE100 boruya ba\u011flamak i\u00e7in kullan\u0131l\u0131r.<\/p>\n","protected":false},"featured_media":794,"comment_status":"open","ping_status":"closed","template":"","meta":[],"product_cat":[24],"product_tag":[],"class_list":{"0":"post-793","1":"product","2":"type-product","3":"status-publish","4":"has-post-thumbnail","6":"product_cat-enjeksiyon","8":"first","9":"instock","10":"shipping-taxable","11":"product-type-external"},"_links":{"self":[{"href":"https:\/\/www.zirve-yapi.com.tr\/zirve\/wp-json\/wp\/v2\/product\/793"}],"collection":[{"href":"https:\/\/www.zirve-yapi.com.tr\/zirve\/wp-json\/wp\/v2\/product"}],"about":[{"href":"https:\/\/www.zirve-yapi.com.tr\/zirve\/wp-json\/wp\/v2\/types\/product"}],"replies":[{"embeddable":true,"href":"https:\/\/www.zirve-yapi.com.tr\/zirve\/wp-json\/wp\/v2\/comments?post=793"}],"wp:featuredmedia":[{"embeddable":true,"href":"https:\/\/www.zirve-yapi.com.tr\/zirve\/wp-json\/wp\/v2\/media\/794"}],"wp:attachment":[{"href":"https:\/\/www.zirve-yapi.com.tr\/zirve\/wp-json\/wp\/v2\/media?parent=793"}],"wp:term":[{"taxonomy":"product_cat","embeddable":true,"href":"https:\/\/www.zirve-yapi.com.tr\/zirve\/wp-json\/wp\/v2\/product_cat?post=793"},{"taxonomy":"product_tag","embeddable":true,"href":"https:\/\/www.zirve-yapi.com.tr\/zirve\/wp-json\/wp\/v2\/product_tag?post=793"}],"curies":[{"name":"wp","href":"https:\/\/api.w.org\/{rel}","templated":true}]}}