{"id":797,"date":"2024-11-11T15:40:37","date_gmt":"2024-11-11T12:40:37","guid":{"rendered":"https:\/\/www.zirve-yapi.com.tr\/zirve\/?post_type=product&#038;p=797"},"modified":"2024-11-11T15:40:37","modified_gmt":"2024-11-11T12:40:37","slug":"pe100-reduksiyon","status":"publish","type":"product","link":"https:\/\/www.zirve-yapi.com.tr\/zirve\/urun\/pe100-reduksiyon\/","title":{"rendered":"PE100-REDUKS\u0130YON"},"content":{"rendered":"<table class=\"table table-striped\" border=\"0\" width=\"384\" cellspacing=\"0\" cellpadding=\"0\">\n<tbody>\n<tr>\n<td class=\"xl63\" width=\"64\" height=\"77\"><strong>d1\/d2<\/strong><\/td>\n<td class=\"xl64\" width=\"64\"><strong>bas\u0131n\u00e7 (bar) bas\u0131n\u00e7 (bar)<\/strong><\/td>\n<td class=\"xl65\" width=\"64\"><strong>kg<\/strong><\/td>\n<td class=\"xl63\" width=\"64\"><strong>L (mm)<\/strong><\/td>\n<td class=\"xl63\" width=\"64\"><strong>L1 (mm)<\/strong><\/td>\n<td class=\"xl63\" width=\"64\"><strong>L2 (mm)<\/strong><\/td>\n<\/tr>\n<tr>\n<td class=\"xl66\" height=\"19\"><strong>25\/20<\/strong><\/td>\n<td class=\"xl66\"><strong>pn16<\/strong><\/td>\n<td class=\"xl67\">0,017<\/td>\n<td class=\"xl68\">93<\/td>\n<td class=\"xl68\">43<\/td>\n<td class=\"xl68\">45<\/td>\n<\/tr>\n<tr>\n<td class=\"xl66\" height=\"19\"><strong>32\/20<\/strong><\/td>\n<td class=\"xl66\"><strong>pn16<\/strong><\/td>\n<td class=\"xl67\">0,022<\/td>\n<td class=\"xl68\">96<\/td>\n<td class=\"xl68\">45<\/td>\n<td class=\"xl68\">41<\/td>\n<\/tr>\n<tr>\n<td class=\"xl66\" height=\"19\"><strong>32\/25<\/strong><\/td>\n<td class=\"xl66\"><strong>pn16<\/strong><\/td>\n<td class=\"xl67\">0,023<\/td>\n<td class=\"xl68\">96<\/td>\n<td class=\"xl68\">45<\/td>\n<td class=\"xl68\">44<\/td>\n<\/tr>\n<tr>\n<td class=\"xl66\" height=\"19\"><strong>40\/25<\/strong><\/td>\n<td class=\"xl66\"><strong>pn16<\/strong><\/td>\n<td class=\"xl67\">0,037<\/td>\n<td class=\"xl68\">110<\/td>\n<td class=\"xl68\">55<\/td>\n<td class=\"xl68\">42<\/td>\n<\/tr>\n<tr>\n<td class=\"xl66\" height=\"19\"><strong>40\/32<\/strong><\/td>\n<td class=\"xl66\"><strong>pn16<\/strong><\/td>\n<td class=\"xl67\">0,037<\/td>\n<td class=\"xl68\">105<\/td>\n<td class=\"xl68\">55<\/td>\n<td class=\"xl68\">42<\/td>\n<\/tr>\n<tr>\n<td class=\"xl66\" height=\"19\"><strong>50\/25<\/strong><\/td>\n<td class=\"xl66\"><strong>pn16<\/strong><\/td>\n<td class=\"xl67\">0,063<\/td>\n<td class=\"xl68\">122<\/td>\n<td class=\"xl68\">57<\/td>\n<td class=\"xl68\">43<\/td>\n<\/tr>\n<tr>\n<td class=\"xl66\" height=\"19\"><strong>50\/32<\/strong><\/td>\n<td class=\"xl66\"><strong>pn16<\/strong><\/td>\n<td class=\"xl67\">0,062<\/td>\n<td class=\"xl68\">115<\/td>\n<td class=\"xl68\">57<\/td>\n<td class=\"xl68\">41<\/td>\n<\/tr>\n<tr>\n<td class=\"xl66\" height=\"19\"><strong>50\/40<\/strong><\/td>\n<td class=\"xl66\"><strong>pn16<\/strong><\/td>\n<td class=\"xl67\">0,070<\/td>\n<td class=\"xl68\">119<\/td>\n<td class=\"xl68\">58<\/td>\n<td class=\"xl68\">51<\/td>\n<\/tr>\n<tr>\n<td class=\"xl66\" height=\"19\"><strong>63\/32<\/strong><\/td>\n<td class=\"xl66\"><strong>pn16<\/strong><\/td>\n<td class=\"xl67\">0,088<\/td>\n<td class=\"xl68\">127<\/td>\n<td class=\"xl68\">61<\/td>\n<td class=\"xl68\">39<\/td>\n<\/tr>\n<tr>\n<td class=\"xl66\" height=\"19\"><strong>63\/40<\/strong><\/td>\n<td class=\"xl66\"><strong>pn16<\/strong><\/td>\n<td class=\"xl67\">0,103<\/td>\n<td class=\"xl68\">131<\/td>\n<td class=\"xl68\">56<\/td>\n<td class=\"xl68\">44<\/td>\n<\/tr>\n<tr>\n<td class=\"xl66\" height=\"19\"><strong>63\/50<\/strong><\/td>\n<td class=\"xl66\"><strong>pn16<\/strong><\/td>\n<td class=\"xl67\">0,116<\/td>\n<td class=\"xl68\">133<\/td>\n<td class=\"xl68\">57<\/td>\n<td class=\"xl68\">51<\/td>\n<\/tr>\n<tr>\n<td class=\"xl66\" height=\"19\"><strong>75\/40<\/strong><\/td>\n<td class=\"xl66\"><strong>pn16<\/strong><\/td>\n<td class=\"xl67\">0,159<\/td>\n<td class=\"xl68\">131<\/td>\n<td class=\"xl68\">73<\/td>\n<td class=\"xl68\">44<\/td>\n<\/tr>\n<tr>\n<td class=\"xl66\" height=\"19\"><strong>75\/50<\/strong><\/td>\n<td class=\"xl66\"><strong>pn16<\/strong><\/td>\n<td class=\"xl67\">0,172<\/td>\n<td class=\"xl68\">137<\/td>\n<td class=\"xl68\">74<\/td>\n<td class=\"xl68\">50<\/td>\n<\/tr>\n<tr>\n<td class=\"xl66\" height=\"19\"><strong>75\/63<\/strong><\/td>\n<td class=\"xl66\"><strong>pn16<\/strong><\/td>\n<td class=\"xl67\">0,197<\/td>\n<td class=\"xl68\">141<\/td>\n<td class=\"xl68\">73<\/td>\n<td class=\"xl68\">60<\/td>\n<\/tr>\n<tr>\n<td class=\"xl66\" height=\"19\"><strong>90\/32<\/strong><\/td>\n<td class=\"xl66\"><strong>pn16<\/strong><\/td>\n<td class=\"xl67\">0,260<\/td>\n<td class=\"xl68\">170<\/td>\n<td class=\"xl68\">82<\/td>\n<td class=\"xl68\">45<\/td>\n<\/tr>\n<tr>\n<td class=\"xl66\" height=\"19\"><strong>90\/40<\/strong><\/td>\n<td class=\"xl66\"><strong>pn16<\/strong><\/td>\n<td class=\"xl67\">0,268<\/td>\n<td class=\"xl68\">170<\/td>\n<td class=\"xl68\">82<\/td>\n<td class=\"xl68\">50<\/td>\n<\/tr>\n<tr>\n<td class=\"xl66\" height=\"19\"><strong>90\/50<\/strong><\/td>\n<td class=\"xl66\"><strong>pn16<\/strong><\/td>\n<td class=\"xl67\">0,276<\/td>\n<td class=\"xl68\">167<\/td>\n<td class=\"xl68\">82<\/td>\n<td class=\"xl68\">55<\/td>\n<\/tr>\n<tr>\n<td class=\"xl66\" height=\"19\"><strong>90\/63<\/strong><\/td>\n<td class=\"xl66\"><strong>pn16<\/strong><\/td>\n<td class=\"xl67\">0,301<\/td>\n<td class=\"xl68\">165<\/td>\n<td class=\"xl68\">82<\/td>\n<td class=\"xl68\">63<\/td>\n<\/tr>\n<tr>\n<td class=\"xl66\" height=\"19\"><strong>90\/75<\/strong><\/td>\n<td class=\"xl66\"><strong>pn16<\/strong><\/td>\n<td class=\"xl67\">0,314<\/td>\n<td class=\"xl68\">162<\/td>\n<td class=\"xl68\">82<\/td>\n<td class=\"xl68\">70<\/td>\n<\/tr>\n<tr>\n<td class=\"xl66\" height=\"19\"><strong>110\/32<\/strong><\/td>\n<td class=\"xl66\"><strong>pn16<\/strong><\/td>\n<td class=\"xl67\">0,414<\/td>\n<td class=\"xl68\">181<\/td>\n<td class=\"xl68\">95<\/td>\n<td class=\"xl68\">44<\/td>\n<\/tr>\n<tr>\n<td class=\"xl66\" height=\"19\"><strong>110\/63<\/strong><\/td>\n<td class=\"xl66\"><strong>pn16<\/strong><\/td>\n<td class=\"xl67\">0,446<\/td>\n<td class=\"xl68\">186<\/td>\n<td class=\"xl68\">96<\/td>\n<td class=\"xl68\">64<\/td>\n<\/tr>\n<tr>\n<td class=\"xl66\" height=\"19\"><strong>110\/75<\/strong><\/td>\n<td class=\"xl66\"><strong>pn16<\/strong><\/td>\n<td class=\"xl67\">0,473<\/td>\n<td class=\"xl68\">182<\/td>\n<td class=\"xl68\">95<\/td>\n<td class=\"xl68\">66<\/td>\n<\/tr>\n<tr>\n<td class=\"xl66\" height=\"19\"><strong>110\/90<\/strong><\/td>\n<td class=\"xl66\"><strong>pn16<\/strong><\/td>\n<td class=\"xl67\">0,557<\/td>\n<td class=\"xl68\">195<\/td>\n<td class=\"xl68\">93<\/td>\n<td class=\"xl68\">85<\/td>\n<\/tr>\n<tr>\n<td class=\"xl66\" height=\"19\"><strong>125\/63<\/strong><\/td>\n<td class=\"xl66\"><strong>pn16<\/strong><\/td>\n<td class=\"xl67\">0,642<\/td>\n<td class=\"xl68\">207<\/td>\n<td class=\"xl68\">102<\/td>\n<td class=\"xl68\">64<\/td>\n<\/tr>\n<tr>\n<td class=\"xl66\" height=\"19\"><strong>125\/75<\/strong><\/td>\n<td class=\"xl66\"><strong>pn16<\/strong><\/td>\n<td class=\"xl67\">0,718<\/td>\n<td class=\"xl68\">212<\/td>\n<td class=\"xl68\">103<\/td>\n<td class=\"xl68\">78<\/td>\n<\/tr>\n<tr>\n<td class=\"xl66\" height=\"19\"><strong>125\/90<\/strong><\/td>\n<td class=\"xl66\"><strong>pn16<\/strong><\/td>\n<td class=\"xl67\">0,715<\/td>\n<td class=\"xl68\">203<\/td>\n<td class=\"xl68\">102<\/td>\n<td class=\"xl68\">75<\/td>\n<\/tr>\n<tr>\n<td class=\"xl66\" height=\"19\"><strong>125\/110<\/strong><\/td>\n<td class=\"xl66\"><strong>pn16<\/strong><\/td>\n<td class=\"xl67\">0,794<\/td>\n<td class=\"xl68\">201<\/td>\n<td class=\"xl68\">101<\/td>\n<td class=\"xl68\">86<\/td>\n<\/tr>\n<tr>\n<td class=\"xl66\" height=\"19\"><strong>140\/90<\/strong><\/td>\n<td class=\"xl66\"><strong>pn16<\/strong><\/td>\n<td class=\"xl67\">0,821<\/td>\n<td class=\"xl68\">212<\/td>\n<td class=\"xl68\">102<\/td>\n<td class=\"xl68\">78<\/td>\n<\/tr>\n<tr>\n<td class=\"xl66\" height=\"19\"><strong>140\/110<\/strong><\/td>\n<td class=\"xl66\"><strong>pn16<\/strong><\/td>\n<td class=\"xl67\">0,893<\/td>\n<td class=\"xl68\">210<\/td>\n<td class=\"xl68\">104<\/td>\n<td class=\"xl68\">80<\/td>\n<\/tr>\n<tr>\n<td class=\"xl66\" height=\"19\"><strong>140\/125<\/strong><\/td>\n<td class=\"xl66\"><strong>pn16<\/strong><\/td>\n<td class=\"xl67\">1,044<\/td>\n<td class=\"xl68\">211<\/td>\n<td class=\"xl68\">100<\/td>\n<td class=\"xl68\">91<\/td>\n<\/tr>\n<tr>\n<td class=\"xl66\" height=\"19\"><strong>160\/63<\/strong><\/td>\n<td class=\"xl66\"><strong>pn16<\/strong><\/td>\n<td class=\"xl67\">1,125<\/td>\n<td class=\"xl68\">238<\/td>\n<td class=\"xl68\">122<\/td>\n<td class=\"xl68\">64<\/td>\n<\/tr>\n<tr>\n<td class=\"xl66\" height=\"19\"><strong>160\/90<\/strong><\/td>\n<td class=\"xl66\"><strong>pn16<\/strong><\/td>\n<td class=\"xl67\">1,160<\/td>\n<td class=\"xl68\">228<\/td>\n<td class=\"xl68\">111<\/td>\n<td class=\"xl68\">76<\/td>\n<\/tr>\n<tr>\n<td class=\"xl66\" height=\"19\"><strong>160\/110<\/strong><\/td>\n<td class=\"xl66\"><strong>pn16<\/strong><\/td>\n<td class=\"xl67\">1,324<\/td>\n<td class=\"xl68\">248<\/td>\n<td class=\"xl68\">121<\/td>\n<td class=\"xl68\">90<\/td>\n<\/tr>\n<tr>\n<td class=\"xl66\" height=\"19\"><strong>160\/125<\/strong><\/td>\n<td class=\"xl66\"><strong>pn16<\/strong><\/td>\n<td class=\"xl67\">1,404<\/td>\n<td class=\"xl68\">251<\/td>\n<td class=\"xl68\">122<\/td>\n<td class=\"xl68\">95<\/td>\n<\/tr>\n<tr>\n<td class=\"xl66\" height=\"19\"><strong>160\/140<\/strong><\/td>\n<td class=\"xl66\"><strong>pn16<\/strong><\/td>\n<td class=\"xl67\">1,379<\/td>\n<td class=\"xl68\">230<\/td>\n<td class=\"xl68\">120<\/td>\n<td class=\"xl68\">94<\/td>\n<\/tr>\n<tr>\n<td class=\"xl66\" height=\"19\"><strong>180\/110<\/strong><\/td>\n<td class=\"xl66\"><strong>pn16<\/strong><\/td>\n<td class=\"xl67\">1,607<\/td>\n<td class=\"xl68\">255<\/td>\n<td class=\"xl68\">110<\/td>\n<td class=\"xl68\">88<\/td>\n<\/tr>\n<tr>\n<td class=\"xl66\" height=\"19\"><strong>180\/125<\/strong><\/td>\n<td class=\"xl66\"><strong>pn16<\/strong><\/td>\n<td class=\"xl67\">1,767<\/td>\n<td class=\"xl68\">255<\/td>\n<td class=\"xl68\">112<\/td>\n<td class=\"xl68\">88<\/td>\n<\/tr>\n<tr>\n<td class=\"xl66\" height=\"19\"><strong>180\/140<\/strong><\/td>\n<td class=\"xl66\"><strong>pn16<\/strong><\/td>\n<td class=\"xl67\">1,789<\/td>\n<td class=\"xl68\">251<\/td>\n<td class=\"xl68\">111<\/td>\n<td class=\"xl68\">85<\/td>\n<\/tr>\n<tr>\n<td class=\"xl66\" height=\"19\"><strong>180\/160<\/strong><\/td>\n<td class=\"xl66\"><strong>pn16<\/strong><\/td>\n<td class=\"xl67\">2,122<\/td>\n<td class=\"xl68\">260<\/td>\n<td class=\"xl68\">113<\/td>\n<td class=\"xl68\">105<\/td>\n<\/tr>\n<tr>\n<td class=\"xl66\" height=\"19\"><strong>200\/90<\/strong><\/td>\n<td class=\"xl66\"><strong>pn16<\/strong><\/td>\n<td class=\"xl67\">1,945<\/td>\n<td class=\"xl68\">275<\/td>\n<td class=\"xl68\">130<\/td>\n<td class=\"xl68\">90<\/td>\n<\/tr>\n<tr>\n<td class=\"xl66\" height=\"19\"><strong>200\/110<\/strong><\/td>\n<td class=\"xl66\"><strong>pn16<\/strong><\/td>\n<td class=\"xl67\">2,272<\/td>\n<td class=\"xl68\">289<\/td>\n<td class=\"xl68\">131<\/td>\n<td class=\"xl68\">89<\/td>\n<\/tr>\n<tr>\n<td class=\"xl66\" height=\"19\"><strong>200\/125<\/strong><\/td>\n<td class=\"xl66\"><strong>pn16<\/strong><\/td>\n<td class=\"xl67\">2,275<\/td>\n<td class=\"xl68\">285<\/td>\n<td class=\"xl68\">132<\/td>\n<td class=\"xl68\">97<\/td>\n<\/tr>\n<tr>\n<td class=\"xl66\" height=\"19\"><strong>200\/140<\/strong><\/td>\n<td class=\"xl66\"><strong>pn16<\/strong><\/td>\n<td class=\"xl67\">2,217<\/td>\n<td class=\"xl68\">265<\/td>\n<td class=\"xl68\">132<\/td>\n<td class=\"xl68\">101<\/td>\n<\/tr>\n<tr>\n<td class=\"xl66\" height=\"19\"><strong>200\/160<\/strong><\/td>\n<td class=\"xl66\"><strong>pn16<\/strong><\/td>\n<td class=\"xl67\">2,515<\/td>\n<td class=\"xl68\">276<\/td>\n<td class=\"xl68\">134<\/td>\n<td class=\"xl68\">112<\/td>\n<\/tr>\n<tr>\n<td class=\"xl66\" height=\"19\"><strong>200\/180<\/strong><\/td>\n<td class=\"xl66\"><strong>pn16<\/strong><\/td>\n<td class=\"xl67\">2,697<\/td>\n<td class=\"xl68\">266<\/td>\n<td class=\"xl68\">135<\/td>\n<td class=\"xl68\">104<\/td>\n<\/tr>\n<tr>\n<td class=\"xl66\" height=\"19\"><strong>225\/90<\/strong><\/td>\n<td class=\"xl66\"><strong>pn16<\/strong><\/td>\n<td class=\"xl67\">2,415<\/td>\n<td class=\"xl68\">296<\/td>\n<td class=\"xl68\">139<\/td>\n<td class=\"xl68\">105<\/td>\n<\/tr>\n<tr>\n<td class=\"xl66\" height=\"19\"><strong>225\/110<\/strong><\/td>\n<td class=\"xl66\"><strong>pn16<\/strong><\/td>\n<td class=\"xl67\">2,772<\/td>\n<td class=\"xl68\">302<\/td>\n<td class=\"xl68\">134<\/td>\n<td class=\"xl68\">108<\/td>\n<\/tr>\n<tr>\n<td class=\"xl66\" height=\"19\"><strong>225\/125<\/strong><\/td>\n<td class=\"xl66\"><strong>pn16<\/strong><\/td>\n<td class=\"xl67\">2,968<\/td>\n<td class=\"xl68\">315<\/td>\n<td class=\"xl68\">136<\/td>\n<td class=\"xl68\">123<\/td>\n<\/tr>\n<tr>\n<td class=\"xl66\" height=\"19\"><strong>225\/140<\/strong><\/td>\n<td class=\"xl66\"><strong>pn16<\/strong><\/td>\n<td class=\"xl67\">2,968<\/td>\n<td class=\"xl68\">299<\/td>\n<td class=\"xl68\">138<\/td>\n<td class=\"xl68\">110<\/td>\n<\/tr>\n<tr>\n<td class=\"xl66\" height=\"19\"><strong>225\/160<\/strong><\/td>\n<td class=\"xl66\"><strong>pn16<\/strong><\/td>\n<td class=\"xl67\">3,339<\/td>\n<td class=\"xl68\">309<\/td>\n<td class=\"xl68\">137<\/td>\n<td class=\"xl68\">120<\/td>\n<\/tr>\n<tr>\n<td class=\"xl66\" height=\"19\"><strong>225\/180<\/strong><\/td>\n<td class=\"xl66\"><strong>pn16<\/strong><\/td>\n<td class=\"xl67\">3,486<\/td>\n<td class=\"xl68\">304<\/td>\n<td class=\"xl68\">138<\/td>\n<td class=\"xl68\">121<\/td>\n<\/tr>\n<tr>\n<td class=\"xl66\" height=\"19\"><strong>225\/200<\/strong><\/td>\n<td class=\"xl66\"><strong>pn16<\/strong><\/td>\n<td class=\"xl67\">3,633<\/td>\n<td class=\"xl68\">289<\/td>\n<td class=\"xl68\">138<\/td>\n<td class=\"xl68\">133<\/td>\n<\/tr>\n<tr>\n<td class=\"xl66\" height=\"19\"><strong>250\/160<\/strong><\/td>\n<td class=\"xl66\"><strong>pn16<\/strong><\/td>\n<td class=\"xl67\">3,774<\/td>\n<td class=\"xl68\">314<\/td>\n<td class=\"xl68\">130<\/td>\n<td class=\"xl68\">101<\/td>\n<\/tr>\n<tr>\n<td class=\"xl66\" height=\"19\"><strong>250\/180<\/strong><\/td>\n<td class=\"xl66\"><strong>pn16<\/strong><\/td>\n<td class=\"xl67\">3,914<\/td>\n<td class=\"xl68\">300<\/td>\n<td class=\"xl68\">130<\/td>\n<td class=\"xl68\">105<\/td>\n<\/tr>\n<tr>\n<td class=\"xl66\" height=\"19\"><strong>250\/200<\/strong><\/td>\n<td class=\"xl66\"><strong>pn16<\/strong><\/td>\n<td class=\"xl67\">3,891<\/td>\n<td class=\"xl68\">290<\/td>\n<td class=\"xl68\">130<\/td>\n<td class=\"xl68\">112<\/td>\n<\/tr>\n<tr>\n<td class=\"xl66\" height=\"19\"><strong>250\/225<\/strong><\/td>\n<td class=\"xl66\"><strong>pn16<\/strong><\/td>\n<td class=\"xl67\">4,167<\/td>\n<td class=\"xl68\">276<\/td>\n<td class=\"xl68\">131<\/td>\n<td class=\"xl68\">123<\/td>\n<\/tr>\n<tr>\n<td class=\"xl66\" height=\"19\"><strong>280\/160<\/strong><\/td>\n<td class=\"xl66\"><strong>pn16<\/strong><\/td>\n<td class=\"xl67\">5,099<\/td>\n<td class=\"xl68\">348<\/td>\n<td class=\"xl68\">141<\/td>\n<td class=\"xl68\">100<\/td>\n<\/tr>\n<tr>\n<td class=\"xl66\" height=\"19\"><strong>280\/200<\/strong><\/td>\n<td class=\"xl66\"><strong>pn16<\/strong><\/td>\n<td class=\"xl67\">5,263<\/td>\n<td class=\"xl68\">328<\/td>\n<td class=\"xl68\">141<\/td>\n<td class=\"xl68\">115<\/td>\n<\/tr>\n<tr>\n<td class=\"xl66\" height=\"19\"><strong>280\/225<\/strong><\/td>\n<td class=\"xl66\"><strong>pn16<\/strong><\/td>\n<td class=\"xl67\">5,303<\/td>\n<td class=\"xl68\">310<\/td>\n<td class=\"xl68\">141<\/td>\n<td class=\"xl68\">120<\/td>\n<\/tr>\n<tr>\n<td class=\"xl66\" height=\"19\"><strong>280\/250<\/strong><\/td>\n<td class=\"xl66\"><strong>pn16<\/strong><\/td>\n<td class=\"xl67\">5,410<\/td>\n<td class=\"xl68\">294<\/td>\n<td class=\"xl68\">142<\/td>\n<td class=\"xl68\">130<\/td>\n<\/tr>\n<tr>\n<td class=\"xl69\" rowspan=\"2\" height=\"38\"><strong>315\/160<\/strong><\/td>\n<td class=\"xl66\"><strong>pn16<\/strong><\/td>\n<td class=\"xl67\">4,507<\/td>\n<td class=\"xl71\" rowspan=\"2\">335,000<\/td>\n<td class=\"xl71\" rowspan=\"2\">157,000<\/td>\n<td class=\"xl71\" rowspan=\"2\">103,000<\/td>\n<\/tr>\n<tr>\n<td class=\"xl66\" height=\"19\"><strong>pn10<\/strong><\/td>\n<td class=\"xl67\">4,260<\/td>\n<\/tr>\n<tr>\n<td class=\"xl69\" rowspan=\"2\" height=\"38\"><strong>315\/200<\/strong><\/td>\n<td class=\"xl66\"><strong>pn16<\/strong><\/td>\n<td class=\"xl67\">4,516<\/td>\n<td class=\"xl71\" rowspan=\"2\">330,000<\/td>\n<td class=\"xl71\" rowspan=\"2\">157,000<\/td>\n<td class=\"xl71\" rowspan=\"2\">115,000<\/td>\n<\/tr>\n<tr>\n<td class=\"xl66\" height=\"19\"><strong>pn10<\/strong><\/td>\n<td class=\"xl67\">4,700<\/td>\n<\/tr>\n<tr>\n<td class=\"xl69\" rowspan=\"2\" height=\"38\"><strong>315\/225<\/strong><\/td>\n<td class=\"xl66\"><strong>pn16<\/strong><\/td>\n<td class=\"xl67\">4,700<\/td>\n<td class=\"xl71\" rowspan=\"2\">323,000<\/td>\n<td class=\"xl71\" rowspan=\"2\">157,000<\/td>\n<td class=\"xl71\" rowspan=\"2\">122,000<\/td>\n<\/tr>\n<tr>\n<td class=\"xl66\" height=\"19\"><strong>pn10<\/strong><\/td>\n<td class=\"xl67\">4,800<\/td>\n<\/tr>\n<tr>\n<td class=\"xl69\" rowspan=\"2\" height=\"38\"><strong>315\/250<\/strong><\/td>\n<td class=\"xl66\"><strong>pn16<\/strong><\/td>\n<td class=\"xl67\">4,757<\/td>\n<td class=\"xl71\" rowspan=\"2\">315,000<\/td>\n<td class=\"xl71\" rowspan=\"2\">156,000<\/td>\n<td class=\"xl71\" rowspan=\"2\">130,000<\/td>\n<\/tr>\n<tr>\n<td class=\"xl66\" height=\"19\"><strong>pn10<\/strong><\/td>\n<td class=\"xl67\">5,000<\/td>\n<\/tr>\n<tr>\n<td class=\"xl69\" rowspan=\"2\" height=\"38\"><strong>315\/280<\/strong><\/td>\n<td class=\"xl66\"><strong>pn16<\/strong><\/td>\n<td class=\"xl67\">5,000<\/td>\n<td class=\"xl71\" rowspan=\"2\">314,000<\/td>\n<td class=\"xl71\" rowspan=\"2\">159,000<\/td>\n<td class=\"xl71\" rowspan=\"2\">139,000<\/td>\n<\/tr>\n<tr>\n<td class=\"xl66\" height=\"19\"><strong>pn10<\/strong><\/td>\n<td class=\"xl67\">6,300<\/td>\n<\/tr>\n<tr>\n<td class=\"xl69\" rowspan=\"2\" height=\"38\"><strong>355\/200<\/strong><\/td>\n<td class=\"xl66\"><strong>pn16<\/strong><\/td>\n<td class=\"xl67\">8,400<\/td>\n<td class=\"xl71\" rowspan=\"2\">366,000<\/td>\n<td class=\"xl71\" rowspan=\"2\">155,000<\/td>\n<td class=\"xl71\" rowspan=\"2\">119,000<\/td>\n<\/tr>\n<tr>\n<td class=\"xl66\" height=\"19\"><strong>pn10<\/strong><\/td>\n<td class=\"xl67\">7,000<\/td>\n<\/tr>\n<tr>\n<td class=\"xl69\" rowspan=\"2\" height=\"38\"><strong>355\/250<\/strong><\/td>\n<td class=\"xl66\"><strong>pn16<\/strong><\/td>\n<td class=\"xl67\">8,900<\/td>\n<td class=\"xl71\" rowspan=\"2\">367,000<\/td>\n<td class=\"xl71\" rowspan=\"2\">155,000<\/td>\n<td class=\"xl71\" rowspan=\"2\">119,000<\/td>\n<\/tr>\n<tr>\n<td class=\"xl66\" height=\"19\"><strong>pn10<\/strong><\/td>\n<td class=\"xl67\">7,500<\/td>\n<\/tr>\n<tr>\n<td class=\"xl69\" rowspan=\"2\" height=\"38\"><strong>355\/280<\/strong><\/td>\n<td class=\"xl66\"><strong>pn16<\/strong><\/td>\n<td class=\"xl67\">9,230<\/td>\n<td class=\"xl71\" rowspan=\"2\">366,000<\/td>\n<td class=\"xl71\" rowspan=\"2\">155,000<\/td>\n<td class=\"xl71\" rowspan=\"2\">139,000<\/td>\n<\/tr>\n<tr>\n<td class=\"xl66\" height=\"19\"><strong>pn10<\/strong><\/td>\n<td class=\"xl67\">7,850<\/td>\n<\/tr>\n<tr>\n<td class=\"xl69\" rowspan=\"2\" height=\"38\"><strong>355\/315<\/strong><\/td>\n<td class=\"xl66\"><strong>pn16<\/strong><\/td>\n<td class=\"xl67\">14,000<\/td>\n<td class=\"xl71\" rowspan=\"2\">390,000<\/td>\n<td class=\"xl71\" rowspan=\"2\">164,000<\/td>\n<td class=\"xl71\" rowspan=\"2\">130,000<\/td>\n<\/tr>\n<tr>\n<td class=\"xl66\" height=\"19\"><strong>pn10<\/strong><\/td>\n<td class=\"xl67\">11,200<\/td>\n<\/tr>\n<tr>\n<td class=\"xl69\" rowspan=\"2\" height=\"38\"><strong>400\/200<\/strong><\/td>\n<td class=\"xl66\"><strong>pn16<\/strong><\/td>\n<td class=\"xl67\">9,800<\/td>\n<td class=\"xl71\" rowspan=\"2\">390,000<\/td>\n<td class=\"xl71\" rowspan=\"2\">142,000<\/td>\n<td class=\"xl71\" rowspan=\"2\">120,000<\/td>\n<\/tr>\n<tr>\n<td class=\"xl66\" height=\"19\"><strong>pn10<\/strong><\/td>\n<td class=\"xl67\">7,500<\/td>\n<\/tr>\n<tr>\n<td class=\"xl69\" rowspan=\"2\" height=\"38\"><strong>400\/250<\/strong><\/td>\n<td class=\"xl66\"><strong>pn16<\/strong><\/td>\n<td class=\"xl67\">10,700<\/td>\n<td class=\"xl71\" rowspan=\"2\">390,000<\/td>\n<td class=\"xl71\" rowspan=\"2\">144,000<\/td>\n<td class=\"xl71\" rowspan=\"2\">125,000<\/td>\n<\/tr>\n<tr>\n<td class=\"xl66\" height=\"19\"><strong>pn10<\/strong><\/td>\n<td class=\"xl67\">7,620<\/td>\n<\/tr>\n<tr>\n<td class=\"xl69\" rowspan=\"2\" height=\"38\"><strong>400\/280<\/strong><\/td>\n<td class=\"xl66\"><strong>pn16<\/strong><\/td>\n<td class=\"xl67\">11,250<\/td>\n<td class=\"xl71\" rowspan=\"2\">390,000<\/td>\n<td class=\"xl71\" rowspan=\"2\">145,000<\/td>\n<td class=\"xl71\" rowspan=\"2\">139,000<\/td>\n<\/tr>\n<tr>\n<td class=\"xl66\" height=\"19\"><strong>pn10<\/strong><\/td>\n<td class=\"xl67\">7,800<\/td>\n<\/tr>\n<tr>\n<td class=\"xl69\" rowspan=\"2\" height=\"38\"><strong>400\/315<\/strong><\/td>\n<td class=\"xl66\"><strong>pn16<\/strong><\/td>\n<td class=\"xl67\">12,360<\/td>\n<td class=\"xl71\" rowspan=\"2\">390,000<\/td>\n<td class=\"xl71\" rowspan=\"2\">145,000<\/td>\n<td class=\"xl71\" rowspan=\"2\">130,000<\/td>\n<\/tr>\n<tr>\n<td class=\"xl66\" height=\"19\"><strong>pn10<\/strong><\/td>\n<td class=\"xl67\">8,080<\/td>\n<\/tr>\n<\/tbody>\n<\/table>\n","protected":false},"excerpt":{"rendered":"<p>PE100 enjeksiyon red\u00fcksiyonlar, g\u00fcvenli kurulum ve s\u0131v\u0131 veya gaz transferinin anahtar\u0131d\u0131r. Farkl\u0131 \u00e7aplardaki PE100 veya PE80 borular\u0131n birle\u015ftirilmesine imk\u00e2n vererek sistemin ihtiyaca g\u00f6re b\u00fcy\u00fcy\u00fcp k\u00fc\u00e7\u00fclmesine olanak sa\u011flar. Spigot red\u00fcksiyonlar al\u0131n kayna\u011f\u0131 y\u00f6ntemi kullan\u0131larak veya ef man\u015fon ile farkl\u0131 \u00e7aplardaki borular\u0131n birbirine kaynamas\u0131na olanak sa\u011flar.<\/p>\n","protected":false},"featured_media":798,"comment_status":"open","ping_status":"closed","template":"","meta":[],"product_cat":[24],"product_tag":[],"class_list":{"0":"post-797","1":"product","2":"type-product","3":"status-publish","4":"has-post-thumbnail","6":"product_cat-enjeksiyon","8":"first","9":"instock","10":"shipping-taxable","11":"product-type-external"},"_links":{"self":[{"href":"https:\/\/www.zirve-yapi.com.tr\/zirve\/wp-json\/wp\/v2\/product\/797"}],"collection":[{"href":"https:\/\/www.zirve-yapi.com.tr\/zirve\/wp-json\/wp\/v2\/product"}],"about":[{"href":"https:\/\/www.zirve-yapi.com.tr\/zirve\/wp-json\/wp\/v2\/types\/product"}],"replies":[{"embeddable":true,"href":"https:\/\/www.zirve-yapi.com.tr\/zirve\/wp-json\/wp\/v2\/comments?post=797"}],"wp:featuredmedia":[{"embeddable":true,"href":"https:\/\/www.zirve-yapi.com.tr\/zirve\/wp-json\/wp\/v2\/media\/798"}],"wp:attachment":[{"href":"https:\/\/www.zirve-yapi.com.tr\/zirve\/wp-json\/wp\/v2\/media?parent=797"}],"wp:term":[{"taxonomy":"product_cat","embeddable":true,"href":"https:\/\/www.zirve-yapi.com.tr\/zirve\/wp-json\/wp\/v2\/product_cat?post=797"},{"taxonomy":"product_tag","embeddable":true,"href":"https:\/\/www.zirve-yapi.com.tr\/zirve\/wp-json\/wp\/v2\/product_tag?post=797"}],"curies":[{"name":"wp","href":"https:\/\/api.w.org\/{rel}","templated":true}]}}