{"id":804,"date":"2024-11-11T15:44:47","date_gmt":"2024-11-11T12:44:47","guid":{"rendered":"https:\/\/www.zirve-yapi.com.tr\/zirve\/?post_type=product&#038;p=804"},"modified":"2024-11-11T15:44:47","modified_gmt":"2024-11-11T12:44:47","slug":"pe100-konfeksiyon-istavroz-te","status":"publish","type":"product","link":"https:\/\/www.zirve-yapi.com.tr\/zirve\/urun\/pe100-konfeksiyon-istavroz-te\/","title":{"rendered":"PE100-Konfeksiyon \u0130stavroz Te"},"content":{"rendered":"<table class=\"table table-striped\" width=\"1133\">\n<tbody>\n<tr>\n<td width=\"163\"><strong>d mm<\/strong><\/td>\n<td width=\"163\"><strong>kg (pn10)<\/strong><\/td>\n<td width=\"163\"><strong>kg (pn16)<\/strong><\/td>\n<td width=\"163\"><strong>H mm<\/strong><\/td>\n<td width=\"163\"><strong>L mm<\/strong><\/td>\n<\/tr>\n<tr>\n<td><strong>90<\/strong><\/td>\n<td><\/td>\n<td><strong>1,20<\/strong><\/td>\n<td>80<\/td>\n<td>264<\/td>\n<\/tr>\n<tr>\n<td><strong>110<\/strong><\/td>\n<td><strong>1,30<\/strong><\/td>\n<td><strong>1,92<\/strong><\/td>\n<td>90<\/td>\n<td>280<\/td>\n<\/tr>\n<tr>\n<td><strong>125<\/strong><\/td>\n<td><strong>2,22<\/strong><\/td>\n<td><strong>2,51<\/strong><\/td>\n<td>90<\/td>\n<td>368<\/td>\n<\/tr>\n<tr>\n<td><strong>140<\/strong><\/td>\n<td><strong>2,58<\/strong><\/td>\n<td><strong>2,95<\/strong><\/td>\n<td>95<\/td>\n<td>390<\/td>\n<\/tr>\n<tr>\n<td><strong>160<\/strong><\/td>\n<td><strong>4,16<\/strong><\/td>\n<td><strong>6,14<\/strong><\/td>\n<td>103<\/td>\n<td>418<\/td>\n<\/tr>\n<tr>\n<td><strong>180<\/strong><\/td>\n<td><strong>5,48<\/strong><\/td>\n<td><strong>8,08<\/strong><\/td>\n<td>105<\/td>\n<td>580<\/td>\n<\/tr>\n<tr>\n<td><strong>200<\/strong><\/td>\n<td><strong>7,05<\/strong><\/td>\n<td><strong>10,40<\/strong><\/td>\n<td>115<\/td>\n<td>600<\/td>\n<\/tr>\n<tr>\n<td><strong>225<\/strong><\/td>\n<td><strong>9,47<\/strong><\/td>\n<td><strong>13,89<\/strong><\/td>\n<td>118<\/td>\n<td>625<\/td>\n<\/tr>\n<tr>\n<td><strong>250<\/strong><\/td>\n<td><strong>16,50<\/strong><\/td>\n<td><strong>24,30<\/strong><\/td>\n<td>200<\/td>\n<td>650<\/td>\n<\/tr>\n<tr>\n<td><strong>280<\/strong><\/td>\n<td><strong>21,40<\/strong><\/td>\n<td><strong>31,70<\/strong><\/td>\n<td>200<\/td>\n<td>680<\/td>\n<\/tr>\n<tr>\n<td><strong>315<\/strong><\/td>\n<td><strong>32,00<\/strong><\/td>\n<td><strong>47,00<\/strong><\/td>\n<td>300<\/td>\n<td>915<\/td>\n<\/tr>\n<tr>\n<td><strong>355<\/strong><\/td>\n<td><strong>42,50<\/strong><\/td>\n<td><strong>62,50<\/strong><\/td>\n<td>300<\/td>\n<td>955<\/td>\n<\/tr>\n<tr>\n<td><strong>400<\/strong><\/td>\n<td><strong>56,00<\/strong><\/td>\n<td><strong>83,00<\/strong><\/td>\n<td>300<\/td>\n<td>1000<\/td>\n<\/tr>\n<tr>\n<td><strong>450<\/strong><\/td>\n<td><strong>74,50<\/strong><\/td>\n<td><strong>110,00<\/strong><\/td>\n<td>300<\/td>\n<td>1050<\/td>\n<\/tr>\n<tr>\n<td><strong>500<\/strong><\/td>\n<td><strong>105,50<\/strong><\/td>\n<td><strong>155,00<\/strong><\/td>\n<td>300<\/td>\n<td>1100<\/td>\n<\/tr>\n<tr>\n<td><strong>560<\/strong><\/td>\n<td><strong>138,50<\/strong><\/td>\n<td><strong>204,00<\/strong><\/td>\n<td>350<\/td>\n<td>1260<\/td>\n<\/tr>\n<tr>\n<td><strong>630<\/strong><\/td>\n<td><strong>185,00<\/strong><\/td>\n<td><strong>272,00<\/strong><\/td>\n<td>350<\/td>\n<td>1330<\/td>\n<\/tr>\n<tr>\n<td><strong>710<\/strong><\/td>\n<td><\/td>\n<td><\/td>\n<td>400<\/td>\n<td>15010<\/td>\n<\/tr>\n<tr>\n<td><strong>800<\/strong><\/td>\n<td><\/td>\n<td><\/td>\n<td>400<\/td>\n<td>1600<\/td>\n<\/tr>\n<tr>\n<td><strong>900<\/strong><\/td>\n<td><\/td>\n<td><\/td>\n<td>500<\/td>\n<td>1900<\/td>\n<\/tr>\n<tr>\n<td><strong>1000<\/strong><\/td>\n<td><\/td>\n<td><\/td>\n<td>500<\/td>\n<td>2000<\/td>\n<\/tr>\n<tr>\n<td><strong>1200<\/strong><\/td>\n<td><\/td>\n<td><\/td>\n<td>500<\/td>\n<td>2200<\/td>\n<\/tr>\n<tr>\n<td><strong>1400<\/strong><\/td>\n<td><\/td>\n<td><\/td>\n<td>500<\/td>\n<td>2400<\/td>\n<\/tr>\n<tr>\n<td><strong>1600<\/strong><\/td>\n<td><\/td>\n<td><\/td>\n<td>500<\/td>\n<td>2600<\/td>\n<\/tr>\n<\/tbody>\n<\/table>\n","protected":false},"excerpt":{"rendered":"<div class=\"elementor-element elementor-element-8fcfb56 elementor-widget elementor-widget-text-editor\" data-id=\"8fcfb56\" data-element_type=\"widget\" data-widget_type=\"text-editor.default\">\n<div class=\"elementor-widget-container\">\n<div class=\"box\">\n<div class=\"title\">PE100-Konfeksiyon \u0130stavroz Te, boru par\u00e7alar\u0131n\u0131n belirli a\u00e7\u0131lar ile kesilip al\u0131n kayna\u011f\u0131 y\u00f6ntemi kullan\u0131larak birbirine kaynat\u0131lmas\u0131yla imal edilir. Ayn\u0131 \u00e7aptaki 4 adet PE100 boruyu birbirine ba\u011flamak i\u00e7in kullan\u0131l\u0131r.<\/div>\n<\/div>\n<\/div>\n<\/div>\n","protected":false},"featured_media":805,"comment_status":"open","ping_status":"closed","template":"","meta":[],"product_cat":[25],"product_tag":[],"class_list":{"0":"post-804","1":"product","2":"type-product","3":"status-publish","4":"has-post-thumbnail","6":"product_cat-konfeksiyon","8":"first","9":"instock","10":"shipping-taxable","11":"product-type-simple"},"_links":{"self":[{"href":"https:\/\/www.zirve-yapi.com.tr\/zirve\/wp-json\/wp\/v2\/product\/804"}],"collection":[{"href":"https:\/\/www.zirve-yapi.com.tr\/zirve\/wp-json\/wp\/v2\/product"}],"about":[{"href":"https:\/\/www.zirve-yapi.com.tr\/zirve\/wp-json\/wp\/v2\/types\/product"}],"replies":[{"embeddable":true,"href":"https:\/\/www.zirve-yapi.com.tr\/zirve\/wp-json\/wp\/v2\/comments?post=804"}],"wp:featuredmedia":[{"embeddable":true,"href":"https:\/\/www.zirve-yapi.com.tr\/zirve\/wp-json\/wp\/v2\/media\/805"}],"wp:attachment":[{"href":"https:\/\/www.zirve-yapi.com.tr\/zirve\/wp-json\/wp\/v2\/media?parent=804"}],"wp:term":[{"taxonomy":"product_cat","embeddable":true,"href":"https:\/\/www.zirve-yapi.com.tr\/zirve\/wp-json\/wp\/v2\/product_cat?post=804"},{"taxonomy":"product_tag","embeddable":true,"href":"https:\/\/www.zirve-yapi.com.tr\/zirve\/wp-json\/wp\/v2\/product_tag?post=804"}],"curies":[{"name":"wp","href":"https:\/\/api.w.org\/{rel}","templated":true}]}}