{"id":811,"date":"2024-11-11T15:47:43","date_gmt":"2024-11-11T12:47:43","guid":{"rendered":"https:\/\/www.zirve-yapi.com.tr\/zirve\/?post_type=product&#038;p=811"},"modified":"2024-11-11T15:47:43","modified_gmt":"2024-11-11T12:47:43","slug":"pe100-konfeksiyon-90-dirsek","status":"publish","type":"product","link":"https:\/\/www.zirve-yapi.com.tr\/zirve\/urun\/pe100-konfeksiyon-90-dirsek\/","title":{"rendered":"PE100-KONFEKS\u0130YON 90\u00b0 D\u0130RSEK"},"content":{"rendered":"<table class=\"table table-striped\" width=\"1143\">\n<tbody>\n<tr>\n<td width=\"125\"><strong>d mm<\/strong><\/td>\n<td width=\"125\"><strong>kg (pn10)<\/strong><\/td>\n<td width=\"125\"><strong>kg (pn16)<\/strong><\/td>\n<td width=\"125\"><strong>H mm<\/strong><\/td>\n<td width=\"125\"><strong>Z mm<\/strong><\/td>\n<td width=\"125\"><strong>R mm<\/strong><\/td>\n<\/tr>\n<tr>\n<td><strong>250<\/strong><\/td>\n<td><strong>10,00<\/strong><\/td>\n<td><strong>14,60<\/strong><\/td>\n<td>200<\/td>\n<td>508<\/td>\n<td>375<\/td>\n<\/tr>\n<tr>\n<td><strong>280<\/strong><\/td>\n<td><strong>12,80<\/strong><\/td>\n<td><strong>18,70<\/strong><\/td>\n<td>200<\/td>\n<td>545<\/td>\n<td>420<\/td>\n<\/tr>\n<tr>\n<td><strong>315<\/strong><\/td>\n<td><strong>16,80<\/strong><\/td>\n<td><strong>24,60<\/strong><\/td>\n<td>300<\/td>\n<td>688<\/td>\n<td>478<\/td>\n<\/tr>\n<tr>\n<td><strong>355<\/strong><\/td>\n<td><strong>21,90<\/strong><\/td>\n<td><strong>32,00<\/strong><\/td>\n<td>300<\/td>\n<td>737<\/td>\n<td>533<\/td>\n<\/tr>\n<tr>\n<td><strong>400<\/strong><\/td>\n<td><strong>35,00<\/strong><\/td>\n<td><strong>51,00<\/strong><\/td>\n<td>300<\/td>\n<td>792<\/td>\n<td>600<\/td>\n<\/tr>\n<tr>\n<td><strong>450<\/strong><\/td>\n<td><strong>52,00<\/strong><\/td>\n<td><strong>77,00<\/strong><\/td>\n<td>300<\/td>\n<td>854<\/td>\n<td>675<\/td>\n<\/tr>\n<tr>\n<td><strong>500<\/strong><\/td>\n<td><strong>66,00<\/strong><\/td>\n<td><strong>97,00<\/strong><\/td>\n<td>300<\/td>\n<td>916<\/td>\n<td>750<\/td>\n<\/tr>\n<tr>\n<td><strong>560<\/strong><\/td>\n<td><strong>85,00<\/strong><\/td>\n<td><strong>125,00<\/strong><\/td>\n<td>350<\/td>\n<td>1030<\/td>\n<td>840<\/td>\n<\/tr>\n<tr>\n<td><strong>630<\/strong><\/td>\n<td><strong>112,00<\/strong><\/td>\n<td><strong>164,00<\/strong><\/td>\n<td>350<\/td>\n<td>1120<\/td>\n<td>945<\/td>\n<\/tr>\n<tr>\n<td><strong>710<\/strong><\/td>\n<td><strong>147,00<\/strong><\/td>\n<td><strong>217,00<\/strong><\/td>\n<td>350<\/td>\n<td>1200<\/td>\n<td>1065<\/td>\n<\/tr>\n<tr>\n<td><strong>800<\/strong><\/td>\n<td><strong>196,00<\/strong><\/td>\n<td><\/td>\n<td>350<\/td>\n<td>1306<\/td>\n<td>1200<\/td>\n<\/tr>\n<tr>\n<td><strong>900<\/strong><\/td>\n<td><strong>310,00<\/strong><\/td>\n<td><\/td>\n<td>400<\/td>\n<td>1475<\/td>\n<td>1350<\/td>\n<\/tr>\n<tr>\n<td><strong>1000<\/strong><\/td>\n<td><strong>480,00<\/strong><\/td>\n<td><\/td>\n<td>400<\/td>\n<td>1595<\/td>\n<td>1500<\/td>\n<\/tr>\n<tr>\n<td><strong>1200<\/strong><\/td>\n<td><\/td>\n<td><\/td>\n<td>400<\/td>\n<td>1834<\/td>\n<td>1800<\/td>\n<\/tr>\n<\/tbody>\n<\/table>\n","protected":false},"excerpt":{"rendered":"<p>PE100- konfeksiyon dirsekler, boru par\u00e7alar\u0131n\u0131n belirli a\u00e7\u0131lar ile kesilip al\u0131n kayna\u011f\u0131 y\u00f6ntemi kullan\u0131larak birbirine kaynat\u0131lmas\u0131yla imal edilir. PE100 boruyu istenilen y\u00f6ne \u00e7evirmek i\u00e7in kullan\u0131l\u0131r.<\/p>\n","protected":false},"featured_media":812,"comment_status":"open","ping_status":"closed","template":"","meta":[],"product_cat":[25],"product_tag":[],"class_list":{"0":"post-811","1":"product","2":"type-product","3":"status-publish","4":"has-post-thumbnail","6":"product_cat-konfeksiyon","8":"first","9":"instock","10":"shipping-taxable","11":"product-type-external"},"_links":{"self":[{"href":"https:\/\/www.zirve-yapi.com.tr\/zirve\/wp-json\/wp\/v2\/product\/811"}],"collection":[{"href":"https:\/\/www.zirve-yapi.com.tr\/zirve\/wp-json\/wp\/v2\/product"}],"about":[{"href":"https:\/\/www.zirve-yapi.com.tr\/zirve\/wp-json\/wp\/v2\/types\/product"}],"replies":[{"embeddable":true,"href":"https:\/\/www.zirve-yapi.com.tr\/zirve\/wp-json\/wp\/v2\/comments?post=811"}],"wp:featuredmedia":[{"embeddable":true,"href":"https:\/\/www.zirve-yapi.com.tr\/zirve\/wp-json\/wp\/v2\/media\/812"}],"wp:attachment":[{"href":"https:\/\/www.zirve-yapi.com.tr\/zirve\/wp-json\/wp\/v2\/media?parent=811"}],"wp:term":[{"taxonomy":"product_cat","embeddable":true,"href":"https:\/\/www.zirve-yapi.com.tr\/zirve\/wp-json\/wp\/v2\/product_cat?post=811"},{"taxonomy":"product_tag","embeddable":true,"href":"https:\/\/www.zirve-yapi.com.tr\/zirve\/wp-json\/wp\/v2\/product_tag?post=811"}],"curies":[{"name":"wp","href":"https:\/\/api.w.org\/{rel}","templated":true}]}}