{"id":823,"date":"2024-11-11T15:54:58","date_gmt":"2024-11-11T12:54:58","guid":{"rendered":"https:\/\/www.zirve-yapi.com.tr\/zirve\/?post_type=product&#038;p=823"},"modified":"2024-11-11T15:54:58","modified_gmt":"2024-11-11T12:54:58","slug":"pe-100-disli-celik-gecis-adaptoru-disi","status":"publish","type":"product","link":"https:\/\/www.zirve-yapi.com.tr\/zirve\/urun\/pe-100-disli-celik-gecis-adaptoru-disi\/","title":{"rendered":"PE-100 D\u0130\u015eL\u0130 \u00c7EL\u0130K GE\u00c7\u0130\u015e ADAPT\u00d6R\u00dc (D\u0130\u015e\u0130)"},"content":{"rendered":"<table class=\"table table-striped\" border=\"0\" width=\"1160\" cellspacing=\"0\" cellpadding=\"0\">\n<tbody>\n<tr>\n<td><strong>D1<\/strong><\/td>\n<td><strong>D2<\/strong><\/td>\n<td><strong>bas\u0131n\u00e7 (bar) bas\u0131n\u00e7 (bar)<\/strong><\/td>\n<td><strong>kg<\/strong><\/td>\n<td><strong>L (mm)<\/strong><\/td>\n<td><strong>L1 (mm)<\/strong><\/td>\n<\/tr>\n<tr>\n<td>20<\/td>\n<td>1\/2\u2033<\/td>\n<td>pn16<\/td>\n<td>0,135<\/td>\n<td>106<\/td>\n<td>50<\/td>\n<\/tr>\n<tr>\n<td>25<\/td>\n<td>3\/4\u2033<\/td>\n<td>pn16<\/td>\n<td>0,270<\/td>\n<td>121<\/td>\n<td>60<\/td>\n<\/tr>\n<tr>\n<td>32<\/td>\n<td>1\u2033<\/td>\n<td>pn16<\/td>\n<td>0,320<\/td>\n<td>129<\/td>\n<td>65<\/td>\n<\/tr>\n<tr>\n<td>40<\/td>\n<td>1 1\/4\u2033<\/td>\n<td>pn16<\/td>\n<td>0,485<\/td>\n<td>143<\/td>\n<td>75<\/td>\n<\/tr>\n<tr>\n<td>50<\/td>\n<td>1 1\/2\u2033<\/td>\n<td>pn16<\/td>\n<td>0,790<\/td>\n<td>159<\/td>\n<td>80<\/td>\n<\/tr>\n<tr>\n<td>63<\/td>\n<td>2\u2033<\/td>\n<td>pn16<\/td>\n<td>1,045<\/td>\n<td>178<\/td>\n<td>85<\/td>\n<\/tr>\n<tr>\n<td>75<\/td>\n<td>2 1\/2\u2033<\/td>\n<td>pn16<\/td>\n<td>1,690<\/td>\n<td>195<\/td>\n<td>95<\/td>\n<\/tr>\n<tr>\n<td>90<\/td>\n<td>3\u2033<\/td>\n<td>pn16<\/td>\n<td>2,900<\/td>\n<td>221<\/td>\n<td>110<\/td>\n<\/tr>\n<tr>\n<td>110<\/td>\n<td>4\u2033<\/td>\n<td>pn16<\/td>\n<td>3,200<\/td>\n<td>234<\/td>\n<td>120<\/td>\n<\/tr>\n<\/tbody>\n<\/table>\n","protected":false},"excerpt":{"rendered":"<p>Di\u015fli \u00c7elik Ge\u00e7i\u015f Adapt\u00f6r\u00fc, gaz ve s\u0131v\u0131 boru hatlar\u0131nda s\u0131zd\u0131rmazl\u0131\u011f\u0131n anahtar\u0131 olan ek bir par\u00e7ad\u0131r. Di\u015fli \u00e7elik ge\u00e7i\u015fler ile HDPE borulardan di\u011fer boru cinslerine ve ak\u0131\u015f kontrol ara\u00e7lar\u0131na (vanalar, \u00e7ekvalfler, hidrantlar, vantuzlar vb gibi) di\u015fli olarak ge\u00e7i\u015f yap\u0131labilir. Di\u015fli ge\u00e7i\u015f par\u00e7alar\u0131 PE100 veya PE80 borulara al\u0131n kayna\u011f\u0131 veya elektrof\u00fczyon kaynak y\u00f6ntemi ile kaynat\u0131labilir.<\/p>\n","protected":false},"featured_media":824,"comment_status":"open","ping_status":"closed","template":"","meta":[],"product_cat":[26],"product_tag":[],"class_list":{"0":"post-823","1":"product","2":"type-product","3":"status-publish","4":"has-post-thumbnail","6":"product_cat-gecis-adaptorleri-ve-celik-flans","8":"first","9":"instock","10":"shipping-taxable","11":"product-type-external"},"_links":{"self":[{"href":"https:\/\/www.zirve-yapi.com.tr\/zirve\/wp-json\/wp\/v2\/product\/823"}],"collection":[{"href":"https:\/\/www.zirve-yapi.com.tr\/zirve\/wp-json\/wp\/v2\/product"}],"about":[{"href":"https:\/\/www.zirve-yapi.com.tr\/zirve\/wp-json\/wp\/v2\/types\/product"}],"replies":[{"embeddable":true,"href":"https:\/\/www.zirve-yapi.com.tr\/zirve\/wp-json\/wp\/v2\/comments?post=823"}],"wp:featuredmedia":[{"embeddable":true,"href":"https:\/\/www.zirve-yapi.com.tr\/zirve\/wp-json\/wp\/v2\/media\/824"}],"wp:attachment":[{"href":"https:\/\/www.zirve-yapi.com.tr\/zirve\/wp-json\/wp\/v2\/media?parent=823"}],"wp:term":[{"taxonomy":"product_cat","embeddable":true,"href":"https:\/\/www.zirve-yapi.com.tr\/zirve\/wp-json\/wp\/v2\/product_cat?post=823"},{"taxonomy":"product_tag","embeddable":true,"href":"https:\/\/www.zirve-yapi.com.tr\/zirve\/wp-json\/wp\/v2\/product_tag?post=823"}],"curies":[{"name":"wp","href":"https:\/\/api.w.org\/{rel}","templated":true}]}}