{"id":831,"date":"2024-11-11T15:59:04","date_gmt":"2024-11-11T12:59:04","guid":{"rendered":"https:\/\/www.zirve-yapi.com.tr\/zirve\/?post_type=product&#038;p=831"},"modified":"2024-11-11T15:59:04","modified_gmt":"2024-11-11T12:59:04","slug":"pe100-disli-pirinc-gecis-adaptoru-disi","status":"publish","type":"product","link":"https:\/\/www.zirve-yapi.com.tr\/zirve\/urun\/pe100-disli-pirinc-gecis-adaptoru-disi\/","title":{"rendered":"PE100-D\u0130\u015eL\u0130 P\u0130R\u0130N\u00c7 GE\u00c7\u0130\u015e ADAPT\u00d6R\u00dc (D\u0130\u015e\u0130)"},"content":{"rendered":"<table class=\"table table-striped\" border=\"0\" width=\"1115\" cellspacing=\"0\" cellpadding=\"0\">\n<tbody>\n<tr>\n<td><strong>D1<\/strong><\/td>\n<td><strong>D2<\/strong><\/td>\n<td><strong>bas\u0131n\u00e7 (bar) bas\u0131n\u00e7 (bar)<\/strong><\/td>\n<td><strong>kg<\/strong><\/td>\n<td><strong>L (mm)<\/strong><\/td>\n<td><strong>L1 (mm)<\/strong><\/td>\n<\/tr>\n<tr>\n<td>20<\/td>\n<td>1\/2\u2033<\/td>\n<td>pn16<\/td>\n<td>0,055<\/td>\n<td>70<\/td>\n<td>41<\/td>\n<\/tr>\n<tr>\n<td>25<\/td>\n<td>3\/4\u2033<\/td>\n<td>pn16<\/td>\n<td>0,075<\/td>\n<td>72<\/td>\n<td>41<\/td>\n<\/tr>\n<tr>\n<td>32<\/td>\n<td>1\u2033<\/td>\n<td>pn16<\/td>\n<td>0,166<\/td>\n<td>84<\/td>\n<td>44<\/td>\n<\/tr>\n<tr>\n<td>40<\/td>\n<td>1 1\/4\u2033<\/td>\n<td>pn16<\/td>\n<td>0,345<\/td>\n<td>98<\/td>\n<td>49<\/td>\n<\/tr>\n<tr>\n<td>50<\/td>\n<td>1 1\/2\u2033<\/td>\n<td>pn16<\/td>\n<td>0,395<\/td>\n<td>101<\/td>\n<td>55<\/td>\n<\/tr>\n<tr>\n<td>63<\/td>\n<td>2\u2033<\/td>\n<td>pn16<\/td>\n<td>0,574<\/td>\n<td>115<\/td>\n<td>63<\/td>\n<\/tr>\n<tr>\n<td>75<\/td>\n<td>2 1\/2\u2033<\/td>\n<td>pn16<\/td>\n<td>0,835<\/td>\n<td>129<\/td>\n<td>70<\/td>\n<\/tr>\n<tr>\n<td>90<\/td>\n<td>3\u2033<\/td>\n<td>pn16<\/td>\n<td>1,140<\/td>\n<td>144<\/td>\n<td>79<\/td>\n<\/tr>\n<tr>\n<td>110<\/td>\n<td>4\u2033<\/td>\n<td>pn16<\/td>\n<td>1,750<\/td>\n<td>147<\/td>\n<td>82<\/td>\n<\/tr>\n<tr>\n<td>125<\/td>\n<td>4\u2033<\/td>\n<td>pn16<\/td>\n<td>1,820<\/td>\n<td>153<\/td>\n<td>87<\/td>\n<\/tr>\n<\/tbody>\n<\/table>\n","protected":false},"excerpt":{"rendered":"<p>Di\u015fli Pirin\u00e7 Ge\u00e7i\u015f Adapt\u00f6r\u00fc, gaz ve s\u0131v\u0131 boru hatlar\u0131nda s\u0131zd\u0131rmazl\u0131\u011f\u0131n anahtar\u0131 olan ek bir par\u00e7ad\u0131r. Di\u015fli pirin\u00e7 ge\u00e7i\u015fler ile HDPE borulardan di\u011fer boru cinslerine ve ak\u0131\u015f kontrol ara\u00e7lar\u0131na (vanalar, \u00e7ekvalfler, hidrantlar, vantuzlar vb gibi) di\u015fli olarak ge\u00e7i\u015f yap\u0131labilir. Pirin\u00e7 Ge\u00e7i\u015fler korozyona kar\u015f\u0131 y\u00fcksek dirence sahiptir. Di\u015fli pirin\u00e7 ge\u00e7i\u015f par\u00e7alar\u0131 PE100 veya PE80 borulara\u00a0 al\u0131n kayna\u011f\u0131 veya elektrof\u00fczyon kaynak y\u00f6ntemi ile kaynat\u0131labilir.<\/p>\n","protected":false},"featured_media":832,"comment_status":"open","ping_status":"closed","template":"","meta":[],"product_cat":[26],"product_tag":[],"class_list":{"0":"post-831","1":"product","2":"type-product","3":"status-publish","4":"has-post-thumbnail","6":"product_cat-gecis-adaptorleri-ve-celik-flans","8":"first","9":"instock","10":"shipping-taxable","11":"product-type-external"},"_links":{"self":[{"href":"https:\/\/www.zirve-yapi.com.tr\/zirve\/wp-json\/wp\/v2\/product\/831"}],"collection":[{"href":"https:\/\/www.zirve-yapi.com.tr\/zirve\/wp-json\/wp\/v2\/product"}],"about":[{"href":"https:\/\/www.zirve-yapi.com.tr\/zirve\/wp-json\/wp\/v2\/types\/product"}],"replies":[{"embeddable":true,"href":"https:\/\/www.zirve-yapi.com.tr\/zirve\/wp-json\/wp\/v2\/comments?post=831"}],"wp:featuredmedia":[{"embeddable":true,"href":"https:\/\/www.zirve-yapi.com.tr\/zirve\/wp-json\/wp\/v2\/media\/832"}],"wp:attachment":[{"href":"https:\/\/www.zirve-yapi.com.tr\/zirve\/wp-json\/wp\/v2\/media?parent=831"}],"wp:term":[{"taxonomy":"product_cat","embeddable":true,"href":"https:\/\/www.zirve-yapi.com.tr\/zirve\/wp-json\/wp\/v2\/product_cat?post=831"},{"taxonomy":"product_tag","embeddable":true,"href":"https:\/\/www.zirve-yapi.com.tr\/zirve\/wp-json\/wp\/v2\/product_tag?post=831"}],"curies":[{"name":"wp","href":"https:\/\/api.w.org\/{rel}","templated":true}]}}