{"id":839,"date":"2024-11-11T16:02:40","date_gmt":"2024-11-11T13:02:40","guid":{"rendered":"https:\/\/www.zirve-yapi.com.tr\/zirve\/?post_type=product&#038;p=839"},"modified":"2024-11-11T16:02:41","modified_gmt":"2024-11-11T13:02:41","slug":"pe100-kaynakli-celik-gecis-adaptoru","status":"publish","type":"product","link":"https:\/\/www.zirve-yapi.com.tr\/zirve\/urun\/pe100-kaynakli-celik-gecis-adaptoru\/","title":{"rendered":"PE100-KAYNAKLI \u00c7EL\u0130K GE\u00c7\u0130\u015e ADAPT\u00d6R\u00dc"},"content":{"rendered":"<table class=\"table table-striped\" width=\"1136\">\n<tbody>\n<tr>\n<td width=\"48\"><strong>D1<\/strong><\/td>\n<td width=\"48\"><strong>D2<\/strong><\/td>\n<td width=\"98\"><strong>bas\u0131n\u00e7 (bar) bas\u0131n\u00e7 (bar)<\/strong><\/td>\n<td width=\"47\"><strong>kg<\/strong><\/td>\n<td width=\"51\"><strong>L (mm)<\/strong><\/td>\n<td width=\"58\"><strong>L1 (mm)<\/strong><\/td>\n<td width=\"58\"><strong>L2 (mm)<\/strong><\/td>\n<\/tr>\n<tr>\n<td><strong>20<\/strong><\/td>\n<td><strong>1\/2\u2033<\/strong><\/td>\n<td><strong>pn16<\/strong><\/td>\n<td>0,380<\/td>\n<td>286<\/td>\n<td>170<\/td>\n<td>70<\/td>\n<\/tr>\n<tr>\n<td><strong>25<\/strong><\/td>\n<td><strong>3\/4\u2033<\/strong><\/td>\n<td><strong>pn16<\/strong><\/td>\n<td>0,500<\/td>\n<td>296<\/td>\n<td>180<\/td>\n<td>70<\/td>\n<\/tr>\n<tr>\n<td><strong>32<\/strong><\/td>\n<td><strong>1\u2033<\/strong><\/td>\n<td><strong>pn16<\/strong><\/td>\n<td>0,640<\/td>\n<td>296<\/td>\n<td>180<\/td>\n<td>70<\/td>\n<\/tr>\n<tr>\n<td><strong>40<\/strong><\/td>\n<td><strong>1 1\/4\u2033<\/strong><\/td>\n<td><strong>pn16<\/strong><\/td>\n<td>0,960<\/td>\n<td>296<\/td>\n<td>180<\/td>\n<td>70<\/td>\n<\/tr>\n<tr>\n<td><strong>50<\/strong><\/td>\n<td><strong>1 1\/2\u2033<\/strong><\/td>\n<td><strong>pn16<\/strong><\/td>\n<td>1,220<\/td>\n<td>306<\/td>\n<td>180<\/td>\n<td>80<\/td>\n<\/tr>\n<tr>\n<td><strong>63<\/strong><\/td>\n<td><strong>2\u2033<\/strong><\/td>\n<td><strong>pn16<\/strong><\/td>\n<td>1,670<\/td>\n<td>345<\/td>\n<td>180<\/td>\n<td>110<\/td>\n<\/tr>\n<tr>\n<td><strong>75<\/strong><\/td>\n<td><strong>2 1\/2\u2033<\/strong><\/td>\n<td><strong>pn16<\/strong><\/td>\n<td>3,250<\/td>\n<td>355<\/td>\n<td>180<\/td>\n<td>110<\/td>\n<\/tr>\n<tr>\n<td><strong>90<\/strong><\/td>\n<td><strong>3\u2033<\/strong><\/td>\n<td><strong>pn16<\/strong><\/td>\n<td>4,160<\/td>\n<td>385<\/td>\n<td>200<\/td>\n<td>120<\/td>\n<\/tr>\n<tr>\n<td><strong>110<\/strong><\/td>\n<td><strong>4\u2033<\/strong><\/td>\n<td><strong>pn16<\/strong><\/td>\n<td>6,860<\/td>\n<td>445<\/td>\n<td>210<\/td>\n<td>150<\/td>\n<\/tr>\n<tr>\n<td><strong>125<\/strong><\/td>\n<td><strong>4\u2033<\/strong><\/td>\n<td><strong>pn16<\/strong><\/td>\n<td>7,250<\/td>\n<td>462<\/td>\n<td>210<\/td>\n<td>160<\/td>\n<\/tr>\n<tr>\n<td><strong>160<\/strong><\/td>\n<td><strong>6\u2033<\/strong><\/td>\n<td><strong>pn16<\/strong><\/td>\n<td>14,000<\/td>\n<td>522<\/td>\n<td>230<\/td>\n<td>180<\/td>\n<\/tr>\n<tr>\n<td><strong>180<\/strong><\/td>\n<td><strong>6\u2033<\/strong><\/td>\n<td><strong>pn16<\/strong><\/td>\n<td>18,000<\/td>\n<td>537<\/td>\n<td>230<\/td>\n<td>195<\/td>\n<\/tr>\n<tr>\n<td><strong>200<\/strong><\/td>\n<td><strong>8\u2033<\/strong><\/td>\n<td><strong>pn16<\/strong><\/td>\n<td>40,000<\/td>\n<td>610<\/td>\n<td>280<\/td>\n<td>200<\/td>\n<\/tr>\n<tr>\n<td><strong>225<\/strong><\/td>\n<td><strong>8\u2033<\/strong><\/td>\n<td><strong>pn16<\/strong><\/td>\n<td>42,900<\/td>\n<td>610<\/td>\n<td>280<\/td>\n<td>200<\/td>\n<\/tr>\n<tr>\n<td><strong>250<\/strong><\/td>\n<td><strong>8\u2033<\/strong><\/td>\n<td><strong>pn16<\/strong><\/td>\n<td>48,000<\/td>\n<td>620<\/td>\n<td>280<\/td>\n<td>200<\/td>\n<\/tr>\n<tr>\n<td><strong>250<\/strong><\/td>\n<td><strong>10\u2033<\/strong><\/td>\n<td><strong>pn16<\/strong><\/td>\n<td>48,000<\/td>\n<td>620<\/td>\n<td>280<\/td>\n<td>200<\/td>\n<\/tr>\n<tr>\n<td><strong>280<\/strong><\/td>\n<td><strong>10\u2033<\/strong><\/td>\n<td><strong>pn16<\/strong><\/td>\n<td>58,000<\/td>\n<td>650<\/td>\n<td>290<\/td>\n<td>220<\/td>\n<\/tr>\n<tr>\n<td><strong>315<\/strong><\/td>\n<td><strong>12\u2033<\/strong><\/td>\n<td><strong>pn16<\/strong><\/td>\n<td>65,000<\/td>\n<td>670<\/td>\n<td>300<\/td>\n<td>220<\/td>\n<\/tr>\n<\/tbody>\n<\/table>\n","protected":false},"excerpt":{"rendered":"<p>Kaynakl\u0131 \u00c7elik Ge\u00e7i\u015f Adapt\u00f6r\u00fc, gaz ve s\u0131v\u0131 boru hatlar\u0131nda s\u0131zd\u0131rmazl\u0131k a\u00e7\u0131s\u0131ndan \u00f6nemli bir par\u00e7ad\u0131r. Kaynakl\u0131 \u00e7elik ge\u00e7i\u015fler ile HDPE borulardan \u00e7elik borulara \u00e7e\u015fitli kaynak y\u00f6ntemleri ( elektrod, lazer, gaz alt\u0131 vb gibi.) ile ge\u00e7i\u015f yap\u0131labilir. Kaynakl\u0131 \u00e7elik ge\u00e7i\u015fler PE100 veya PE80 borulara al\u0131n kayna\u011f\u0131 veya elektrof\u00fczyon kaynak y\u00f6ntemi ile kaynat\u0131labilir.<\/p>\n","protected":false},"featured_media":840,"comment_status":"open","ping_status":"closed","template":"","meta":[],"product_cat":[26],"product_tag":[],"class_list":{"0":"post-839","1":"product","2":"type-product","3":"status-publish","4":"has-post-thumbnail","6":"product_cat-gecis-adaptorleri-ve-celik-flans","8":"first","9":"instock","10":"shipping-taxable","11":"product-type-external"},"_links":{"self":[{"href":"https:\/\/www.zirve-yapi.com.tr\/zirve\/wp-json\/wp\/v2\/product\/839"}],"collection":[{"href":"https:\/\/www.zirve-yapi.com.tr\/zirve\/wp-json\/wp\/v2\/product"}],"about":[{"href":"https:\/\/www.zirve-yapi.com.tr\/zirve\/wp-json\/wp\/v2\/types\/product"}],"replies":[{"embeddable":true,"href":"https:\/\/www.zirve-yapi.com.tr\/zirve\/wp-json\/wp\/v2\/comments?post=839"}],"wp:featuredmedia":[{"embeddable":true,"href":"https:\/\/www.zirve-yapi.com.tr\/zirve\/wp-json\/wp\/v2\/media\/840"}],"wp:attachment":[{"href":"https:\/\/www.zirve-yapi.com.tr\/zirve\/wp-json\/wp\/v2\/media?parent=839"}],"wp:term":[{"taxonomy":"product_cat","embeddable":true,"href":"https:\/\/www.zirve-yapi.com.tr\/zirve\/wp-json\/wp\/v2\/product_cat?post=839"},{"taxonomy":"product_tag","embeddable":true,"href":"https:\/\/www.zirve-yapi.com.tr\/zirve\/wp-json\/wp\/v2\/product_tag?post=839"}],"curies":[{"name":"wp","href":"https:\/\/api.w.org\/{rel}","templated":true}]}}