{"id":842,"date":"2024-11-11T16:04:52","date_gmt":"2024-11-11T13:04:52","guid":{"rendered":"https:\/\/www.zirve-yapi.com.tr\/zirve\/?post_type=product&#038;p=842"},"modified":"2024-11-11T16:04:52","modified_gmt":"2024-11-11T13:04:52","slug":"pe100-flans-adaptoru-icin-celik-flans","status":"publish","type":"product","link":"https:\/\/www.zirve-yapi.com.tr\/zirve\/urun\/pe100-flans-adaptoru-icin-celik-flans\/","title":{"rendered":"PE100 FLAN\u015e ADAPT\u00d6R\u00dc \u0130\u00c7\u0130N \u00c7EL\u0130K FLAN\u015e"},"content":{"rendered":"<table class=\"table table-striped\" width=\"1147\">\n<tbody>\n<tr>\n<td rowspan=\"2\" width=\"40\"><strong>DIN<\/strong><\/td>\n<td rowspan=\"2\" width=\"40\"><strong>d1<\/strong><\/td>\n<td rowspan=\"2\" width=\"40\"><strong>d2<\/strong><\/td>\n<td colspan=\"6\" width=\"216\"><strong>PN 6<\/strong><\/td>\n<td colspan=\"6\" width=\"216\"><strong>PN10<\/strong><\/td>\n<td colspan=\"6\" width=\"216\"><strong>PN 16<\/strong><\/td>\n<\/tr>\n<tr>\n<td><strong>k<\/strong><\/td>\n<td><strong>D<\/strong><\/td>\n<td><strong>z<\/strong><\/td>\n<td><strong>n<\/strong><\/td>\n<td><strong>b<\/strong><\/td>\n<td><\/td>\n<td><strong>k<\/strong><\/td>\n<td><strong>D<\/strong><\/td>\n<td><strong>z<\/strong><\/td>\n<td><strong>n<\/strong><\/td>\n<td><strong>b<\/strong><\/td>\n<td><\/td>\n<td><strong>k<\/strong><\/td>\n<td><strong>D<\/strong><\/td>\n<td><strong>z<\/strong><\/td>\n<td><strong>n<\/strong><\/td>\n<td><strong>b<\/strong><\/td>\n<td><\/td>\n<\/tr>\n<tr>\n<td><\/td>\n<td><strong>mm<\/strong><\/td>\n<td><strong>mm<\/strong><\/td>\n<td><strong>mm<\/strong><\/td>\n<td><strong>mm<\/strong><\/td>\n<td><strong>mm<\/strong><\/td>\n<td><\/td>\n<td><strong>mm<\/strong><\/td>\n<td><strong>kg<\/strong><\/td>\n<td><strong>mm<\/strong><\/td>\n<td><strong>mm<\/strong><\/td>\n<td><strong>mm<\/strong><\/td>\n<td><\/td>\n<td><strong>mm<\/strong><\/td>\n<td><strong>kg<\/strong><\/td>\n<td><strong>mm<\/strong><\/td>\n<td><strong>mm<\/strong><\/td>\n<td><strong>mm<\/strong><\/td>\n<td><\/td>\n<td><strong>mm<\/strong><\/td>\n<td><strong>kg<\/strong><\/td>\n<\/tr>\n<tr>\n<td>15<\/td>\n<td><strong>20<\/strong><\/td>\n<td>28<\/td>\n<td>55<\/td>\n<td>80<\/td>\n<td>11<\/td>\n<td>4<\/td>\n<td>12<\/td>\n<td>0,39<\/td>\n<td>65<\/td>\n<td>95<\/td>\n<td>14<\/td>\n<td>4<\/td>\n<td>14<\/td>\n<td>0,65<\/td>\n<td>65<\/td>\n<td>95<\/td>\n<td>14<\/td>\n<td>4<\/td>\n<td>14<\/td>\n<td>0,65<\/td>\n<\/tr>\n<tr>\n<td>20<\/td>\n<td><strong>25<\/strong><\/td>\n<td>34<\/td>\n<td>65<\/td>\n<td>90<\/td>\n<td>11<\/td>\n<td>4<\/td>\n<td>14<\/td>\n<td>0,59<\/td>\n<td>75<\/td>\n<td>105<\/td>\n<td>14<\/td>\n<td>4<\/td>\n<td>16<\/td>\n<td>0,95<\/td>\n<td>75<\/td>\n<td>105<\/td>\n<td>14<\/td>\n<td>4<\/td>\n<td>16<\/td>\n<td>0,95<\/td>\n<\/tr>\n<tr>\n<td>25<\/td>\n<td><strong>32<\/strong><\/td>\n<td>42<\/td>\n<td>75<\/td>\n<td>100<\/td>\n<td>11<\/td>\n<td>4<\/td>\n<td>14<\/td>\n<td>0,75<\/td>\n<td>85<\/td>\n<td>115<\/td>\n<td>14<\/td>\n<td>4<\/td>\n<td>16<\/td>\n<td>1,14<\/td>\n<td>85<\/td>\n<td>115<\/td>\n<td>14<\/td>\n<td>4<\/td>\n<td>16<\/td>\n<td>1,14<\/td>\n<\/tr>\n<tr>\n<td>32<\/td>\n<td><strong>40<\/strong><\/td>\n<td>51<\/td>\n<td>90<\/td>\n<td>120<\/td>\n<td>14<\/td>\n<td>4<\/td>\n<td>14<\/td>\n<td>1,05<\/td>\n<td>100<\/td>\n<td>140<\/td>\n<td>18<\/td>\n<td>4<\/td>\n<td>16<\/td>\n<td>1,69<\/td>\n<td>100<\/td>\n<td>140<\/td>\n<td>18<\/td>\n<td>4<\/td>\n<td>16<\/td>\n<td>1,69<\/td>\n<\/tr>\n<tr>\n<td>40<\/td>\n<td><strong>50<\/strong><\/td>\n<td>62<\/td>\n<td>100<\/td>\n<td>130<\/td>\n<td>14<\/td>\n<td>4<\/td>\n<td>14<\/td>\n<td>1,18<\/td>\n<td>110<\/td>\n<td>150<\/td>\n<td>18<\/td>\n<td>4<\/td>\n<td>16<\/td>\n<td>1,86<\/td>\n<td>110<\/td>\n<td>150<\/td>\n<td>18<\/td>\n<td>4<\/td>\n<td>16<\/td>\n<td>1,86<\/td>\n<\/tr>\n<tr>\n<td>50<\/td>\n<td><strong>63<\/strong><\/td>\n<td>78<\/td>\n<td>110<\/td>\n<td>140<\/td>\n<td>14<\/td>\n<td>4<\/td>\n<td>14<\/td>\n<td>1,34<\/td>\n<td>125<\/td>\n<td>165<\/td>\n<td>18<\/td>\n<td>4<\/td>\n<td>18<\/td>\n<td>2,53<\/td>\n<td>125<\/td>\n<td>165<\/td>\n<td>18<\/td>\n<td>4<\/td>\n<td>18<\/td>\n<td>2,53<\/td>\n<\/tr>\n<tr>\n<td>65<\/td>\n<td><strong>75<\/strong><\/td>\n<td>92<\/td>\n<td>130<\/td>\n<td>160<\/td>\n<td>14<\/td>\n<td>4<\/td>\n<td>14<\/td>\n<td>1,67<\/td>\n<td>145<\/td>\n<td>185<\/td>\n<td>18<\/td>\n<td>4<\/td>\n<td>18<\/td>\n<td>3,06<\/td>\n<td>145<\/td>\n<td>185<\/td>\n<td>18<\/td>\n<td>4<\/td>\n<td>18<\/td>\n<td>3,06<\/td>\n<\/tr>\n<tr>\n<td>80<\/td>\n<td><strong>90<\/strong><\/td>\n<td>108<\/td>\n<td>150<\/td>\n<td>190<\/td>\n<td>18<\/td>\n<td>4<\/td>\n<td>16<\/td>\n<td>2,71<\/td>\n<td>160<\/td>\n<td>200<\/td>\n<td>18<\/td>\n<td>8<\/td>\n<td>20<\/td>\n<td>3,70<\/td>\n<td>160<\/td>\n<td>200<\/td>\n<td>18<\/td>\n<td>8<\/td>\n<td>20<\/td>\n<td>3,73<\/td>\n<\/tr>\n<tr>\n<td>100<\/td>\n<td><strong>110<\/strong><\/td>\n<td>128<\/td>\n<td>170<\/td>\n<td>210<\/td>\n<td>18<\/td>\n<td>4<\/td>\n<td>16<\/td>\n<td>3,24<\/td>\n<td>180<\/td>\n<td>220<\/td>\n<td>18<\/td>\n<td>8<\/td>\n<td>20<\/td>\n<td>4,62<\/td>\n<td>180<\/td>\n<td>220<\/td>\n<td>18<\/td>\n<td>8<\/td>\n<td>20<\/td>\n<td>4,63<\/td>\n<\/tr>\n<tr>\n<td>100<\/td>\n<td><strong>125<\/strong><\/td>\n<td>135<\/td>\n<td>170<\/td>\n<td>210<\/td>\n<td>18<\/td>\n<td>8<\/td>\n<td>16<\/td>\n<td>3,24<\/td>\n<td>180<\/td>\n<td>220<\/td>\n<td>18<\/td>\n<td>8<\/td>\n<td>20<\/td>\n<td>4,62<\/td>\n<td>180<\/td>\n<td>220<\/td>\n<td>18<\/td>\n<td>8<\/td>\n<td>20<\/td>\n<td>4,63<\/td>\n<\/tr>\n<tr>\n<td>125<\/td>\n<td><strong>140<\/strong><\/td>\n<td>158<\/td>\n<td>200<\/td>\n<td>240<\/td>\n<td>18<\/td>\n<td>8<\/td>\n<td>18<\/td>\n<td>4,49<\/td>\n<td>210<\/td>\n<td>250<\/td>\n<td>18<\/td>\n<td>8<\/td>\n<td>22<\/td>\n<td>6,30<\/td>\n<td>210<\/td>\n<td>250<\/td>\n<td>18<\/td>\n<td>8<\/td>\n<td>22<\/td>\n<td>6,30<\/td>\n<\/tr>\n<tr>\n<td>150<\/td>\n<td><strong>160<\/strong><\/td>\n<td>178<\/td>\n<td>225<\/td>\n<td>285<\/td>\n<td>18<\/td>\n<td>8<\/td>\n<td>18<\/td>\n<td>5,15<\/td>\n<td>240<\/td>\n<td>285<\/td>\n<td>23<\/td>\n<td>8<\/td>\n<td>22<\/td>\n<td>7,75<\/td>\n<td>240<\/td>\n<td>285<\/td>\n<td>23<\/td>\n<td>8<\/td>\n<td>22<\/td>\n<td>7,76<\/td>\n<\/tr>\n<tr>\n<td>150<\/td>\n<td><strong>180<\/strong><\/td>\n<td>188<\/td>\n<td>225<\/td>\n<td>265<\/td>\n<td>18<\/td>\n<td>8<\/td>\n<td>18<\/td>\n<td>5,15<\/td>\n<td>240<\/td>\n<td>285<\/td>\n<td>23<\/td>\n<td>8<\/td>\n<td>22<\/td>\n<td>7,75<\/td>\n<td>240<\/td>\n<td>285<\/td>\n<td>23<\/td>\n<td>8<\/td>\n<td>22<\/td>\n<td>7,76<\/td>\n<\/tr>\n<tr>\n<td>200<\/td>\n<td><strong>200<\/strong><\/td>\n<td>235<\/td>\n<td>255<\/td>\n<td>320<\/td>\n<td>18<\/td>\n<td>8<\/td>\n<td>20<\/td>\n<td>7,78<\/td>\n<td>295<\/td>\n<td>340<\/td>\n<td>23<\/td>\n<td>8<\/td>\n<td>24<\/td>\n<td>11,30<\/td>\n<td>295<\/td>\n<td>340<\/td>\n<td>23<\/td>\n<td>12<\/td>\n<td>24<\/td>\n<td>11,30<\/td>\n<\/tr>\n<tr>\n<td>200<\/td>\n<td><strong>225<\/strong><\/td>\n<td>238<\/td>\n<td>280<\/td>\n<td>320<\/td>\n<td>18<\/td>\n<td>12<\/td>\n<td>20<\/td>\n<td>7,78<\/td>\n<td>295<\/td>\n<td>340<\/td>\n<td>23<\/td>\n<td>8<\/td>\n<td>24<\/td>\n<td>11,30<\/td>\n<td>295<\/td>\n<td>340<\/td>\n<td>23<\/td>\n<td>12<\/td>\n<td>24<\/td>\n<td>11,30<\/td>\n<\/tr>\n<tr>\n<td>250<\/td>\n<td><strong>250<\/strong><\/td>\n<td>288<\/td>\n<td>335<\/td>\n<td>275<\/td>\n<td>18<\/td>\n<td>12<\/td>\n<td>22<\/td>\n<td>10,80<\/td>\n<td>350<\/td>\n<td>390<\/td>\n<td>23<\/td>\n<td>12<\/td>\n<td>26<\/td>\n<td>14,70<\/td>\n<td>355<\/td>\n<td>405<\/td>\n<td>27<\/td>\n<td>12<\/td>\n<td>26<\/td>\n<td>15,60<\/td>\n<\/tr>\n<tr>\n<td>250<\/td>\n<td><strong>280<\/strong><\/td>\n<td>294<\/td>\n<td>335<\/td>\n<td>375<\/td>\n<td>18<\/td>\n<td>12<\/td>\n<td>22<\/td>\n<td>10,80<\/td>\n<td>350<\/td>\n<td>395<\/td>\n<td>23<\/td>\n<td>12<\/td>\n<td>26<\/td>\n<td>14,70<\/td>\n<td>355<\/td>\n<td>405<\/td>\n<td>27<\/td>\n<td>12<\/td>\n<td>26<\/td>\n<td>15,60<\/td>\n<\/tr>\n<tr>\n<td>300<\/td>\n<td><strong>315<\/strong><\/td>\n<td>338<\/td>\n<td>395<\/td>\n<td>440<\/td>\n<td>22<\/td>\n<td>12<\/td>\n<td>22<\/td>\n<td>14,00<\/td>\n<td>400<\/td>\n<td>445<\/td>\n<td>23<\/td>\n<td>12<\/td>\n<td>26<\/td>\n<td>17,60<\/td>\n<td>410<\/td>\n<td>465<\/td>\n<td>27<\/td>\n<td>12<\/td>\n<td>28<\/td>\n<td>22,00<\/td>\n<\/tr>\n<tr>\n<td>350<\/td>\n<td><strong>355<\/strong><\/td>\n<td>376<\/td>\n<td>445<\/td>\n<td>490<\/td>\n<td>22<\/td>\n<td>12<\/td>\n<td>22<\/td>\n<td>16,10<\/td>\n<td>460<\/td>\n<td>505<\/td>\n<td>30<\/td>\n<td>16<\/td>\n<td>26<\/td>\n<td>21,40<\/td>\n<td>470<\/td>\n<td>520<\/td>\n<td>27<\/td>\n<td>16<\/td>\n<td>30<\/td>\n<td>28,70<\/td>\n<\/tr>\n<tr>\n<td>400<\/td>\n<td><strong>400<\/strong><\/td>\n<td>430<\/td>\n<td>495<\/td>\n<td>540<\/td>\n<td>22<\/td>\n<td>16<\/td>\n<td>22<\/td>\n<td>18,30<\/td>\n<td>515<\/td>\n<td>565<\/td>\n<td>30<\/td>\n<td>16<\/td>\n<td>26<\/td>\n<td>26,10<\/td>\n<td>525<\/td>\n<td>580<\/td>\n<td>30<\/td>\n<td>16<\/td>\n<td>32<\/td>\n<td>36,30<\/td>\n<\/tr>\n<tr>\n<td>450<\/td>\n<td><strong>450<\/strong><\/td>\n<td>517<\/td>\n<td>550<\/td>\n<td>645<\/td>\n<td>22<\/td>\n<td>20<\/td>\n<td>24<\/td>\n<td>24,60<\/td>\n<td>620<\/td>\n<td>670<\/td>\n<td>30<\/td>\n<td>20<\/td>\n<td>28<\/td>\n<td>34,70<\/td>\n<td>650<\/td>\n<td>715<\/td>\n<td>33<\/td>\n<td>20<\/td>\n<td>34<\/td>\n<td>59,30<\/td>\n<\/tr>\n<tr>\n<td>500<\/td>\n<td><strong>500<\/strong><\/td>\n<td>533<\/td>\n<td>600<\/td>\n<td>645<\/td>\n<td>22<\/td>\n<td>20<\/td>\n<td>24<\/td>\n<td>24,60<\/td>\n<td>620<\/td>\n<td>670<\/td>\n<td>30<\/td>\n<td>20<\/td>\n<td>28<\/td>\n<td>34,70<\/td>\n<td>650<\/td>\n<td>715<\/td>\n<td>33<\/td>\n<td>20<\/td>\n<td>34<\/td>\n<td>59,30<\/td>\n<\/tr>\n<tr>\n<td>600<\/td>\n<td><strong>560<\/strong><\/td>\n<td>618<\/td>\n<td>705<\/td>\n<td>755<\/td>\n<td>26<\/td>\n<td>20<\/td>\n<td>24<\/td>\n<td>31,50<\/td>\n<td>725<\/td>\n<td>780<\/td>\n<td>30<\/td>\n<td>20<\/td>\n<td>28<\/td>\n<td>42,20<\/td>\n<td>770<\/td>\n<td>840<\/td>\n<td>36<\/td>\n<td>20<\/td>\n<td>36<\/td>\n<td>73,40<\/td>\n<\/tr>\n<tr>\n<td>600<\/td>\n<td><strong>630<\/strong><\/td>\n<td>645<\/td>\n<td>705<\/td>\n<td>755<\/td>\n<td>26<\/td>\n<td>20<\/td>\n<td>24<\/td>\n<td>31,50<\/td>\n<td>725<\/td>\n<td>780<\/td>\n<td>30<\/td>\n<td>20<\/td>\n<td>28<\/td>\n<td>42,20<\/td>\n<td>770<\/td>\n<td>840<\/td>\n<td>36<\/td>\n<td>20<\/td>\n<td>36<\/td>\n<td>73,40<\/td>\n<\/tr>\n<tr>\n<td>700<\/td>\n<td><strong>710<\/strong><\/td>\n<td>740<\/td>\n<td>810<\/td>\n<td>860<\/td>\n<td>26<\/td>\n<td>24<\/td>\n<td>24<\/td>\n<td>37,40<\/td>\n<td>840<\/td>\n<td>895<\/td>\n<td>30<\/td>\n<td>24<\/td>\n<td>30<\/td>\n<td>58,70<\/td>\n<td>840<\/td>\n<td>910<\/td>\n<td>39<\/td>\n<td>24<\/td>\n<td>36<\/td>\n<td>75,00<\/td>\n<\/tr>\n<tr>\n<td>800<\/td>\n<td><strong>800<\/strong><\/td>\n<td>843<\/td>\n<td>920<\/td>\n<td>975<\/td>\n<td>30<\/td>\n<td>24<\/td>\n<td>24<\/td>\n<td>46,10<\/td>\n<td>950<\/td>\n<td>1015<\/td>\n<td>33<\/td>\n<td>24<\/td>\n<td>32<\/td>\n<td>80,00<\/td>\n<td>950<\/td>\n<td>1025<\/td>\n<td>39<\/td>\n<td>24<\/td>\n<td>38<\/td>\n<td>99,00<\/td>\n<\/tr>\n<tr>\n<td>900<\/td>\n<td><strong>900<\/strong><\/td>\n<td>947<\/td>\n<td>1020<\/td>\n<td>1075<\/td>\n<td>30<\/td>\n<td>24<\/td>\n<td>26<\/td>\n<td>57,60<\/td>\n<td>1050<\/td>\n<td>1115<\/td>\n<td>33<\/td>\n<td>28<\/td>\n<td>34<\/td>\n<td>65,60<\/td>\n<td>1050<\/td>\n<td>1125<\/td>\n<td>39<\/td>\n<td>28<\/td>\n<td>40<\/td>\n<td>119<\/td>\n<\/tr>\n<tr>\n<td>1000<\/td>\n<td><strong>1000<\/strong><\/td>\n<td>1050<\/td>\n<td>1120<\/td>\n<td>1175<\/td>\n<td>30<\/td>\n<td>28<\/td>\n<td>26<\/td>\n<td>61,90<\/td>\n<td>1160<\/td>\n<td>1230<\/td>\n<td>36<\/td>\n<td>28<\/td>\n<td>34<\/td>\n<td>114<\/td>\n<td>1170<\/td>\n<td>1255<\/td>\n<td>42<\/td>\n<td>28<\/td>\n<td>42<\/td>\n<td>159<\/td>\n<\/tr>\n<tr>\n<td>1200<\/td>\n<td><strong>1200<\/strong><\/td>\n<td>1260<\/td>\n<td>1340<\/td>\n<td>1405<\/td>\n<td>33<\/td>\n<td>32<\/td>\n<td>28<\/td>\n<td>100<\/td>\n<td>1380<\/td>\n<td>1455<\/td>\n<td>39<\/td>\n<td>32<\/td>\n<td>38<\/td>\n<td>182<\/td>\n<td>1390<\/td>\n<td>1485<\/td>\n<td>48<\/td>\n<td>32<\/td>\n<td>48<\/td>\n<td>243<\/td>\n<\/tr>\n<tr>\n<td>1400<\/td>\n<td><strong>1400<\/strong><\/td>\n<td>1436<\/td>\n<td>1560<\/td>\n<td>1630<\/td>\n<td>36<\/td>\n<td>36<\/td>\n<td>32<\/td>\n<td>149<\/td>\n<td>1590<\/td>\n<td>1675<\/td>\n<td>42<\/td>\n<td>36<\/td>\n<td>42<\/td>\n<td>248<\/td>\n<td>1590<\/td>\n<td>1685<\/td>\n<td>48<\/td>\n<td>36<\/td>\n<td>52<\/td>\n<td>323<\/td>\n<\/tr>\n<tr>\n<td>1600<\/td>\n<td><strong>1600<\/strong><\/td>\n<td>1640<\/td>\n<td>1760<\/td>\n<td>1830<\/td>\n<td>36<\/td>\n<td>40<\/td>\n<td>34<\/td>\n<td>180<\/td>\n<td>1890<\/td>\n<td>1915<\/td>\n<td>48<\/td>\n<td>40<\/td>\n<td>46<\/td>\n<td>347<\/td>\n<td>1820<\/td>\n<td>1930<\/td>\n<td>52<\/td>\n<td>40<\/td>\n<td>58<\/td>\n<\/tr>\n<\/tbody>\n<\/table>\n","protected":false},"excerpt":{"rendered":"<p>PE100 Flan\u015f adapt\u00f6rleri i\u00e7in imal edilen flan\u015flar, flan\u015f adapt\u00f6rleri \u00fczerine ge\u00e7irilip flan\u015fl\u0131 ba\u011flant\u0131larda kullan\u0131l\u0131r. \u00c7elik, \u00e7elik \u00fczerine pp kapl\u0131, paslanmaz \u00e7elik, ve kompozitten \u00fcretilebilir.<\/p>\n","protected":false},"featured_media":843,"comment_status":"open","ping_status":"closed","template":"","meta":[],"product_cat":[26],"product_tag":[],"class_list":{"0":"post-842","1":"product","2":"type-product","3":"status-publish","4":"has-post-thumbnail","6":"product_cat-gecis-adaptorleri-ve-celik-flans","8":"first","9":"instock","10":"shipping-taxable","11":"product-type-external"},"_links":{"self":[{"href":"https:\/\/www.zirve-yapi.com.tr\/zirve\/wp-json\/wp\/v2\/product\/842"}],"collection":[{"href":"https:\/\/www.zirve-yapi.com.tr\/zirve\/wp-json\/wp\/v2\/product"}],"about":[{"href":"https:\/\/www.zirve-yapi.com.tr\/zirve\/wp-json\/wp\/v2\/types\/product"}],"replies":[{"embeddable":true,"href":"https:\/\/www.zirve-yapi.com.tr\/zirve\/wp-json\/wp\/v2\/comments?post=842"}],"wp:featuredmedia":[{"embeddable":true,"href":"https:\/\/www.zirve-yapi.com.tr\/zirve\/wp-json\/wp\/v2\/media\/843"}],"wp:attachment":[{"href":"https:\/\/www.zirve-yapi.com.tr\/zirve\/wp-json\/wp\/v2\/media?parent=842"}],"wp:term":[{"taxonomy":"product_cat","embeddable":true,"href":"https:\/\/www.zirve-yapi.com.tr\/zirve\/wp-json\/wp\/v2\/product_cat?post=842"},{"taxonomy":"product_tag","embeddable":true,"href":"https:\/\/www.zirve-yapi.com.tr\/zirve\/wp-json\/wp\/v2\/product_tag?post=842"}],"curies":[{"name":"wp","href":"https:\/\/api.w.org\/{rel}","templated":true}]}}